{"id":969,"date":"2020-05-26T17:37:35","date_gmt":"2020-05-26T17:37:35","guid":{"rendered":"http:\/\/farrobinhas.cm-faro.pt\/?page_id=969"},"modified":"2024-05-02T09:07:01","modified_gmt":"2024-05-02T09:07:01","slug":"uma-aventura-em-casa","status":"publish","type":"page","link":"https:\/\/farrobinhas.cm-faro.pt\/index.php\/uma-aventura-em-casa\/","title":{"rendered":"Uma Aventura em Casa"},"content":{"rendered":"<div class=\"wpb-content-wrapper\"><p>[vc_section full_width=&#8221;stretch_row&#8221;][vc_row full_width=&#8221;stretch_row&#8221;][vc_column][vc_custom_heading text=&#8221;Uma Aventura em Casa&#8221; font_container=&#8221;tag:h1|text_align:center&#8221; google_fonts=&#8221;font_family:Boogaloo%3Aregular|font_style:400%20regular%3A400%3Anormal&#8221;][vc_column_text css=&#8221;&#8221;]<\/p>\n<p style=\"text-align: center;\"><strong>2020 &#8211; <em>Online<\/em><\/strong><\/p>\n<p>[\/vc_column_text][\/vc_column][\/vc_row][vc_row full_width=&#8221;stretch_row&#8221; el_id=&#8221;computer + mobile&#8221;][vc_column width=&#8221;1\/2&#8243; offset=&#8221;vc_hidden-md vc_hidden-sm&#8221;][vc_single_image image=&#8221;987&#8243; img_size=&#8221;large&#8221;][\/vc_column][vc_column width=&#8221;1\/2&#8243; offset=&#8221;vc_hidden-md vc_hidden-sm&#8221;][vc_column_text]<\/p>\n<p style=\"text-align: left;\">Os Farrobinhas festejam o 80.\u00ba anivers\u00e1rio da av\u00f3 com muita anima\u00e7\u00e3o e uma nova aventura avizinha-se quando a m\u00e3e atende um telefonema da escola: era a professora a informar que ficariam de quarentena. No novo mundo digital, ela explica aos Farrobinhas a import\u00e2ncia de ficarem em casa e de lavarem as m\u00e3os. Todos estavam tristes pois iriam sentir falta da escola e dos amigos mas sabiam que ficar em casa seria a melhor precau\u00e7\u00e3o. Os amigos resolvem ir ter com a av\u00f3 ao s\u00f3t\u00e3o antigo e Afonso descobre uma sala secreta onde encontram um tabuleiro m\u00e1gico. A av\u00f3 explica que se trata do \u201cOssonoba\u201d, um jogo com muita hist\u00f3ria e os Farrobinhas convidam-na para jogar com eles. Ap\u00f3s lan\u00e7arem os dados, viajam por um portal at\u00e9 um pulm\u00e3o humano. Com a ajuda da av\u00f3, tentam sair do labirinto e fugir de gl\u00f3bulos brancos mas perdem o primeiro desafio. No segundo enigma, devem encontrar o animal que o ser humano quase extinguiu. Pela floresta, os Farrobinhas avan\u00e7am na sua nova jornada \u00e0 procura do lince, no entanto n\u00e3o conseguem superar a prova pois encontram-no tarde demais. Os amigos regressam ao s\u00f3t\u00e3o muito aborrecidos mas a av\u00f3 diz-lhes que n\u00e3o devem desistir. Teriam agora de superar o \u00faltimo desafio no m\u00e1gico museu, onde encontram povos antigos, mouros, romanos e visigodos. O desafio consistia numa prova de gastronomia e Ana entende o enigma: deveriam juntar os ingredientes de cada civiliza\u00e7\u00e3o. Para al\u00e9m da receita de Ana, Eug\u00e9nio e Afonso n\u00e3o se esquecem da laranja e preparam um sumo para acompanhar. O j\u00fari declara os Farrobinhas campe\u00f5es pelas excelentes decis\u00f5es tomadas e o Guardi\u00e3o entrega-lhes uma chave secreta, que apenas podem usar uma vez. Os amigos decidem abrir a porta de entrada do museu, a escolha certa para que todos o possam visitar. O m\u00e1gico portal transporta os amigos para um s\u00edtio especial: a Alameda, onde felizes poder\u00e3o festejar o Dia da Crian\u00e7a.<\/p>\n<p style=\"text-align: left;\">Esta nova aventura aborda os comportamentos que devemos ter em tempos de pandemia e durante os quais os valores da amizade e entreajuda s\u00e3o ainda mais importantes. Alerta tamb\u00e9m, mais uma vez, para os valores de prote\u00e7\u00e3o da natureza, sem esquecer ainda o nosso patrim\u00f3nio arquitet\u00f3nico e cultural.<\/p>\n<p>[\/vc_column_text][vc_row_inner][vc_column_inner width=&#8221;1\/4&#8243;][vc_btn title=&#8221;IN\u00cdCIO&#8221; style=&#8221;outline-custom&#8221; outline_custom_color=&#8221;#000000&#8243; outline_custom_hover_background=&#8221;#000000&#8243; outline_custom_hover_text=&#8221;#ffffff&#8221; shape=&#8221;square&#8221; align=&#8221;center&#8221; button_block=&#8221;true&#8221; link=&#8221;url:https%3A%2F%2Ffarrobinhas.cm-faro.pt%2F|title:In%C3%ADcio||&#8221;][\/vc_column_inner][vc_column_inner width=&#8221;1\/4&#8243;][vc_btn title=&#8221;VER LIVRO&#8221; style=&#8221;outline-custom&#8221; outline_custom_color=&#8221;#000000&#8243; outline_custom_hover_background=&#8221;#000000&#8243; outline_custom_hover_text=&#8221;#ffffff&#8221; shape=&#8221;square&#8221; align=&#8221;center&#8221; button_block=&#8221;true&#8221; link=&#8221;url:https%3A%2F%2Ffarrobinhas.cm-faro.pt%2Fuma-aventura-em-casa%2F%23livro|||&#8221;][\/vc_column_inner][vc_column_inner width=&#8221;1\/2&#8243;][vc_btn title=&#8221;DESCARREGAR LIVRO&#8221; style=&#8221;outline-custom&#8221; outline_custom_color=&#8221;#000000&#8243; outline_custom_hover_background=&#8221;#000000&#8243; outline_custom_hover_text=&#8221;#ffffff&#8221; shape=&#8221;square&#8221; align=&#8221;center&#8221; button_block=&#8221;true&#8221; link=&#8221;url:https%3A%2F%2Ffarrobinhas.cm-faro.pt%2Fwp-content%2Fuploads%2F2020%2F06%2F09_UmaAventuraemCasa_DescarregarLivro.pdf|||&#8221;][\/vc_column_inner][\/vc_row_inner][\/vc_column][\/vc_row][vc_row full_width=&#8221;stretch_row&#8221; el_id=&#8221;pc&#8221;][vc_column width=&#8221;1\/2&#8243; offset=&#8221;vc_hidden-lg vc_hidden-sm vc_hidden-xs&#8221;][vc_single_image image=&#8221;987&#8243; img_size=&#8221;large&#8221;][\/vc_column][vc_column width=&#8221;1\/2&#8243; offset=&#8221;vc_hidden-lg vc_hidden-sm vc_hidden-xs&#8221;][vc_column_text css=&#8221;.vc_custom_1630317318012{margin-bottom: 0px !important;}&#8221;]Os Farrobinhas festejam o 80.\u00ba anivers\u00e1rio da av\u00f3 com muita anima\u00e7\u00e3o e uma nova aventura avizinha-se quando a m\u00e3e atende um telefonema da escola: era a professora a informar que ficariam de quarentena. No novo mundo digital, ela explica aos Farrobinhas a import\u00e2ncia de ficarem em casa e de lavarem as m\u00e3os. Todos estavam tristes pois iriam sentir falta da escola e dos amigos mas sabiam que ficar em casa seria a melhor precau\u00e7\u00e3o. Os amigos resolvem ir ter com a av\u00f3 ao s\u00f3t\u00e3o antigo e Afonso descobre uma sala secreta onde encontram um tabuleiro m\u00e1gico. A av\u00f3 explica que se trata do \u201cOssonoba\u201d, um jogo com muita hist\u00f3ria e os Farrobinhas convidam-na para jogar com eles. Ap\u00f3s lan\u00e7arem os dados, viajam por um portal at\u00e9 um pulm\u00e3o humano. Com a ajuda da av\u00f3, tentam sair do labirinto e fugir de gl\u00f3bulos brancos mas perdem o primeiro desafio. No segundo enigma, devem encontrar o animal que o ser humano quase extinguiu. Pela floresta, os Farrobinhas avan\u00e7am na sua nova jornada \u00e0 procura do lince, no entanto n\u00e3o conseguem superar a prova pois encontram-no tarde demais. Os amigos regressam ao s\u00f3t\u00e3o muito aborrecidos mas a av\u00f3[\/vc_column_text][\/vc_column][vc_column offset=&#8221;vc_hidden-lg vc_hidden-sm vc_hidden-xs&#8221;][vc_column_text css=&#8221;.vc_custom_1630317330346{margin-top: 0px !important;}&#8221;]diz-lhes que n\u00e3o devem desistir. Teriam agora de superar o \u00faltimo desafio no m\u00e1gico museu, onde encontram povos antigos, mouros, romanos e visigodos. O desafio consistia numa prova de gastronomia e Ana entende o enigma: deveriam juntar os ingredientes de cada civiliza\u00e7\u00e3o. Para al\u00e9m da receita de Ana, Eug\u00e9nio e Afonso n\u00e3o se esquecem da laranja e preparam um sumo para acompanhar. O j\u00fari declara os Farrobinhas campe\u00f5es pelas excelentes decis\u00f5es tomadas e o Guardi\u00e3o entrega-lhes uma chave secreta, que apenas podem usar uma vez. Os amigos decidem abrir a porta de entrada do museu, a escolha certa para que todos o possam visitar. O m\u00e1gico portal transporta os amigos para um s\u00edtio especial: a Alameda, onde felizes poder\u00e3o festejar o Dia da Crian\u00e7a.<\/p>\n<p>Esta nova aventura aborda os comportamentos que devemos ter em tempos de pandemia e durante os quais os valores da amizade e entreajuda s\u00e3o ainda mais importantes. Alerta tamb\u00e9m, mais uma vez, para os valores de prote\u00e7\u00e3o da natureza, sem esquecer ainda o nosso patrim\u00f3nio arquitet\u00f3nico e cultural.[\/vc_column_text][vc_row_inner][vc_column_inner width=&#8221;1\/4&#8243;][vc_btn title=&#8221;IN\u00cdCIO&#8221; style=&#8221;outline-custom&#8221; outline_custom_color=&#8221;#000000&#8243; outline_custom_hover_background=&#8221;#000000&#8243; outline_custom_hover_text=&#8221;#ffffff&#8221; shape=&#8221;square&#8221; align=&#8221;center&#8221; button_block=&#8221;true&#8221; link=&#8221;url:https%3A%2F%2Ffarrobinhas.cm-faro.pt%2F|title:In%C3%ADcio||&#8221;][\/vc_column_inner][vc_column_inner width=&#8221;1\/4&#8243;][vc_btn title=&#8221;VER LIVRO&#8221; style=&#8221;outline-custom&#8221; outline_custom_color=&#8221;#000000&#8243; outline_custom_hover_background=&#8221;#000000&#8243; outline_custom_hover_text=&#8221;#ffffff&#8221; shape=&#8221;square&#8221; align=&#8221;center&#8221; button_block=&#8221;true&#8221; link=&#8221;url:https%3A%2F%2Ffarrobinhas.cm-faro.pt%2Fuma-aventura-em-casa%2F%23livro|||&#8221;][\/vc_column_inner][vc_column_inner width=&#8221;1\/2&#8243;][vc_btn title=&#8221;DESCARREGAR LIVRO&#8221; style=&#8221;outline-custom&#8221; outline_custom_color=&#8221;#000000&#8243; outline_custom_hover_background=&#8221;#000000&#8243; outline_custom_hover_text=&#8221;#ffffff&#8221; shape=&#8221;square&#8221; align=&#8221;center&#8221; button_block=&#8221;true&#8221; link=&#8221;url:https%3A%2F%2Ffarrobinhas.cm-faro.pt%2Fwp-content%2Fuploads%2F2020%2F06%2F09_UmaAventuraemCasa_DescarregarLivro.pdf|||&#8221;][\/vc_column_inner][\/vc_row_inner][\/vc_column][\/vc_row][vc_row full_width=&#8221;stretch_row&#8221; el_id=&#8221;tablet&#8221;][vc_column offset=&#8221;vc_hidden-lg vc_hidden-md vc_hidden-xs&#8221;][vc_row_inner][vc_column_inner width=&#8221;1\/6&#8243;][\/vc_column_inner][vc_column_inner width=&#8221;4\/6&#8243;][vc_single_image image=&#8221;987&#8243; img_size=&#8221;large&#8221;][\/vc_column_inner][vc_column_inner width=&#8221;1\/6&#8243;][\/vc_column_inner][\/vc_row_inner][vc_column_text]<\/p>\n<p style=\"text-align: left;\">Os Farrobinhas festejam o 80.\u00ba anivers\u00e1rio da av\u00f3 com muita anima\u00e7\u00e3o e uma nova aventura avizinha-se quando a m\u00e3e atende um telefonema da escola: era a professora a informar que ficariam de quarentena. No novo mundo digital, ela explica aos Farrobinhas a import\u00e2ncia de ficarem em casa e de lavarem as m\u00e3os. Todos estavam tristes pois iriam sentir falta da escola e dos amigos mas sabiam que ficar em casa seria a melhor precau\u00e7\u00e3o. Os amigos resolvem ir ter com a av\u00f3 ao s\u00f3t\u00e3o antigo e Afonso descobre uma sala secreta onde encontram um tabuleiro m\u00e1gico. A av\u00f3 explica que se trata do \u201cOssonoba\u201d, um jogo com muita hist\u00f3ria e os Farrobinhas convidam-na para jogar com eles. Ap\u00f3s lan\u00e7arem os dados, viajam por um portal at\u00e9 um pulm\u00e3o humano. Com a ajuda da av\u00f3, tentam sair do labirinto e fugir de gl\u00f3bulos brancos mas perdem o primeiro desafio. No segundo enigma, devem encontrar o animal que o ser humano quase extinguiu. Pela floresta, os Farrobinhas avan\u00e7am na sua nova jornada \u00e0 procura do lince, no entanto n\u00e3o conseguem superar a prova pois encontram-no tarde demais. Os amigos regressam ao s\u00f3t\u00e3o muito aborrecidos mas a av\u00f3 diz-lhes que n\u00e3o devem desistir. Teriam agora de superar o \u00faltimo desafio no m\u00e1gico museu, onde encontram povos antigos, mouros, romanos e visigodos. O desafio consistia numa prova de gastronomia e Ana entende o enigma: deveriam juntar os ingredientes de cada civiliza\u00e7\u00e3o. Para al\u00e9m da receita de Ana, Eug\u00e9nio e Afonso n\u00e3o se esquecem da laranja e preparam um sumo para acompanhar. O j\u00fari declara os Farrobinhas campe\u00f5es pelas excelentes decis\u00f5es tomadas e o Guardi\u00e3o entrega-lhes uma chave secreta, que apenas podem usar uma vez. Os amigos decidem abrir a porta de entrada do museu, a escolha certa para que todos o possam visitar. O m\u00e1gico portal transporta os amigos para um s\u00edtio especial: a Alameda, onde felizes poder\u00e3o festejar o Dia da Crian\u00e7a.<\/p>\n<p style=\"text-align: left;\">Esta nova aventura aborda os comportamentos que devemos ter em tempos de pandemia e durante os quais os valores da amizade e entreajuda s\u00e3o ainda mais importantes. Alerta tamb\u00e9m, mais uma vez, para os valores de prote\u00e7\u00e3o da natureza, sem esquecer ainda o nosso patrim\u00f3nio arquitet\u00f3nico e cultural.<\/p>\n<p>[\/vc_column_text][vc_row_inner][vc_column_inner width=&#8221;1\/4&#8243;][vc_btn title=&#8221;IN\u00cdCIO&#8221; style=&#8221;outline-custom&#8221; outline_custom_color=&#8221;#000000&#8243; outline_custom_hover_background=&#8221;#000000&#8243; outline_custom_hover_text=&#8221;#ffffff&#8221; shape=&#8221;square&#8221; align=&#8221;center&#8221; button_block=&#8221;true&#8221; link=&#8221;url:https%3A%2F%2Ffarrobinhas.cm-faro.pt%2F|title:In%C3%ADcio||&#8221;][\/vc_column_inner][vc_column_inner width=&#8221;1\/4&#8243;][vc_btn title=&#8221;VER LIVRO&#8221; style=&#8221;outline-custom&#8221; outline_custom_color=&#8221;#000000&#8243; outline_custom_hover_background=&#8221;#000000&#8243; outline_custom_hover_text=&#8221;#ffffff&#8221; shape=&#8221;square&#8221; align=&#8221;center&#8221; button_block=&#8221;true&#8221; link=&#8221;url:https%3A%2F%2Ffarrobinhas.cm-faro.pt%2Fuma-aventura-em-casa%2F%23livro|||&#8221;][\/vc_column_inner][vc_column_inner width=&#8221;1\/2&#8243;][vc_btn title=&#8221;DESCARREGAR LIVRO&#8221; style=&#8221;outline-custom&#8221; outline_custom_color=&#8221;#000000&#8243; outline_custom_hover_background=&#8221;#000000&#8243; outline_custom_hover_text=&#8221;#ffffff&#8221; shape=&#8221;square&#8221; align=&#8221;center&#8221; button_block=&#8221;true&#8221; link=&#8221;url:https%3A%2F%2Ffarrobinhas.cm-faro.pt%2Fwp-content%2Fuploads%2F2020%2F06%2F09_UmaAventuraemCasa_DescarregarLivro.pdf|||&#8221;][\/vc_column_inner][\/vc_row_inner][\/vc_column][\/vc_row][vc_row full_width=&#8221;stretch_row&#8221;][vc_column][vc_empty_space height=&#8221;20px&#8221;][\/vc_column][\/vc_row][\/vc_section][vc_section el_id=&#8221;livro&#8221;][vc_row full_width=&#8221;stretch_row&#8221;][vc_column][vc_empty_space height=&#8221;40px&#8221;][vc_column_text]<div class=\"_df_book df-lite\" id=\"df_977\"  _slug=\"uma-aventura-em-casa\" data-title=\"uma-aventura-em-casa\" wpoptions=\"true\" thumbtype=\"\" ><\/div><script class=\"df-shortcode-script\" nowprocket type=\"application\/javascript\">window.option_df_977 = {\"outline\":[],\"backgroundColor\":\"#ffffff\",\"hard\":\"cover\",\"autoEnableOutline\":\"false\",\"autoEnableThumbnail\":\"false\",\"overwritePDFOutline\":\"false\",\"enableDownload\":\"false\",\"direction\":\"1\",\"pageSize\":\"0\",\"pageMode\":\"1\",\"controlsPosition\":\"hide\",\"soundEnable\":\"false\",\"autoPlay\":\"false\",\"autoPlayStart\":\"false\",\"source\":\"https:\\\/\\\/farrobinhas.cm-faro.pt\\\/wp-content\\\/uploads\\\/2020\\\/06\\\/09_UmaAventuraemCasa_VerLivro.pdf\",\"wpOptions\":\"true\"}; if(window.DFLIP && window.DFLIP.parseBooks){window.DFLIP.parseBooks();}<\/script>[\/vc_column_text][\/vc_column][\/vc_row][\/vc_section][vc_section full_width=&#8221;stretch_row&#8221; disable_element=&#8221;yes&#8221; el_id=&#8221;aventuras&#8221;][vc_row][vc_column][vc_empty_space height=&#8221;40px&#8221;][vc_custom_heading text=&#8221;As Aventuras&#8221; font_container=&#8221;tag:h1|text_align:center&#8221; google_fonts=&#8221;font_family:Boogaloo%3Aregular|font_style:400%20regular%3A400%3Anormal&#8221;][\/vc_column][\/vc_row][vc_row][vc_column][vc_column_text][evc_image_gallery type=&#8221;carousel&#8221; image_behavior=&#8221;overlay&#8221; number_of_visible_items=&#8221;5&#8243; carousel_autoplay=&#8221;no&#8221; image_size=&#8221;large&#8221; custom_links=&#8221;https:\/\/farrobinhas.cm-faro.pt\/uma-aventura-de-natal\/, https:\/\/farrobinhas.cm-faro.pt\/uma-grande-caofusao\/, https:\/\/farrobinhas.cm-faro.pt\/os-segredos-da-aldeia-de-estoi\/, https:\/\/farrobinhas.cm-faro.pt\/o-enigma-do-gnomo\/, https:\/\/farrobinhas.cm-faro.pt\/a-descoberta-da-agua\/, https:\/\/farrobinhas.cm-faro.pt\/era-uma-vez-a-origem\/, https:\/\/farrobinhas.cm-faro.pt\/a-grande-missao\/, https:\/\/farrobinhas.cm-faro.pt\/campeoes-intergalaticos\/, https:\/\/farrobinhas.cm-faro.pt\/uma-aventura-em-casa\/, https:\/\/farrobinhas.cm-faro.pt\/perdidos-no-oeste\/, https:\/\/farrobinhas.cm-faro.pt\/desafio-virtual\/, https:\/\/farrobinhas.cm-faro.pt\/um-presente-especial\/, https:\/\/farrobinhas.cm-faro.pt\/ciclo-das-cascas\/, https:\/\/farrobinhas.cm-faro.pt\/zooniverso\/, https:\/\/farrobinhas.cm-faro.pt\/o-talisma-misterioso\/, https:\/\/farrobinhas.cm-faro.pt\/operacao-resgate-do-pai-natal&#8221; images=&#8221;925,926,927,928,929,930,931,932,987,1159,1372,1389,1459,1573,1640,1747&#8243;][vc_empty_space height=&#8221;30px&#8221;][\/vc_column_text][\/vc_column][\/vc_row][\/vc_section]<\/p>\n<\/div>","protected":false},"excerpt":{"rendered":"<p>[vc_section full_width=&#8221;stretch_row&#8221;][vc_row full_width=&#8221;stretch_row&#8221;][vc_column][vc_custom_heading text=&#8221;Uma Aventura em Casa&#8221; font_container=&#8221;tag:h1|text_align:center&#8221; google_fonts=&#8221;font_family:Boogaloo%3Aregular|font_style:400%20regular%3A400%3Anormal&#8221;][vc_column_text css=&#8221;&#8221;] 2020 &#8211; Online [\/vc_column_text][\/vc_column][\/vc_row][vc_row full_width=&#8221;stretch_row&#8221; el_id=&#8221;computer + mobile&#8221;][vc_column width=&#8221;1\/2&#8243; offset=&#8221;vc_hidden-md vc_hidden-sm&#8221;][vc_single_image image=&#8221;987&#8243; img_size=&#8221;large&#8221;][\/vc_column][vc_column width=&#8221;1\/2&#8243; offset=&#8221;vc_hidden-md vc_hidden-sm&#8221;][vc_column_text] Os Farrobinhas festejam o 80.\u00ba anivers\u00e1rio da av\u00f3 com muita anima\u00e7\u00e3o e uma nova aventura avizinha-se quando a m\u00e3e atende um telefonema da escola: era a professora a informar que ficariam de quarentena. No novo mundo digital, ela explica aos Farrobinhas a import\u00e2ncia de ficarem em casa e de lavarem as m\u00e3os. Todos estavam tristes pois iriam sentir falta da escola e dos amigos mas sabiam que ficar em casa seria a melhor precau\u00e7\u00e3o. Os amigos resolvem ir ter com a av\u00f3 ao s\u00f3t\u00e3o antigo e Afonso descobre uma sala secreta onde encontram um tabuleiro m\u00e1gico. A av\u00f3 explica que se trata do \u201cOssonoba\u201d, um jogo com muita hist\u00f3ria e os Farrobinhas convidam-na para jogar com eles. Ap\u00f3s lan\u00e7arem os dados, viajam por um portal at\u00e9 um pulm\u00e3o humano. Com a ajuda da av\u00f3, tentam sair do labirinto e fugir de gl\u00f3bulos brancos mas perdem o primeiro desafio. No segundo enigma, devem encontrar o animal que o ser humano quase extinguiu. Pela floresta, os Farrobinhas avan\u00e7am na sua nova jornada \u00e0 procura do lince,&#8230;<\/p>\n","protected":false},"author":1,"featured_media":0,"parent":0,"menu_order":0,"comment_status":"closed","ping_status":"closed","template":"","meta":{"footnotes":""},"_links":{"self":[{"href":"https:\/\/farrobinhas.cm-faro.pt\/index.php\/wp-json\/wp\/v2\/pages\/969"}],"collection":[{"href":"https:\/\/farrobinhas.cm-faro.pt\/index.php\/wp-json\/wp\/v2\/pages"}],"about":[{"href":"https:\/\/farrobinhas.cm-faro.pt\/index.php\/wp-json\/wp\/v2\/types\/page"}],"author":[{"embeddable":true,"href":"https:\/\/farrobinhas.cm-faro.pt\/index.php\/wp-json\/wp\/v2\/users\/1"}],"replies":[{"embeddable":true,"href":"https:\/\/farrobinhas.cm-faro.pt\/index.php\/wp-json\/wp\/v2\/comments?post=969"}],"version-history":[{"count":21,"href":"https:\/\/farrobinhas.cm-faro.pt\/index.php\/wp-json\/wp\/v2\/pages\/969\/revisions"}],"predecessor-version":[{"id":1947,"href":"https:\/\/farrobinhas.cm-faro.pt\/index.php\/wp-json\/wp\/v2\/pages\/969\/revisions\/1947"}],"wp:attachment":[{"href":"https:\/\/farrobinhas.cm-faro.pt\/index.php\/wp-json\/wp\/v2\/media?parent=969"}],"curies":[{"name":"wp","href":"https:\/\/api.w.org\/{rel}","templated":true}]}}