{"id":498,"date":"2020-04-17T21:24:06","date_gmt":"2020-04-17T21:24:06","guid":{"rendered":"http:\/\/farrobinhas.cm-faro.pt\/?page_id=498"},"modified":"2024-05-02T09:00:59","modified_gmt":"2024-05-02T09:00:59","slug":"campeoes-intergalaticos","status":"publish","type":"page","link":"https:\/\/farrobinhas.cm-faro.pt\/index.php\/campeoes-intergalaticos\/","title":{"rendered":"Campe\u00f5es Intergal\u00e1ticos"},"content":{"rendered":"<div class=\"wpb-content-wrapper\"><p>[vc_section full_width=&#8221;stretch_row&#8221;][vc_row full_width=&#8221;stretch_row&#8221;][vc_column][vc_custom_heading text=&#8221;Campe\u00f5es Intergal\u00e1ticos&#8221; font_container=&#8221;tag:h1|text_align:center&#8221; google_fonts=&#8221;font_family:Boogaloo%3Aregular|font_style:400%20regular%3A400%3Anormal&#8221;][vc_column_text css=&#8221;&#8221;]<\/p>\n<p style=\"text-align: center;\"><strong>2019<\/strong><\/p>\n<p>[\/vc_column_text][\/vc_column][\/vc_row][vc_row full_width=&#8221;stretch_row&#8221; el_id=&#8221;computer + mobile&#8221;][vc_column width=&#8221;1\/2&#8243; offset=&#8221;vc_hidden-md vc_hidden-sm&#8221;][vc_single_image image=&#8221;932&#8243; img_size=&#8221;large&#8221;][\/vc_column][vc_column width=&#8221;1\/2&#8243; offset=&#8221;vc_hidden-md vc_hidden-sm&#8221;][vc_column_text]Faro prepara-se para receber o Grande Pr\u00e9mio dos Reis, prova de atletismo muito importante. Afonso participa nesta corrida pela primeira vez e apesar de n\u00e3o ganhar, fica nos primeiros lugares e Ana fica muito orgulhosa. Os irm\u00e3os apercebem-se que Eug\u00e9nio caminha rapidamente no meio da multid\u00e3o com a sua engenhoca, apontando-a a todas as pessoas que estavam a usar telem\u00f3veis ou outros aparelhos electr\u00f3nicos. Afonso v\u00ea dois Eug\u00e9nios, um deles est\u00e1 preso numa bola de sab\u00e3o com o Farroba. Estavam a ser transportados para uma nave, para a qual Ana e Afonso conseguem entrar. Percebem que est\u00e3o a sair da \u00f3rbita terrestre em dire\u00e7\u00e3o ao espa\u00e7o e ap\u00f3s encontrarem e soltarem os amigos, surge uma criatura que os volta a prender e desaparece. Quando a nave espacial p\u00e1ra, surge o extraterrestre, general Bu\u00e9dabaril, que lhes conta que foi ao planeta Terra para recolher energia dos terr\u00e1queos para que os seus atletas possam participar nos jogos intergal\u00e1ticos. Os Farrobinhas, considerados espi\u00f5es, s\u00e3o levados ao grande conselho do imp\u00e9rio Bu\u00e9dabu\u00e9dafixe. Para voltarem ao seu planeta, os amigos teriam de competir com os extraterrestres e vencer a corrida. O Imp\u00e9rio enfrentava um per\u00edodo dif\u00edcil porque o estilo de vida dos cidad\u00e3os, com todas as tecnologias, tinha-se tornado menos saud\u00e1vel. Contrastava com o estilo de vida na Terra, em que todos tentam praticar exerc\u00edcio f\u00edsico e manter uma alimenta\u00e7\u00e3o saud\u00e1vel. Chega o momento da corrida e ao lado de Afonso corria tamb\u00e9m o general Bu\u00e9dabaril, que depressa \u00e9 ultrapassado pelo her\u00f3i farense. Para impedi-lo de vencer, o general tenta agarrar Afonso mas trope\u00e7a e cai. Apercebendo-se desta queda, os Farrobinhas apressam-se a ajud\u00e1-lo. Depois desta atitude, o chefe-supremo, antes de transport\u00e1-los a casa, premeia os amigos pelo esp\u00edrito de camaradagem que comoveu toda a plateia.<\/p>\n<p>Nesta grande aventura intergal\u00e1tica, os Farrobinhas alertam para a import\u00e2ncia da atividade f\u00edsica, aliada ao companheirismo e fair-play, e dos h\u00e1bitos de vida saud\u00e1veis, numa \u00e9poca em que a tecnologia se imp\u00f5e na sociedade contempor\u00e2nea.[\/vc_column_text][vc_row_inner][vc_column_inner width=&#8221;1\/4&#8243;][vc_btn title=&#8221;IN\u00cdCIO&#8221; style=&#8221;outline-custom&#8221; outline_custom_color=&#8221;#000000&#8243; outline_custom_hover_background=&#8221;#000000&#8243; outline_custom_hover_text=&#8221;#ffffff&#8221; shape=&#8221;square&#8221; align=&#8221;center&#8221; button_block=&#8221;true&#8221; link=&#8221;url:https%3A%2F%2Ffarrobinhas.cm-faro.pt%2F|title:In%C3%ADcio||&#8221;][\/vc_column_inner][vc_column_inner width=&#8221;1\/4&#8243;][vc_btn title=&#8221;VER LIVRO&#8221; style=&#8221;outline-custom&#8221; outline_custom_color=&#8221;#000000&#8243; outline_custom_hover_background=&#8221;#000000&#8243; outline_custom_hover_text=&#8221;#ffffff&#8221; shape=&#8221;square&#8221; align=&#8221;center&#8221; button_block=&#8221;true&#8221; link=&#8221;url:https%3A%2F%2Ffarrobinhas.cm-faro.pt%2Fcampeoes-intergalaticos%2F%23livro|||&#8221;][\/vc_column_inner][vc_column_inner width=&#8221;1\/2&#8243;][vc_btn title=&#8221;DESCARREGAR LIVRO&#8221; style=&#8221;outline-custom&#8221; outline_custom_color=&#8221;#000000&#8243; outline_custom_hover_background=&#8221;#000000&#8243; outline_custom_hover_text=&#8221;#ffffff&#8221; shape=&#8221;square&#8221; align=&#8221;center&#8221; button_block=&#8221;true&#8221; link=&#8221;url:https%3A%2F%2Ffarrobinhas.cm-faro.pt%2Fwp-content%2Fuploads%2F2020%2F05%2F08_CampeoesIntergalaticos_DescarregarLivro.pdf|||&#8221;][\/vc_column_inner][\/vc_row_inner][\/vc_column][\/vc_row][vc_row full_width=&#8221;stretch_row&#8221; el_id=&#8221;pc&#8221;][vc_column width=&#8221;1\/2&#8243; offset=&#8221;vc_hidden-lg vc_hidden-sm vc_hidden-xs&#8221;][vc_single_image image=&#8221;932&#8243; img_size=&#8221;large&#8221;][\/vc_column][vc_column width=&#8221;1\/2&#8243; offset=&#8221;vc_hidden-lg vc_hidden-sm vc_hidden-xs&#8221;][vc_column_text css=&#8221;.vc_custom_1630317288816{margin-bottom: 0px !important;}&#8221;]Faro prepara-se para receber o Grande Pr\u00e9mio dos Reis, prova de atletismo muito importante. Afonso participa nesta corrida pela primeira vez e apesar de n\u00e3o ganhar, fica nos primeiros lugares e Ana fica muito orgulhosa. Os irm\u00e3os apercebem-se que Eug\u00e9nio caminha rapidamente no meio da multid\u00e3o com a sua engenhoca, apontando-a a todas as pessoas que estavam a usar telem\u00f3veis ou outros aparelhos electr\u00f3nicos. Afonso v\u00ea dois Eug\u00e9nios, um deles est\u00e1 preso numa bola de sab\u00e3o com o Farroba. Estavam a ser transportados para uma nave, para a qual Ana e Afonso conseguem entrar. Percebem que est\u00e3o a sair da \u00f3rbita terrestre em dire\u00e7\u00e3o ao espa\u00e7o e ap\u00f3s encontrarem e soltarem os amigos, surge uma criatura que os volta a prender e desaparece. Quando a nave espacial p\u00e1ra, surge o extraterrestre, general Bu\u00e9dabaril, que lhes conta que foi ao planeta Terra para recolher energia dos terr\u00e1queos para que os seus atletas possam participar nos jogos intergal\u00e1ticos. Os Farrobinhas, considerados espi\u00f5es, s\u00e3o levados ao grande conselho do imp\u00e9rio Bu\u00e9dabu\u00e9dafixe. Para voltarem ao seu planeta, os amigos teriam de competir com os extraterrestres e vencer a[\/vc_column_text][\/vc_column][vc_column offset=&#8221;vc_hidden-lg vc_hidden-sm vc_hidden-xs&#8221;][vc_column_text css=&#8221;.vc_custom_1630317299982{margin-top: 0px !important;}&#8221;]corrida. O Imp\u00e9rio enfrentava um per\u00edodo dif\u00edcil porque o estilo de vida dos cidad\u00e3os, com todas as tecnologias, tinha-se tornado menos saud\u00e1vel. Contrastava com o estilo de vida na Terra, em que todos tentam praticar exerc\u00edcio f\u00edsico e manter uma alimenta\u00e7\u00e3o saud\u00e1vel. Chega o momento da corrida e ao lado de Afonso corria tamb\u00e9m o general Bu\u00e9dabaril, que depressa \u00e9 ultrapassado pelo her\u00f3i farense. Para impedi-lo de vencer, o general tenta agarrar Afonso mas trope\u00e7a e cai. Apercebendo-se desta queda, os Farrobinhas apressam-se a ajud\u00e1-lo. Depois desta atitude, o chefe-supremo, antes de transport\u00e1-los a casa, premeia os amigos pelo esp\u00edrito de camaradagem que comoveu toda a plateia.<\/p>\n<p>Nesta grande aventura intergal\u00e1tica, os Farrobinhas alertam para a import\u00e2ncia da atividade f\u00edsica, aliada ao companheirismo e fair-play, e dos h\u00e1bitos de vida saud\u00e1veis, numa \u00e9poca em que a tecnologia se imp\u00f5e na sociedade contempor\u00e2nea.[\/vc_column_text][vc_row_inner][vc_column_inner width=&#8221;1\/4&#8243;][vc_btn title=&#8221;IN\u00cdCIO&#8221; style=&#8221;outline-custom&#8221; outline_custom_color=&#8221;#000000&#8243; outline_custom_hover_background=&#8221;#000000&#8243; outline_custom_hover_text=&#8221;#ffffff&#8221; shape=&#8221;square&#8221; align=&#8221;center&#8221; button_block=&#8221;true&#8221; link=&#8221;url:https%3A%2F%2Ffarrobinhas.cm-faro.pt%2F|title:In%C3%ADcio||&#8221;][\/vc_column_inner][vc_column_inner width=&#8221;1\/4&#8243;][vc_btn title=&#8221;VER LIVRO&#8221; style=&#8221;outline-custom&#8221; outline_custom_color=&#8221;#000000&#8243; outline_custom_hover_background=&#8221;#000000&#8243; outline_custom_hover_text=&#8221;#ffffff&#8221; shape=&#8221;square&#8221; align=&#8221;center&#8221; button_block=&#8221;true&#8221; link=&#8221;url:https%3A%2F%2Ffarrobinhas.cm-faro.pt%2Fcampeoes-intergalaticos%2F%23livro|||&#8221;][\/vc_column_inner][vc_column_inner width=&#8221;1\/2&#8243;][vc_btn title=&#8221;DESCARREGAR LIVRO&#8221; style=&#8221;outline-custom&#8221; outline_custom_color=&#8221;#000000&#8243; outline_custom_hover_background=&#8221;#000000&#8243; outline_custom_hover_text=&#8221;#ffffff&#8221; shape=&#8221;square&#8221; align=&#8221;center&#8221; button_block=&#8221;true&#8221; link=&#8221;url:https%3A%2F%2Ffarrobinhas.cm-faro.pt%2Fwp-content%2Fuploads%2F2020%2F05%2F08_CampeoesIntergalaticos_DescarregarLivro.pdf|||&#8221;][\/vc_column_inner][\/vc_row_inner][\/vc_column][\/vc_row][vc_row full_width=&#8221;stretch_row&#8221; el_id=&#8221;tablet&#8221;][vc_column offset=&#8221;vc_hidden-lg vc_hidden-md vc_hidden-xs&#8221;][vc_row_inner][vc_column_inner width=&#8221;1\/6&#8243;][\/vc_column_inner][vc_column_inner width=&#8221;4\/6&#8243;][vc_single_image image=&#8221;932&#8243; img_size=&#8221;large&#8221;][\/vc_column_inner][vc_column_inner width=&#8221;1\/6&#8243;][\/vc_column_inner][\/vc_row_inner][vc_column_text]Faro prepara-se para receber o Grande Pr\u00e9mio dos Reis, prova de atletismo muito importante. Afonso participa nesta corrida pela primeira vez e apesar de n\u00e3o ganhar, fica nos primeiros lugares e Ana fica muito orgulhosa. Os irm\u00e3os apercebem-se que Eug\u00e9nio caminha rapidamente no meio da multid\u00e3o com a sua engenhoca, apontando-a a todas as pessoas que estavam a usar telem\u00f3veis ou outros aparelhos electr\u00f3nicos. Afonso v\u00ea dois Eug\u00e9nios, um deles est\u00e1 preso numa bola de sab\u00e3o com o Farroba. Estavam a ser transportados para uma nave, para a qual Ana e Afonso conseguem entrar. Percebem que est\u00e3o a sair da \u00f3rbita terrestre em dire\u00e7\u00e3o ao espa\u00e7o e ap\u00f3s encontrarem e soltarem os amigos, surge uma criatura que os volta a prender e desaparece. Quando a nave espacial p\u00e1ra, surge o extraterrestre, general Bu\u00e9dabaril, que lhes conta que foi ao planeta Terra para recolher energia dos terr\u00e1queos para que os seus atletas possam participar nos jogos intergal\u00e1ticos. Os Farrobinhas, considerados espi\u00f5es, s\u00e3o levados ao grande conselho do imp\u00e9rio Bu\u00e9dabu\u00e9dafixe. Para voltarem ao seu planeta, os amigos teriam de competir com os extraterrestres e vencer a corrida. O Imp\u00e9rio enfrentava um per\u00edodo dif\u00edcil porque o estilo de vida dos cidad\u00e3os, com todas as tecnologias, tinha-se tornado menos saud\u00e1vel. Contrastava com o estilo de vida na Terra, em que todos tentam praticar exerc\u00edcio f\u00edsico e manter uma alimenta\u00e7\u00e3o saud\u00e1vel. Chega o momento da corrida e ao lado de Afonso corria tamb\u00e9m o general Bu\u00e9dabaril, que depressa \u00e9 ultrapassado pelo her\u00f3i farense. Para impedi-lo de vencer, o general tenta agarrar Afonso mas trope\u00e7a e cai. Apercebendo-se desta queda, os Farrobinhas apressam-se a ajud\u00e1-lo. Depois desta atitude, o chefe-supremo, antes de transport\u00e1-los a casa, premeia os amigos pelo esp\u00edrito de camaradagem que comoveu toda a plateia.<\/p>\n<p>Nesta grande aventura intergal\u00e1tica, os Farrobinhas alertam para a import\u00e2ncia da atividade f\u00edsica, aliada ao companheirismo e fair-play, e dos h\u00e1bitos de vida saud\u00e1veis, numa \u00e9poca em que a tecnologia se imp\u00f5e na sociedade contempor\u00e2nea.[\/vc_column_text][vc_row_inner][vc_column_inner width=&#8221;1\/4&#8243;][vc_btn title=&#8221;IN\u00cdCIO&#8221; style=&#8221;outline-custom&#8221; outline_custom_color=&#8221;#000000&#8243; outline_custom_hover_background=&#8221;#000000&#8243; outline_custom_hover_text=&#8221;#ffffff&#8221; shape=&#8221;square&#8221; align=&#8221;center&#8221; button_block=&#8221;true&#8221; link=&#8221;url:https%3A%2F%2Ffarrobinhas.cm-faro.pt%2F|title:In%C3%ADcio||&#8221;][\/vc_column_inner][vc_column_inner width=&#8221;1\/4&#8243;][vc_btn title=&#8221;VER LIVRO&#8221; style=&#8221;outline-custom&#8221; outline_custom_color=&#8221;#000000&#8243; outline_custom_hover_background=&#8221;#000000&#8243; outline_custom_hover_text=&#8221;#ffffff&#8221; shape=&#8221;square&#8221; align=&#8221;center&#8221; button_block=&#8221;true&#8221; link=&#8221;url:https%3A%2F%2Ffarrobinhas.cm-faro.pt%2Fcampeoes-intergalaticos%2F%23livro|||&#8221;][\/vc_column_inner][vc_column_inner width=&#8221;1\/2&#8243;][vc_btn title=&#8221;DESCARREGAR LIVRO&#8221; style=&#8221;outline-custom&#8221; outline_custom_color=&#8221;#000000&#8243; outline_custom_hover_background=&#8221;#000000&#8243; outline_custom_hover_text=&#8221;#ffffff&#8221; shape=&#8221;square&#8221; align=&#8221;center&#8221; button_block=&#8221;true&#8221; link=&#8221;url:https%3A%2F%2Ffarrobinhas.cm-faro.pt%2Fwp-content%2Fuploads%2F2020%2F05%2F08_CampeoesIntergalaticos_DescarregarLivro.pdf|||&#8221;][\/vc_column_inner][\/vc_row_inner][\/vc_column][\/vc_row][vc_row full_width=&#8221;stretch_row&#8221;][vc_column][vc_empty_space height=&#8221;20px&#8221;][\/vc_column][\/vc_row][\/vc_section][vc_section el_id=&#8221;livro&#8221;][vc_row full_width=&#8221;stretch_row&#8221;][vc_column][vc_empty_space height=&#8221;40px&#8221;][vc_column_text]<div class=\"_df_book df-lite\" id=\"df_558\"  _slug=\"campeoes-intergalaticos\" data-title=\"campeoes-intergalaticos\" wpoptions=\"true\" thumbtype=\"\" ><\/div><script class=\"df-shortcode-script\" nowprocket type=\"application\/javascript\">window.option_df_558 = {\"outline\":[],\"backgroundColor\":\"#ffffff\",\"hard\":\"cover\",\"autoEnableOutline\":\"false\",\"autoEnableThumbnail\":\"false\",\"overwritePDFOutline\":\"false\",\"enableDownload\":\"false\",\"direction\":\"1\",\"pageSize\":\"0\",\"pageMode\":\"0\",\"controlsPosition\":\"hide\",\"soundEnable\":\"false\",\"autoPlay\":\"false\",\"autoPlayStart\":\"false\",\"source\":\"https:\\\/\\\/farrobinhas.cm-faro.pt\\\/wp-content\\\/uploads\\\/2020\\\/05\\\/08_CampeoesIntergalaticos_VerLivro.pdf\",\"wpOptions\":\"true\"}; if(window.DFLIP && window.DFLIP.parseBooks){window.DFLIP.parseBooks();}<\/script>[\/vc_column_text][\/vc_column][\/vc_row][\/vc_section][vc_section full_width=&#8221;stretch_row&#8221; disable_element=&#8221;yes&#8221; el_id=&#8221;aventuras&#8221;][vc_row][vc_column][vc_empty_space height=&#8221;40px&#8221;][vc_custom_heading text=&#8221;As Aventuras&#8221; font_container=&#8221;tag:h1|text_align:center&#8221; google_fonts=&#8221;font_family:Boogaloo%3Aregular|font_style:400%20regular%3A400%3Anormal&#8221;][\/vc_column][\/vc_row][vc_row][vc_column][vc_column_text][evc_image_gallery type=&#8221;carousel&#8221; image_behavior=&#8221;overlay&#8221; number_of_visible_items=&#8221;5&#8243; carousel_autoplay=&#8221;no&#8221; image_size=&#8221;large&#8221; custom_links=&#8221;https:\/\/farrobinhas.cm-faro.pt\/uma-aventura-de-natal\/, https:\/\/farrobinhas.cm-faro.pt\/uma-grande-caofusao\/, https:\/\/farrobinhas.cm-faro.pt\/os-segredos-da-aldeia-de-estoi\/, https:\/\/farrobinhas.cm-faro.pt\/o-enigma-do-gnomo\/, https:\/\/farrobinhas.cm-faro.pt\/a-descoberta-da-agua\/, https:\/\/farrobinhas.cm-faro.pt\/era-uma-vez-a-origem\/, https:\/\/farrobinhas.cm-faro.pt\/a-grande-missao\/, https:\/\/farrobinhas.cm-faro.pt\/campeoes-intergalaticos\/, https:\/\/farrobinhas.cm-faro.pt\/uma-aventura-em-casa\/, https:\/\/farrobinhas.cm-faro.pt\/perdidos-no-oeste\/, https:\/\/farrobinhas.cm-faro.pt\/desafio-virtual\/, https:\/\/farrobinhas.cm-faro.pt\/um-presente-especial\/, https:\/\/farrobinhas.cm-faro.pt\/ciclo-das-cascas\/, https:\/\/farrobinhas.cm-faro.pt\/zooniverso\/, https:\/\/farrobinhas.cm-faro.pt\/o-talisma-misterioso\/, https:\/\/farrobinhas.cm-faro.pt\/operacao-resgate-do-pai-natal&#8221; images=&#8221;925,926,927,928,929,930,931,932,987,1159,1372,1389,1459,1573,1640,1747&#8243;][vc_empty_space height=&#8221;30px&#8221;][\/vc_column_text][\/vc_column][\/vc_row][\/vc_section]<\/p>\n<\/div>","protected":false},"excerpt":{"rendered":"<p>[vc_section full_width=&#8221;stretch_row&#8221;][vc_row full_width=&#8221;stretch_row&#8221;][vc_column][vc_custom_heading text=&#8221;Campe\u00f5es Intergal\u00e1ticos&#8221; font_container=&#8221;tag:h1|text_align:center&#8221; google_fonts=&#8221;font_family:Boogaloo%3Aregular|font_style:400%20regular%3A400%3Anormal&#8221;][vc_column_text css=&#8221;&#8221;] 2019 [\/vc_column_text][\/vc_column][\/vc_row][vc_row full_width=&#8221;stretch_row&#8221; el_id=&#8221;computer + mobile&#8221;][vc_column width=&#8221;1\/2&#8243; offset=&#8221;vc_hidden-md vc_hidden-sm&#8221;][vc_single_image image=&#8221;932&#8243; img_size=&#8221;large&#8221;][\/vc_column][vc_column width=&#8221;1\/2&#8243; offset=&#8221;vc_hidden-md vc_hidden-sm&#8221;][vc_column_text]Faro prepara-se para receber o Grande Pr\u00e9mio dos Reis, prova de atletismo muito importante. Afonso participa nesta corrida pela primeira vez e apesar de n\u00e3o ganhar, fica nos primeiros lugares e Ana fica muito orgulhosa. Os irm\u00e3os apercebem-se que Eug\u00e9nio caminha rapidamente no meio da multid\u00e3o com a sua engenhoca, apontando-a a todas as pessoas que estavam a usar telem\u00f3veis ou outros aparelhos electr\u00f3nicos. Afonso v\u00ea dois Eug\u00e9nios, um deles est\u00e1 preso numa bola de sab\u00e3o com o Farroba. Estavam a ser transportados para uma nave, para a qual Ana e Afonso conseguem entrar. Percebem que est\u00e3o a sair da \u00f3rbita terrestre em dire\u00e7\u00e3o ao espa\u00e7o e ap\u00f3s encontrarem e soltarem os amigos, surge uma criatura que os volta a prender e desaparece. Quando a nave espacial p\u00e1ra, surge o extraterrestre, general Bu\u00e9dabaril, que lhes conta que foi ao planeta Terra para recolher energia dos terr\u00e1queos para que os seus atletas possam participar nos jogos intergal\u00e1ticos. Os Farrobinhas, considerados espi\u00f5es, s\u00e3o levados ao grande conselho do imp\u00e9rio Bu\u00e9dabu\u00e9dafixe. Para voltarem ao seu planeta, os amigos teriam de competir com&#8230;<\/p>\n","protected":false},"author":1,"featured_media":0,"parent":0,"menu_order":0,"comment_status":"closed","ping_status":"closed","template":"","meta":{"footnotes":""},"_links":{"self":[{"href":"https:\/\/farrobinhas.cm-faro.pt\/index.php\/wp-json\/wp\/v2\/pages\/498"}],"collection":[{"href":"https:\/\/farrobinhas.cm-faro.pt\/index.php\/wp-json\/wp\/v2\/pages"}],"about":[{"href":"https:\/\/farrobinhas.cm-faro.pt\/index.php\/wp-json\/wp\/v2\/types\/page"}],"author":[{"embeddable":true,"href":"https:\/\/farrobinhas.cm-faro.pt\/index.php\/wp-json\/wp\/v2\/users\/1"}],"replies":[{"embeddable":true,"href":"https:\/\/farrobinhas.cm-faro.pt\/index.php\/wp-json\/wp\/v2\/comments?post=498"}],"version-history":[{"count":28,"href":"https:\/\/farrobinhas.cm-faro.pt\/index.php\/wp-json\/wp\/v2\/pages\/498\/revisions"}],"predecessor-version":[{"id":1935,"href":"https:\/\/farrobinhas.cm-faro.pt\/index.php\/wp-json\/wp\/v2\/pages\/498\/revisions\/1935"}],"wp:attachment":[{"href":"https:\/\/farrobinhas.cm-faro.pt\/index.php\/wp-json\/wp\/v2\/media?parent=498"}],"curies":[{"name":"wp","href":"https:\/\/api.w.org\/{rel}","templated":true}]}}