{"id":496,"date":"2020-04-17T20:44:14","date_gmt":"2020-04-17T20:44:14","guid":{"rendered":"http:\/\/farrobinhas.cm-faro.pt\/?page_id=496"},"modified":"2024-05-02T09:00:09","modified_gmt":"2024-05-02T09:00:09","slug":"a-grande-missao","status":"publish","type":"page","link":"https:\/\/farrobinhas.cm-faro.pt\/index.php\/a-grande-missao\/","title":{"rendered":"A Grande Miss\u00e3o"},"content":{"rendered":"<div class=\"wpb-content-wrapper\"><p>[vc_section full_width=&#8221;stretch_row&#8221;][vc_row full_width=&#8221;stretch_row&#8221;][vc_column][vc_custom_heading text=&#8221;A Grande Miss\u00e3o&#8221; font_container=&#8221;tag:h1|text_align:center&#8221; google_fonts=&#8221;font_family:Boogaloo%3Aregular|font_style:400%20regular%3A400%3Anormal&#8221;][vc_column_text css=&#8221;&#8221;]<\/p>\n<p style=\"text-align: center;\"><strong>2019<\/strong><\/p>\n<p>[\/vc_column_text][\/vc_column][\/vc_row][vc_row full_width=&#8221;stretch_row&#8221; el_id=&#8221;computer + mobile&#8221;][vc_column width=&#8221;1\/2&#8243; offset=&#8221;vc_hidden-md vc_hidden-sm&#8221;][vc_single_image image=&#8221;931&#8243; img_size=&#8221;large&#8221;][\/vc_column][vc_column width=&#8221;1\/2&#8243; offset=&#8221;vc_hidden-md vc_hidden-sm&#8221;][vc_column_text]Os Farrobinhas partem para mais uma aventura, desta vez rumo \u00e0 Ilha do Farol. Seguiriam de barco para participar numa a\u00e7\u00e3o de voluntariado ambiental com a prima Mena. Durante a viagem ficam encantados com as riquezas naturais da Ria Formosa. J\u00e1 em terra, volunt\u00e1rios recolhiam lixo no areal, fazendo a separa\u00e7\u00e3o correta. Mena coordenava as opera\u00e7\u00f5es e os Farrobinhas prontamente aceitam o desafio de livrar a ilha do lixo. No final da limpeza, os amigos t\u00eam direito a uma sess\u00e3o de mergulho na ria. Debaixo de \u00e1gua, observam a grandiosa biodiversidade mas s\u00e3o interrompidos por um cardume em grande agita\u00e7\u00e3o e pelo aparecimento de um ser misterioso. Os amigos conseguem escapar, menos o Farroba que fica preso por uma pata e \u00e9 arrastado para longe por aquela criatura. J\u00e1 \u00e0 superf\u00edcie, re\u00fanem-se com Mena para definirem um plano de resgate. Decidem subir ao farol de Santa Maria para perceber para onde se dirigia a criatura gigante. Conseguem assim ver uma mancha escura a mover-se com rapidez em dire\u00e7\u00e3o ao mar. Na carrinha-anf\u00edbio da Mena e com ajuda de um drone, seguem o ser misterioso. Conseguem localiz\u00e1-lo perto de um barco afundado, onde estava tamb\u00e9m o Farroba. Percebem que o monstro era um amontoado de lixo: sacos de pl\u00e1stico, redes, garrafas de \u00e1gua, pacotes de leite, palhinhas, entre muitos outros objetos. \u00c0 medida que retiram o lixo, surge uma bela tartaruga marinha. Estava finalmente livre de todo aquele lixo que a envolvia.<\/p>\n<p>Neste grande desafio ambiental, os Farrobinhas debatem-se com o enorme perigo que os res\u00edduos de pl\u00e1stico representam para os nossos ecossistemas. Os her\u00f3is farenses alertam, mais uma vez, para os comportamentos e valores de prote\u00e7\u00e3o da natureza, em particular a nossa Ria Formosa.[\/vc_column_text][vc_row_inner][vc_column_inner width=&#8221;1\/4&#8243;][vc_btn title=&#8221;IN\u00cdCIO&#8221; style=&#8221;outline-custom&#8221; outline_custom_color=&#8221;#000000&#8243; outline_custom_hover_background=&#8221;#000000&#8243; outline_custom_hover_text=&#8221;#ffffff&#8221; shape=&#8221;square&#8221; align=&#8221;center&#8221; button_block=&#8221;true&#8221; link=&#8221;url:https%3A%2F%2Ffarrobinhas.cm-faro.pt%2F|title:In%C3%ADcio||&#8221;][\/vc_column_inner][vc_column_inner width=&#8221;1\/4&#8243;][vc_btn title=&#8221;VER LIVRO&#8221; style=&#8221;outline-custom&#8221; outline_custom_color=&#8221;#000000&#8243; outline_custom_hover_background=&#8221;#000000&#8243; outline_custom_hover_text=&#8221;#ffffff&#8221; shape=&#8221;square&#8221; align=&#8221;center&#8221; button_block=&#8221;true&#8221; link=&#8221;url:https%3A%2F%2Ffarrobinhas.cm-faro.pt%2Fa-grande-missao%2F%23livro|||&#8221;][\/vc_column_inner][vc_column_inner width=&#8221;1\/2&#8243;][vc_btn title=&#8221;DESCARREGAR LIVRO&#8221; style=&#8221;outline-custom&#8221; outline_custom_color=&#8221;#000000&#8243; outline_custom_hover_background=&#8221;#000000&#8243; outline_custom_hover_text=&#8221;#ffffff&#8221; shape=&#8221;square&#8221; align=&#8221;center&#8221; button_block=&#8221;true&#8221; link=&#8221;url:https%3A%2F%2Ffarrobinhas.cm-faro.pt%2Fwp-content%2Fuploads%2F2020%2F06%2F07_AGrandeMissao_DescarregarLivro.pdf|||&#8221;][\/vc_column_inner][\/vc_row_inner][\/vc_column][\/vc_row][vc_row full_width=&#8221;stretch_row&#8221; el_id=&#8221;pc&#8221;][vc_column width=&#8221;1\/2&#8243; offset=&#8221;vc_hidden-lg vc_hidden-sm vc_hidden-xs&#8221;][vc_single_image image=&#8221;931&#8243; img_size=&#8221;large&#8221;][\/vc_column][vc_column width=&#8221;1\/2&#8243; offset=&#8221;vc_hidden-lg vc_hidden-sm vc_hidden-xs&#8221;][vc_column_text css=&#8221;.vc_custom_1630317245108{margin-bottom: 0px !important;}&#8221;]Os Farrobinhas partem para mais uma aventura, desta vez rumo \u00e0 Ilha do Farol. Seguiriam de barco para participar numa a\u00e7\u00e3o de voluntariado ambiental com a prima Mena. Durante a viagem ficam encantados com as riquezas naturais da Ria Formosa. J\u00e1 em terra, volunt\u00e1rios recolhiam lixo no areal, fazendo a separa\u00e7\u00e3o correta. Mena coordenava as opera\u00e7\u00f5es e os Farrobinhas prontamente aceitam o desafio de livrar a ilha do lixo. No final da limpeza, os amigos t\u00eam direito a uma sess\u00e3o de mergulho na ria. Debaixo de \u00e1gua, observam a grandiosa biodiversidade mas s\u00e3o interrompidos por um cardume em grande agita\u00e7\u00e3o e pelo aparecimento de um ser misterioso. Os amigos conseguem escapar, menos o Farroba que fica preso por uma pata e \u00e9 arrastado para longe por aquela criatura. J\u00e1 \u00e0 superf\u00edcie, re\u00fanem-se com Mena para definirem um plano de resgate. Decidem subir ao farol de Santa Maria para perceber para onde se dirigia a criatura gigante. Conseguem assim ver uma mancha escura a mover-se com rapidez em dire\u00e7\u00e3o ao mar. Na carrinha-anf\u00edbio da Mena e com ajuda de um drone, seguem o ser misterioso. Conseguem localiz\u00e1-lo perto de um barco afundado,[\/vc_column_text][\/vc_column][vc_column offset=&#8221;vc_hidden-lg vc_hidden-sm vc_hidden-xs&#8221;][vc_column_text css=&#8221;.vc_custom_1630317262355{margin-top: 0px !important;}&#8221;]onde estava tamb\u00e9m o Farroba. Percebem que o monstro era um amontoado de lixo: sacos de pl\u00e1stico, redes, garrafas de \u00e1gua, pacotes de leite, palhinhas, entre muitos outros objetos. \u00c0 medida que retiram o lixo, surge uma bela tartaruga marinha. Estava finalmente livre de todo aquele lixo que a envolvia.<\/p>\n<p>Neste grande desafio ambiental, os Farrobinhas debatem-se com o enorme perigo que os res\u00edduos de pl\u00e1stico representam para os nossos ecossistemas. Os her\u00f3is farenses alertam, mais uma vez, para os comportamentos e valores de prote\u00e7\u00e3o da natureza, em particular a nossa Ria Formosa.[\/vc_column_text][vc_row_inner][vc_column_inner width=&#8221;1\/4&#8243;][vc_btn title=&#8221;IN\u00cdCIO&#8221; style=&#8221;outline-custom&#8221; outline_custom_color=&#8221;#000000&#8243; outline_custom_hover_background=&#8221;#000000&#8243; outline_custom_hover_text=&#8221;#ffffff&#8221; shape=&#8221;square&#8221; align=&#8221;center&#8221; button_block=&#8221;true&#8221; link=&#8221;url:https%3A%2F%2Ffarrobinhas.cm-faro.pt%2F|title:In%C3%ADcio||&#8221;][\/vc_column_inner][vc_column_inner width=&#8221;1\/4&#8243;][vc_btn title=&#8221;VER LIVRO&#8221; style=&#8221;outline-custom&#8221; outline_custom_color=&#8221;#000000&#8243; outline_custom_hover_background=&#8221;#000000&#8243; outline_custom_hover_text=&#8221;#ffffff&#8221; shape=&#8221;square&#8221; align=&#8221;center&#8221; button_block=&#8221;true&#8221; link=&#8221;url:https%3A%2F%2Ffarrobinhas.cm-faro.pt%2Fa-grande-missao%2F%23livro|||&#8221;][\/vc_column_inner][vc_column_inner width=&#8221;1\/2&#8243;][vc_btn title=&#8221;DESCARREGAR LIVRO&#8221; style=&#8221;outline-custom&#8221; outline_custom_color=&#8221;#000000&#8243; outline_custom_hover_background=&#8221;#000000&#8243; outline_custom_hover_text=&#8221;#ffffff&#8221; shape=&#8221;square&#8221; align=&#8221;center&#8221; button_block=&#8221;true&#8221; link=&#8221;url:https%3A%2F%2Ffarrobinhas.cm-faro.pt%2Fwp-content%2Fuploads%2F2020%2F06%2F07_AGrandeMissao_DescarregarLivro.pdf|||&#8221;][\/vc_column_inner][\/vc_row_inner][\/vc_column][\/vc_row][vc_row full_width=&#8221;stretch_row&#8221; el_id=&#8221;tablet&#8221;][vc_column offset=&#8221;vc_hidden-lg vc_hidden-md vc_hidden-xs&#8221;][vc_row_inner][vc_column_inner width=&#8221;1\/6&#8243;][\/vc_column_inner][vc_column_inner width=&#8221;4\/6&#8243;][vc_single_image image=&#8221;931&#8243; img_size=&#8221;large&#8221;][\/vc_column_inner][vc_column_inner width=&#8221;1\/6&#8243;][\/vc_column_inner][\/vc_row_inner][vc_column_text]Os Farrobinhas partem para mais uma aventura, desta vez rumo \u00e0 Ilha do Farol. Seguiriam de barco para participar numa a\u00e7\u00e3o de voluntariado ambiental com a prima Mena. Durante a viagem ficam encantados com as riquezas naturais da Ria Formosa. J\u00e1 em terra, volunt\u00e1rios recolhiam lixo no areal, fazendo a separa\u00e7\u00e3o correta. Mena coordenava as opera\u00e7\u00f5es e os Farrobinhas prontamente aceitam o desafio de livrar a ilha do lixo. No final da limpeza, os amigos t\u00eam direito a uma sess\u00e3o de mergulho na ria. Debaixo de \u00e1gua, observam a grandiosa biodiversidade mas s\u00e3o interrompidos por um cardume em grande agita\u00e7\u00e3o e pelo aparecimento de um ser misterioso. Os amigos conseguem escapar, menos o Farroba que fica preso por uma pata e \u00e9 arrastado para longe por aquela criatura. J\u00e1 \u00e0 superf\u00edcie, re\u00fanem-se com Mena para definirem um plano de resgate. Decidem subir ao farol de Santa Maria para perceber para onde se dirigia a criatura gigante. Conseguem assim ver uma mancha escura a mover-se com rapidez em dire\u00e7\u00e3o ao mar. Na carrinha-anf\u00edbio da Mena e com ajuda de um drone, seguem o ser misterioso. Conseguem localiz\u00e1-lo perto de um barco afundado, onde estava tamb\u00e9m o Farroba. Percebem que o monstro era um amontoado de lixo: sacos de pl\u00e1stico, redes, garrafas de \u00e1gua, pacotes de leite, palhinhas, entre muitos outros objetos. \u00c0 medida que retiram o lixo, surge uma bela tartaruga marinha. Estava finalmente livre de todo aquele lixo que a envolvia.<\/p>\n<p>Neste grande desafio ambiental, os Farrobinhas debatem-se com o enorme perigo que os res\u00edduos de pl\u00e1stico representam para os nossos ecossistemas. Os her\u00f3is farenses alertam, mais uma vez, para os comportamentos e valores de prote\u00e7\u00e3o da natureza, em particular a nossa Ria Formosa.[\/vc_column_text][vc_row_inner][vc_column_inner width=&#8221;1\/4&#8243;][vc_btn title=&#8221;IN\u00cdCIO&#8221; style=&#8221;outline-custom&#8221; outline_custom_color=&#8221;#000000&#8243; outline_custom_hover_background=&#8221;#000000&#8243; outline_custom_hover_text=&#8221;#ffffff&#8221; shape=&#8221;square&#8221; align=&#8221;center&#8221; button_block=&#8221;true&#8221; link=&#8221;url:https%3A%2F%2Ffarrobinhas.cm-faro.pt%2F|title:In%C3%ADcio||&#8221;][\/vc_column_inner][vc_column_inner width=&#8221;1\/4&#8243;][vc_btn title=&#8221;VER LIVRO&#8221; style=&#8221;outline-custom&#8221; outline_custom_color=&#8221;#000000&#8243; outline_custom_hover_background=&#8221;#000000&#8243; outline_custom_hover_text=&#8221;#ffffff&#8221; shape=&#8221;square&#8221; align=&#8221;center&#8221; button_block=&#8221;true&#8221; link=&#8221;url:https%3A%2F%2Ffarrobinhas.cm-faro.pt%2Fa-grande-missao%2F%23livro|||&#8221;][\/vc_column_inner][vc_column_inner width=&#8221;1\/2&#8243;][vc_btn title=&#8221;DESCARREGAR LIVRO&#8221; style=&#8221;outline-custom&#8221; outline_custom_color=&#8221;#000000&#8243; outline_custom_hover_background=&#8221;#000000&#8243; outline_custom_hover_text=&#8221;#ffffff&#8221; shape=&#8221;square&#8221; align=&#8221;center&#8221; button_block=&#8221;true&#8221; link=&#8221;url:https%3A%2F%2Ffarrobinhas.cm-faro.pt%2Fwp-content%2Fuploads%2F2020%2F06%2F07_AGrandeMissao_DescarregarLivro.pdf|||&#8221;][\/vc_column_inner][\/vc_row_inner][\/vc_column][\/vc_row][vc_row full_width=&#8221;stretch_row&#8221;][vc_column][vc_empty_space height=&#8221;20px&#8221;][\/vc_column][\/vc_row][\/vc_section][vc_section el_id=&#8221;livro&#8221;][vc_row full_width=&#8221;stretch_row&#8221;][vc_column][vc_empty_space height=&#8221;40px&#8221;][vc_column_text]<div class=\"_df_book df-lite\" id=\"df_555\"  _slug=\"a-grande-missao\" data-title=\"a-grande-missao\" wpoptions=\"true\" thumbtype=\"\" ><\/div><script class=\"df-shortcode-script\" nowprocket type=\"application\/javascript\">window.option_df_555 = {\"outline\":[],\"backgroundColor\":\"#ffffff\",\"hard\":\"cover\",\"autoEnableOutline\":\"false\",\"autoEnableThumbnail\":\"false\",\"overwritePDFOutline\":\"false\",\"enableDownload\":\"false\",\"direction\":\"1\",\"pageSize\":\"0\",\"pageMode\":\"0\",\"controlsPosition\":\"hide\",\"soundEnable\":\"false\",\"autoPlay\":\"false\",\"autoPlayStart\":\"false\",\"source\":\"https:\\\/\\\/farrobinhas.cm-faro.pt\\\/wp-content\\\/uploads\\\/2020\\\/06\\\/07_AGrandeMissao_VerLivro.pdf\",\"wpOptions\":\"true\"}; if(window.DFLIP && window.DFLIP.parseBooks){window.DFLIP.parseBooks();}<\/script>[\/vc_column_text][\/vc_column][\/vc_row][\/vc_section][vc_section full_width=&#8221;stretch_row&#8221; disable_element=&#8221;yes&#8221; el_id=&#8221;aventuras&#8221;][vc_row][vc_column][vc_empty_space height=&#8221;40px&#8221;][vc_custom_heading text=&#8221;As Aventuras&#8221; font_container=&#8221;tag:h1|text_align:center&#8221; google_fonts=&#8221;font_family:Boogaloo%3Aregular|font_style:400%20regular%3A400%3Anormal&#8221;][\/vc_column][\/vc_row][vc_row][vc_column][vc_column_text][evc_image_gallery type=&#8221;carousel&#8221; image_behavior=&#8221;overlay&#8221; number_of_visible_items=&#8221;5&#8243; carousel_autoplay=&#8221;no&#8221; image_size=&#8221;large&#8221; custom_links=&#8221;https:\/\/farrobinhas.cm-faro.pt\/uma-aventura-de-natal\/, https:\/\/farrobinhas.cm-faro.pt\/uma-grande-caofusao\/, https:\/\/farrobinhas.cm-faro.pt\/os-segredos-da-aldeia-de-estoi\/, https:\/\/farrobinhas.cm-faro.pt\/o-enigma-do-gnomo\/, https:\/\/farrobinhas.cm-faro.pt\/a-descoberta-da-agua\/, https:\/\/farrobinhas.cm-faro.pt\/era-uma-vez-a-origem\/, https:\/\/farrobinhas.cm-faro.pt\/a-grande-missao\/, https:\/\/farrobinhas.cm-faro.pt\/campeoes-intergalaticos\/, https:\/\/farrobinhas.cm-faro.pt\/uma-aventura-em-casa\/, https:\/\/farrobinhas.cm-faro.pt\/perdidos-no-oeste\/, https:\/\/farrobinhas.cm-faro.pt\/desafio-virtual\/, https:\/\/farrobinhas.cm-faro.pt\/um-presente-especial\/, https:\/\/farrobinhas.cm-faro.pt\/ciclo-das-cascas\/, https:\/\/farrobinhas.cm-faro.pt\/zooniverso\/, https:\/\/farrobinhas.cm-faro.pt\/o-talisma-misterioso\/, https:\/\/farrobinhas.cm-faro.pt\/operacao-resgate-do-pai-natal&#8221; images=&#8221;925,926,927,928,929,930,931,932,987,1159,1372,1389,1459,1573,1640,1747&#8243;][vc_empty_space height=&#8221;30px&#8221;][\/vc_column_text][\/vc_column][\/vc_row][\/vc_section]<\/p>\n<\/div>","protected":false},"excerpt":{"rendered":"<p>[vc_section full_width=&#8221;stretch_row&#8221;][vc_row full_width=&#8221;stretch_row&#8221;][vc_column][vc_custom_heading text=&#8221;A Grande Miss\u00e3o&#8221; font_container=&#8221;tag:h1|text_align:center&#8221; google_fonts=&#8221;font_family:Boogaloo%3Aregular|font_style:400%20regular%3A400%3Anormal&#8221;][vc_column_text css=&#8221;&#8221;] 2019 [\/vc_column_text][\/vc_column][\/vc_row][vc_row full_width=&#8221;stretch_row&#8221; el_id=&#8221;computer + mobile&#8221;][vc_column width=&#8221;1\/2&#8243; offset=&#8221;vc_hidden-md vc_hidden-sm&#8221;][vc_single_image image=&#8221;931&#8243; img_size=&#8221;large&#8221;][\/vc_column][vc_column width=&#8221;1\/2&#8243; offset=&#8221;vc_hidden-md vc_hidden-sm&#8221;][vc_column_text]Os Farrobinhas partem para mais uma aventura, desta vez rumo \u00e0 Ilha do Farol. Seguiriam de barco para participar numa a\u00e7\u00e3o de voluntariado ambiental com a prima Mena. Durante a viagem ficam encantados com as riquezas naturais da Ria Formosa. J\u00e1 em terra, volunt\u00e1rios recolhiam lixo no areal, fazendo a separa\u00e7\u00e3o correta. Mena coordenava as opera\u00e7\u00f5es e os Farrobinhas prontamente aceitam o desafio de livrar a ilha do lixo. No final da limpeza, os amigos t\u00eam direito a uma sess\u00e3o de mergulho na ria. Debaixo de \u00e1gua, observam a grandiosa biodiversidade mas s\u00e3o interrompidos por um cardume em grande agita\u00e7\u00e3o e pelo aparecimento de um ser misterioso. Os amigos conseguem escapar, menos o Farroba que fica preso por uma pata e \u00e9 arrastado para longe por aquela criatura. J\u00e1 \u00e0 superf\u00edcie, re\u00fanem-se com Mena para definirem um plano de resgate. Decidem subir ao farol de Santa Maria para perceber para onde se dirigia a criatura gigante. Conseguem assim ver uma mancha escura a mover-se com rapidez em dire\u00e7\u00e3o ao mar. Na carrinha-anf\u00edbio da Mena e com ajuda de&#8230;<\/p>\n","protected":false},"author":1,"featured_media":0,"parent":0,"menu_order":0,"comment_status":"closed","ping_status":"closed","template":"","meta":{"footnotes":""},"_links":{"self":[{"href":"https:\/\/farrobinhas.cm-faro.pt\/index.php\/wp-json\/wp\/v2\/pages\/496"}],"collection":[{"href":"https:\/\/farrobinhas.cm-faro.pt\/index.php\/wp-json\/wp\/v2\/pages"}],"about":[{"href":"https:\/\/farrobinhas.cm-faro.pt\/index.php\/wp-json\/wp\/v2\/types\/page"}],"author":[{"embeddable":true,"href":"https:\/\/farrobinhas.cm-faro.pt\/index.php\/wp-json\/wp\/v2\/users\/1"}],"replies":[{"embeddable":true,"href":"https:\/\/farrobinhas.cm-faro.pt\/index.php\/wp-json\/wp\/v2\/comments?post=496"}],"version-history":[{"count":25,"href":"https:\/\/farrobinhas.cm-faro.pt\/index.php\/wp-json\/wp\/v2\/pages\/496\/revisions"}],"predecessor-version":[{"id":1934,"href":"https:\/\/farrobinhas.cm-faro.pt\/index.php\/wp-json\/wp\/v2\/pages\/496\/revisions\/1934"}],"wp:attachment":[{"href":"https:\/\/farrobinhas.cm-faro.pt\/index.php\/wp-json\/wp\/v2\/media?parent=496"}],"curies":[{"name":"wp","href":"https:\/\/api.w.org\/{rel}","templated":true}]}}