{"id":454,"date":"2020-04-17T19:18:54","date_gmt":"2020-04-17T19:18:54","guid":{"rendered":"http:\/\/farrobinhas.cm-faro.pt\/?page_id=454"},"modified":"2024-05-02T09:04:08","modified_gmt":"2024-05-02T09:04:08","slug":"o-enigma-do-gnomo","status":"publish","type":"page","link":"https:\/\/farrobinhas.cm-faro.pt\/index.php\/o-enigma-do-gnomo\/","title":{"rendered":"O Enigma do Gnomo"},"content":{"rendered":"<div class=\"wpb-content-wrapper\"><p>[vc_section full_width=&#8221;stretch_row&#8221;][vc_row full_width=&#8221;stretch_row&#8221;][vc_column][vc_custom_heading text=&#8221;O Enigma do Gnomo&#8221; font_container=&#8221;tag:h1|text_align:center&#8221; google_fonts=&#8221;font_family:Boogaloo%3Aregular|font_style:400%20regular%3A400%3Anormal&#8221;][vc_column_text css=&#8221;&#8221;]<\/p>\n<p style=\"text-align: center;\"><strong>2017<\/strong><\/p>\n<p>[\/vc_column_text][\/vc_column][\/vc_row][vc_row full_width=&#8221;stretch_row&#8221; el_id=&#8221;computer + mobile&#8221;][vc_column width=&#8221;1\/2&#8243; offset=&#8221;vc_hidden-md vc_hidden-sm&#8221;][vc_single_image image=&#8221;928&#8243; img_size=&#8221;large&#8221;][\/vc_column][vc_column width=&#8221;1\/2&#8243; offset=&#8221;vc_hidden-md vc_hidden-sm&#8221;][vc_column_text]Os Farrobinhas decidem passar uma manh\u00e3 diferente, explorar o pinhal do Ludo e respirar o ar puro da Ria Formosa. Enquanto Ana procura plantas secas para a sua colec\u00e7\u00e3o, o Afonso brinca com o Farroba e o Eug\u00e9nio procura objetos m\u00e1gicos com a sua nova engenhoca. A inven\u00e7\u00e3o deteta uma garrafa de pl\u00e1stico meio enterrada no ch\u00e3o e os amigos encontram, no seu interior, um gnomo zangado que lhes ordena que o tirem dali. Apelida-se de gnomo Formoso III e afirma furioso que os humanos n\u00e3o respeitam a natureza e deixam lixo por todo o lado. Revoltado, transforma os quatro amigos em seres do tamanho de uma noz, dizendo que ficariam assim at\u00e9 encontrar um dos maiores segredos da m\u00e3e natureza. As perip\u00e9cias come\u00e7am ao serem perseguidos por uma raposa. Para escaparem, saltam para a Ria e Farroba consegue salv\u00e1-los com a ajuda de um tronco. Ap\u00f3s esta aventura, encontram uma cegonha presa numa rede de pesca e soltam-na, ao que ela agradece, convidando os amigos a subir para as suas asas. No c\u00e9u bem alto, os Farrobinhas deslumbram-se com a beleza da Ria Formosa, concordando que aquele era um tesouro da biodiversidade. Tinham encontrado a resposta ao enigma do gnomo: aquele era o maior tesouro oferecido pela natureza. A cegonha voa at\u00e9 ao pinhal do Ludo para l\u00e1 deixar os amigos, que tinham agora de encontrar o gnomo. Para tal, Eug\u00e9nio prop\u00f5e usar novamente o seu detetor m\u00e1gico que os guia at\u00e9 uma aldeia min\u00fascula, um mundo m\u00e1gico onde os habitantes pareciam estar a preparar uma festa. Ana cumprimenta uma gnoma, que diz aos amigos que eles s\u00e3o convidados para a celebra\u00e7\u00e3o do solst\u00edcio de inverno. Duendes, elfos, fadas e seres fant\u00e1sticos dan\u00e7avam e cantavam \u00e0 volta de uma fogueira. O gnomo Formoso III chega e conta a hist\u00f3ria de coragem e de respeito pela natureza dos Farrobinhas, tornando-os merecedores de participarem na cerim\u00f3nia. Ao final do dia, o gnomo, com palavras m\u00e1gicas, despede-se dos 4 amigos, que voltam ao seu tamanho natural. Agora, cabe-lhes a eles e a todos os humanos preservarem a natureza.<\/p>\n<p>Esta aventura retrata a import\u00e2ncia da preserva\u00e7\u00e3o do nosso patrim\u00f3nio natural que, infelizmente, ainda sofre muito com o mau comportamento das pessoas.[\/vc_column_text][vc_row_inner][vc_column_inner width=&#8221;1\/4&#8243;][vc_btn title=&#8221;IN\u00cdCIO&#8221; style=&#8221;outline-custom&#8221; outline_custom_color=&#8221;#000000&#8243; outline_custom_hover_background=&#8221;#000000&#8243; outline_custom_hover_text=&#8221;#ffffff&#8221; shape=&#8221;square&#8221; align=&#8221;center&#8221; button_block=&#8221;true&#8221; link=&#8221;url:https%3A%2F%2Ffarrobinhas.cm-faro.pt%2F|title:In%C3%ADcio||&#8221;][\/vc_column_inner][vc_column_inner width=&#8221;1\/4&#8243;][vc_btn title=&#8221;VER LIVRO&#8221; style=&#8221;outline-custom&#8221; outline_custom_color=&#8221;#000000&#8243; outline_custom_hover_background=&#8221;#000000&#8243; outline_custom_hover_text=&#8221;#ffffff&#8221; shape=&#8221;square&#8221; align=&#8221;center&#8221; button_block=&#8221;true&#8221; link=&#8221;url:https%3A%2F%2Ffarrobinhas.cm-faro.pt%2Fo-enigma-do-gnomo%2F%23livro|||&#8221;][\/vc_column_inner][vc_column_inner width=&#8221;1\/2&#8243;][vc_btn title=&#8221;DESCARREGAR LIVRO&#8221; style=&#8221;outline-custom&#8221; outline_custom_color=&#8221;#000000&#8243; outline_custom_hover_background=&#8221;#000000&#8243; outline_custom_hover_text=&#8221;#ffffff&#8221; shape=&#8221;square&#8221; align=&#8221;center&#8221; button_block=&#8221;true&#8221; link=&#8221;url:https%3A%2F%2Ffarrobinhas.cm-faro.pt%2Fwp-content%2Fuploads%2F2020%2F04%2F04_OEnigmadoGnomo_DescarregarLivro.pdf|||&#8221;][\/vc_column_inner][\/vc_row_inner][\/vc_column][\/vc_row][vc_row full_width=&#8221;stretch_row&#8221; el_id=&#8221;pc&#8221;][vc_column width=&#8221;1\/2&#8243; offset=&#8221;vc_hidden-lg vc_hidden-sm vc_hidden-xs&#8221;][vc_single_image image=&#8221;928&#8243; img_size=&#8221;large&#8221;][\/vc_column][vc_column width=&#8221;1\/2&#8243; offset=&#8221;vc_hidden-lg vc_hidden-sm vc_hidden-xs&#8221;][vc_column_text css=&#8221;.vc_custom_1630316618152{margin-bottom: 0px !important;}&#8221;]Os Farrobinhas decidem passar uma manh\u00e3 diferente, explorar o pinhal do Ludo e respirar o ar puro da Ria Formosa. Enquanto Ana procura plantas secas para a sua colec\u00e7\u00e3o, o Afonso brinca com o Farroba e o Eug\u00e9nio procura objetos m\u00e1gicos com a sua nova engenhoca. A inven\u00e7\u00e3o deteta uma garrafa de pl\u00e1stico meio enterrada no ch\u00e3o e os amigos encontram, no seu interior, um gnomo zangado que lhes ordena que o tirem dali. Apelida-se de gnomo Formoso III e afirma furioso que os humanos n\u00e3o respeitam a natureza e deixam lixo por todo o lado. Revoltado, transforma os quatro amigos em seres do tamanho de uma noz, dizendo que ficariam assim at\u00e9 encontrar um dos maiores segredos da m\u00e3e natureza. As perip\u00e9cias come\u00e7am ao serem perseguidos por uma raposa. Para escaparem, saltam para a Ria e Farroba consegue salv\u00e1-los com a ajuda de um tronco. Ap\u00f3s esta aventura, encontram uma cegonha presa numa rede de pesca e soltam-na, ao que ela agradece, convidando os amigos a subir para as suas asas. No c\u00e9u bem alto, os Farrobinhas deslumbram-se com a beleza da Ria Formosa, concordando que aquele era um tesouro da[\/vc_column_text][\/vc_column][vc_column offset=&#8221;vc_hidden-lg vc_hidden-sm vc_hidden-xs&#8221;][vc_column_text css=&#8221;.vc_custom_1630316611418{margin-top: 0px !important;}&#8221;]biodiversidade. Tinham encontrado a resposta ao enigma do gnomo: aquele era o maior tesouro oferecido pela natureza. A cegonha voa at\u00e9 ao pinhal do Ludo para l\u00e1 deixar os amigos, que tinham agora de encontrar o gnomo. Para tal, Eug\u00e9nio prop\u00f5e usar novamente o seu detetor m\u00e1gico que os guia at\u00e9 uma aldeia min\u00fascula, um mundo m\u00e1gico onde os habitantes pareciam estar a preparar uma festa. Ana cumprimenta uma gnoma, que diz aos amigos que eles s\u00e3o convidados para a celebra\u00e7\u00e3o do solst\u00edcio de inverno. Duendes, elfos, fadas e seres fant\u00e1sticos dan\u00e7avam e cantavam \u00e0 volta de uma fogueira. O gnomo Formoso III chega e conta a hist\u00f3ria de coragem e de respeito pela natureza dos Farrobinhas, tornando-os merecedores de participarem na cerim\u00f3nia. Ao final do dia, o gnomo, com palavras m\u00e1gicas, despede-se dos 4 amigos, que voltam ao seu tamanho natural. Agora, cabe-lhes a eles e a todos os humanos preservarem a natureza.<\/p>\n<p>Esta aventura retrata a import\u00e2ncia da preserva\u00e7\u00e3o do nosso patrim\u00f3nio natural que, infelizmente, ainda sofre muito com o mau comportamento das pessoas.[\/vc_column_text][vc_row_inner][vc_column_inner width=&#8221;1\/4&#8243;][vc_btn title=&#8221;IN\u00cdCIO&#8221; style=&#8221;outline-custom&#8221; outline_custom_color=&#8221;#000000&#8243; outline_custom_hover_background=&#8221;#000000&#8243; outline_custom_hover_text=&#8221;#ffffff&#8221; shape=&#8221;square&#8221; align=&#8221;center&#8221; button_block=&#8221;true&#8221; link=&#8221;url:https%3A%2F%2Ffarrobinhas.cm-faro.pt%2F|title:In%C3%ADcio||&#8221;][\/vc_column_inner][vc_column_inner width=&#8221;1\/4&#8243;][vc_btn title=&#8221;VER LIVRO&#8221; style=&#8221;outline-custom&#8221; outline_custom_color=&#8221;#000000&#8243; outline_custom_hover_background=&#8221;#000000&#8243; outline_custom_hover_text=&#8221;#ffffff&#8221; shape=&#8221;square&#8221; align=&#8221;center&#8221; button_block=&#8221;true&#8221; link=&#8221;url:https%3A%2F%2Ffarrobinhas.cm-faro.pt%2Fo-enigma-do-gnomo%2F%23livro|||&#8221;][\/vc_column_inner][vc_column_inner width=&#8221;1\/2&#8243;][vc_btn title=&#8221;DESCARREGAR LIVRO&#8221; style=&#8221;outline-custom&#8221; outline_custom_color=&#8221;#000000&#8243; outline_custom_hover_background=&#8221;#000000&#8243; outline_custom_hover_text=&#8221;#ffffff&#8221; shape=&#8221;square&#8221; align=&#8221;center&#8221; button_block=&#8221;true&#8221; link=&#8221;url:https%3A%2F%2Ffarrobinhas.cm-faro.pt%2Fwp-content%2Fuploads%2F2020%2F04%2F04_OEnigmadoGnomo_DescarregarLivro.pdf|||&#8221;][\/vc_column_inner][\/vc_row_inner][\/vc_column][\/vc_row][vc_row full_width=&#8221;stretch_row&#8221; el_id=&#8221;tablet&#8221;][vc_column offset=&#8221;vc_hidden-lg vc_hidden-md vc_hidden-xs&#8221;][vc_row_inner][vc_column_inner width=&#8221;1\/6&#8243;][\/vc_column_inner][vc_column_inner width=&#8221;4\/6&#8243;][vc_single_image image=&#8221;928&#8243; img_size=&#8221;large&#8221;][\/vc_column_inner][vc_column_inner width=&#8221;1\/6&#8243;][\/vc_column_inner][\/vc_row_inner][vc_column_text]Os Farrobinhas decidem passar uma manh\u00e3 diferente, explorar o pinhal do Ludo e respirar o ar puro da Ria Formosa. Enquanto Ana procura plantas secas para a sua colec\u00e7\u00e3o, o Afonso brinca com o Farroba e o Eug\u00e9nio procura objetos m\u00e1gicos com a sua nova engenhoca. A inven\u00e7\u00e3o deteta uma garrafa de pl\u00e1stico meio enterrada no ch\u00e3o e os amigos encontram, no seu interior, um gnomo zangado que lhes ordena que o tirem dali. Apelida-se de gnomo Formoso III e afirma furioso que os humanos n\u00e3o respeitam a natureza e deixam lixo por todo o lado. Revoltado, transforma os quatro amigos em seres do tamanho de uma noz, dizendo que ficariam assim at\u00e9 encontrar um dos maiores segredos da m\u00e3e natureza. As perip\u00e9cias come\u00e7am ao serem perseguidos por uma raposa. Para escaparem, saltam para a Ria e Farroba consegue salv\u00e1-los com a ajuda de um tronco. Ap\u00f3s esta aventura, encontram uma cegonha presa numa rede de pesca e soltam-na, ao que ela agradece, convidando os amigos a subir para as suas asas. No c\u00e9u bem alto, os Farrobinhas deslumbram-se com a beleza da Ria Formosa, concordando que aquele era um tesouro da biodiversidade. Tinham encontrado a resposta ao enigma do gnomo: aquele era o maior tesouro oferecido pela natureza. A cegonha voa at\u00e9 ao pinhal do Ludo para l\u00e1 deixar os amigos, que tinham agora de encontrar o gnomo. Para tal, Eug\u00e9nio prop\u00f5e usar novamente o seu detetor m\u00e1gico que os guia at\u00e9 uma aldeia min\u00fascula, um mundo m\u00e1gico onde os habitantes pareciam estar a preparar uma festa. Ana cumprimenta uma gnoma, que diz aos amigos que eles s\u00e3o convidados para a celebra\u00e7\u00e3o do solst\u00edcio de inverno. Duendes, elfos, fadas e seres fant\u00e1sticos dan\u00e7avam e cantavam \u00e0 volta de uma fogueira. O gnomo Formoso III chega e conta a hist\u00f3ria de coragem e de respeito pela natureza dos Farrobinhas, tornando-os merecedores de participarem na cerim\u00f3nia. Ao final do dia, o gnomo, com palavras m\u00e1gicas, despede-se dos 4 amigos, que voltam ao seu tamanho natural. Agora, cabe-lhes a eles e a todos os humanos preservarem a natureza.<\/p>\n<p>Esta aventura retrata a import\u00e2ncia da preserva\u00e7\u00e3o do nosso patrim\u00f3nio natural que, infelizmente, ainda sofre muito com o mau comportamento das pessoas.[\/vc_column_text][vc_row_inner][vc_column_inner width=&#8221;1\/4&#8243;][vc_btn title=&#8221;IN\u00cdCIO&#8221; style=&#8221;outline-custom&#8221; outline_custom_color=&#8221;#000000&#8243; outline_custom_hover_background=&#8221;#000000&#8243; outline_custom_hover_text=&#8221;#ffffff&#8221; shape=&#8221;square&#8221; align=&#8221;center&#8221; button_block=&#8221;true&#8221; link=&#8221;url:https%3A%2F%2Ffarrobinhas.cm-faro.pt%2F|title:In%C3%ADcio||&#8221;][\/vc_column_inner][vc_column_inner width=&#8221;1\/4&#8243;][vc_btn title=&#8221;VER LIVRO&#8221; style=&#8221;outline-custom&#8221; outline_custom_color=&#8221;#000000&#8243; outline_custom_hover_background=&#8221;#000000&#8243; outline_custom_hover_text=&#8221;#ffffff&#8221; shape=&#8221;square&#8221; align=&#8221;center&#8221; button_block=&#8221;true&#8221; link=&#8221;url:https%3A%2F%2Ffarrobinhas.cm-faro.pt%2Fo-enigma-do-gnomo%2F%23livro|||&#8221;][\/vc_column_inner][vc_column_inner width=&#8221;1\/2&#8243;][vc_btn title=&#8221;DESCARREGAR LIVRO&#8221; style=&#8221;outline-custom&#8221; outline_custom_color=&#8221;#000000&#8243; outline_custom_hover_background=&#8221;#000000&#8243; outline_custom_hover_text=&#8221;#ffffff&#8221; shape=&#8221;square&#8221; align=&#8221;center&#8221; button_block=&#8221;true&#8221; link=&#8221;url:https%3A%2F%2Ffarrobinhas.cm-faro.pt%2Fwp-content%2Fuploads%2F2020%2F04%2F04_OEnigmadoGnomo_DescarregarLivro.pdf|||&#8221;][\/vc_column_inner][\/vc_row_inner][\/vc_column][\/vc_row][vc_row full_width=&#8221;stretch_row&#8221;][vc_column][vc_empty_space height=&#8221;20px&#8221;][\/vc_column][\/vc_row][\/vc_section][vc_section el_id=&#8221;livro&#8221;][vc_row full_width=&#8221;stretch_row&#8221;][vc_column][vc_empty_space height=&#8221;40px&#8221;][vc_column_text]<div class=\"_df_book df-lite\" id=\"df_540\"  _slug=\"o-enigma-do-gnomo\" data-title=\"o-enigma-do-gnomo\" wpoptions=\"true\" thumbtype=\"\" ><\/div><script class=\"df-shortcode-script\" nowprocket type=\"application\/javascript\">window.option_df_540 = {\"outline\":[],\"backgroundColor\":\"#ffffff\",\"hard\":\"cover\",\"autoEnableOutline\":\"false\",\"autoEnableThumbnail\":\"false\",\"overwritePDFOutline\":\"false\",\"enableDownload\":\"false\",\"direction\":\"1\",\"pageSize\":\"0\",\"pageMode\":\"0\",\"controlsPosition\":\"hide\",\"soundEnable\":\"false\",\"autoPlay\":\"false\",\"autoPlayStart\":\"false\",\"source\":\"https:\\\/\\\/farrobinhas.cm-faro.pt\\\/wp-content\\\/uploads\\\/2020\\\/04\\\/04_OEnigmadoGnomo_VerLivro.pdf\",\"wpOptions\":\"true\"}; if(window.DFLIP && window.DFLIP.parseBooks){window.DFLIP.parseBooks();}<\/script>[\/vc_column_text][\/vc_column][\/vc_row][\/vc_section][vc_section full_width=&#8221;stretch_row&#8221; disable_element=&#8221;yes&#8221; el_id=&#8221;aventuras&#8221;][vc_row][vc_column][vc_empty_space height=&#8221;40px&#8221;][vc_custom_heading text=&#8221;As Aventuras&#8221; font_container=&#8221;tag:h1|text_align:center&#8221; google_fonts=&#8221;font_family:Boogaloo%3Aregular|font_style:400%20regular%3A400%3Anormal&#8221;][\/vc_column][\/vc_row][vc_row][vc_column][vc_column_text][evc_image_gallery type=&#8221;carousel&#8221; image_behavior=&#8221;overlay&#8221; number_of_visible_items=&#8221;5&#8243; carousel_autoplay=&#8221;no&#8221; image_size=&#8221;large&#8221; custom_links=&#8221;https:\/\/farrobinhas.cm-faro.pt\/uma-aventura-de-natal\/, https:\/\/farrobinhas.cm-faro.pt\/uma-grande-caofusao\/, https:\/\/farrobinhas.cm-faro.pt\/os-segredos-da-aldeia-de-estoi\/, https:\/\/farrobinhas.cm-faro.pt\/o-enigma-do-gnomo\/, https:\/\/farrobinhas.cm-faro.pt\/a-descoberta-da-agua\/, https:\/\/farrobinhas.cm-faro.pt\/era-uma-vez-a-origem\/, https:\/\/farrobinhas.cm-faro.pt\/a-grande-missao\/, https:\/\/farrobinhas.cm-faro.pt\/campeoes-intergalaticos\/, https:\/\/farrobinhas.cm-faro.pt\/uma-aventura-em-casa\/, https:\/\/farrobinhas.cm-faro.pt\/perdidos-no-oeste\/, https:\/\/farrobinhas.cm-faro.pt\/desafio-virtual\/, https:\/\/farrobinhas.cm-faro.pt\/um-presente-especial\/, https:\/\/farrobinhas.cm-faro.pt\/ciclo-das-cascas\/, https:\/\/farrobinhas.cm-faro.pt\/zooniverso\/, https:\/\/farrobinhas.cm-faro.pt\/o-talisma-misterioso\/, https:\/\/farrobinhas.cm-faro.pt\/operacao-resgate-do-pai-natal&#8221; images=&#8221;925,926,927,928,929,930,931,932,987,1159,1372,1389,1459,1573,1640,1747&#8243;][vc_empty_space height=&#8221;30px&#8221;][\/vc_column_text][\/vc_column][\/vc_row][\/vc_section]<\/p>\n<\/div>","protected":false},"excerpt":{"rendered":"<p>[vc_section full_width=&#8221;stretch_row&#8221;][vc_row full_width=&#8221;stretch_row&#8221;][vc_column][vc_custom_heading text=&#8221;O Enigma do Gnomo&#8221; font_container=&#8221;tag:h1|text_align:center&#8221; google_fonts=&#8221;font_family:Boogaloo%3Aregular|font_style:400%20regular%3A400%3Anormal&#8221;][vc_column_text css=&#8221;&#8221;] 2017 [\/vc_column_text][\/vc_column][\/vc_row][vc_row full_width=&#8221;stretch_row&#8221; el_id=&#8221;computer + mobile&#8221;][vc_column width=&#8221;1\/2&#8243; offset=&#8221;vc_hidden-md vc_hidden-sm&#8221;][vc_single_image image=&#8221;928&#8243; img_size=&#8221;large&#8221;][\/vc_column][vc_column width=&#8221;1\/2&#8243; offset=&#8221;vc_hidden-md vc_hidden-sm&#8221;][vc_column_text]Os Farrobinhas decidem passar uma manh\u00e3 diferente, explorar o pinhal do Ludo e respirar o ar puro da Ria Formosa. Enquanto Ana procura plantas secas para a sua colec\u00e7\u00e3o, o Afonso brinca com o Farroba e o Eug\u00e9nio procura objetos m\u00e1gicos com a sua nova engenhoca. A inven\u00e7\u00e3o deteta uma garrafa de pl\u00e1stico meio enterrada no ch\u00e3o e os amigos encontram, no seu interior, um gnomo zangado que lhes ordena que o tirem dali. Apelida-se de gnomo Formoso III e afirma furioso que os humanos n\u00e3o respeitam a natureza e deixam lixo por todo o lado. Revoltado, transforma os quatro amigos em seres do tamanho de uma noz, dizendo que ficariam assim at\u00e9 encontrar um dos maiores segredos da m\u00e3e natureza. As perip\u00e9cias come\u00e7am ao serem perseguidos por uma raposa. Para escaparem, saltam para a Ria e Farroba consegue salv\u00e1-los com a ajuda de um tronco. Ap\u00f3s esta aventura, encontram uma cegonha presa numa rede de pesca e soltam-na, ao que ela agradece, convidando os amigos a subir para as suas asas. No c\u00e9u bem alto, os&#8230;<\/p>\n","protected":false},"author":1,"featured_media":0,"parent":0,"menu_order":0,"comment_status":"closed","ping_status":"closed","template":"","meta":{"footnotes":""},"_links":{"self":[{"href":"https:\/\/farrobinhas.cm-faro.pt\/index.php\/wp-json\/wp\/v2\/pages\/454"}],"collection":[{"href":"https:\/\/farrobinhas.cm-faro.pt\/index.php\/wp-json\/wp\/v2\/pages"}],"about":[{"href":"https:\/\/farrobinhas.cm-faro.pt\/index.php\/wp-json\/wp\/v2\/types\/page"}],"author":[{"embeddable":true,"href":"https:\/\/farrobinhas.cm-faro.pt\/index.php\/wp-json\/wp\/v2\/users\/1"}],"replies":[{"embeddable":true,"href":"https:\/\/farrobinhas.cm-faro.pt\/index.php\/wp-json\/wp\/v2\/comments?post=454"}],"version-history":[{"count":31,"href":"https:\/\/farrobinhas.cm-faro.pt\/index.php\/wp-json\/wp\/v2\/pages\/454\/revisions"}],"predecessor-version":[{"id":1940,"href":"https:\/\/farrobinhas.cm-faro.pt\/index.php\/wp-json\/wp\/v2\/pages\/454\/revisions\/1940"}],"wp:attachment":[{"href":"https:\/\/farrobinhas.cm-faro.pt\/index.php\/wp-json\/wp\/v2\/media?parent=454"}],"curies":[{"name":"wp","href":"https:\/\/api.w.org\/{rel}","templated":true}]}}