{"id":437,"date":"2020-04-17T19:02:40","date_gmt":"2020-04-17T19:02:40","guid":{"rendered":"http:\/\/farrobinhas.cm-faro.pt\/?page_id=437"},"modified":"2024-05-02T09:04:47","modified_gmt":"2024-05-02T09:04:47","slug":"os-segredos-da-aldeia-de-estoi","status":"publish","type":"page","link":"https:\/\/farrobinhas.cm-faro.pt\/index.php\/os-segredos-da-aldeia-de-estoi\/","title":{"rendered":"Os Segredos da Aldeia de Estoi"},"content":{"rendered":"<div class=\"wpb-content-wrapper\"><p>[vc_section full_width=&#8221;stretch_row&#8221;][vc_row full_width=&#8221;stretch_row&#8221;][vc_column][vc_custom_heading text=&#8221;Os Segredos da Aldeia de Estoi&#8221; font_container=&#8221;tag:h1|text_align:center&#8221; google_fonts=&#8221;font_family:Boogaloo%3Aregular|font_style:400%20regular%3A400%3Anormal&#8221;][vc_column_text css=&#8221;&#8221;]<\/p>\n<p style=\"text-align: center;\"><strong>2017<\/strong><\/p>\n<p>[\/vc_column_text][\/vc_column][\/vc_row][vc_row full_width=&#8221;stretch_row&#8221; el_id=&#8221;computer + mobile&#8221;][vc_column width=&#8221;1\/2&#8243; offset=&#8221;vc_hidden-md vc_hidden-sm&#8221;][vc_single_image image=&#8221;927&#8243; img_size=&#8221;large&#8221;][\/vc_column][vc_column width=&#8221;1\/2&#8243; offset=&#8221;vc_hidden-md vc_hidden-sm&#8221;][vc_column_text]A av\u00f3 Lurdes decide, num belo dia de primavera, levar os Farrobinhas a passear pela aldeia de Estoi, onde est\u00e1 a decorrer a Festa da Pinha e no caminho encontram um Maio, um boneco de pano do tamanho de uma pessoa, uma curiosa tradi\u00e7\u00e3o da regi\u00e3o. J\u00e1 em Estoi, ap\u00f3s receber a not\u00edcia de uma estranha descoberta nas Ru\u00ednas de Milreu, a av\u00f3, arque\u00f3loga de profiss\u00e3o, decide ir at\u00e9 l\u00e1 com os Farrobinhas. Os amigos descobrem um maravilhoso rel\u00f3gio de sol escondido nas ru\u00ednas e Afonso aciona sem querer o ponteiro do rel\u00f3gio de pedra, no momento em que a sombra alinha no n\u00famero XII. O rel\u00f3gio parece ganhar vida e transporta os quatro amigos, atrav\u00e9s de um t\u00fanel do tempo, para a \u00e9poca romana! Apercebem-se que est\u00e3o em Milreu, h\u00e1 dois mil e catorze anos atr\u00e1s. Um guarda romano pergunta-lhes se s\u00e3o convidados de Oss\u00f3noba para a festa da Flor\u00e1lia e pensa que Ana \u00e9 Flora, deusa das Flores. A popula\u00e7\u00e3o fica contente com esta presen\u00e7a e venera Ana como se fosse a deusa que traria boas colheitas. Na villa, Ana aproveita-se do seu estatuto de Deusa, afirmando n\u00e3o querer ser incomodada por Afonso e Eug\u00e9nio mas era necess\u00e1rio traz\u00ea-la de volta para regressar no dia seguinte, antes do meio-dia. Ap\u00f3s ver a tristeza dos amigos, Ana, rodeada de admiradores, pede ajuda para sair daquela situa\u00e7\u00e3o. Afonso e Eug\u00e9nio decidem disfar\u00e7ar-se de Maio gigante, para distrair a multid\u00e3o e ordenar ao governador que entregue a deusa Flora ao Deus Farrobinha. O plano resulta e os quatro amigos apressam-se em dire\u00e7\u00e3o ao rel\u00f3gio de sol, que ao meio-dia volta a ativar-se para os levar de volta. J\u00e1 nas ru\u00ednas, abra\u00e7am a av\u00f3, contam-lhe que viajaram no tempo com o rel\u00f3gio de sol, mas depressa se apercebem que este deu lugar a uma linda est\u00e1tua da deusa Flora. Felizes regressam todos para a aldeia vestida a rigor para receber a Festa da Pinha.<\/p>\n<p>Nesta terceira aventura, os Farrobinhas d\u00e3o a conhecer tradi\u00e7\u00f5es rurais do concelho, paisagens rurais de beleza singular e um rico patrim\u00f3nio arquitect\u00f3nico, atrav\u00e9s do maravilhoso mundo de Milreu, onde a presen\u00e7a romana foi marcante e que importa preservar.[\/vc_column_text][vc_row_inner][vc_column_inner width=&#8221;1\/4&#8243;][vc_btn title=&#8221;IN\u00cdCIO&#8221; style=&#8221;outline-custom&#8221; outline_custom_color=&#8221;#000000&#8243; outline_custom_hover_background=&#8221;#000000&#8243; outline_custom_hover_text=&#8221;#ffffff&#8221; shape=&#8221;square&#8221; align=&#8221;center&#8221; button_block=&#8221;true&#8221; link=&#8221;url:https%3A%2F%2Ffarrobinhas.cm-faro.pt%2F|title:In%C3%ADcio||&#8221;][\/vc_column_inner][vc_column_inner width=&#8221;1\/4&#8243;][vc_btn title=&#8221;VER LIVRO&#8221; style=&#8221;outline-custom&#8221; outline_custom_color=&#8221;#000000&#8243; outline_custom_hover_background=&#8221;#000000&#8243; outline_custom_hover_text=&#8221;#ffffff&#8221; shape=&#8221;square&#8221; align=&#8221;center&#8221; button_block=&#8221;true&#8221; link=&#8221;url:https%3A%2F%2Ffarrobinhas.cm-faro.pt%2Fos-segredos-da-aldeia-de-estoi%2F%23livro|||&#8221;][\/vc_column_inner][vc_column_inner width=&#8221;1\/2&#8243;][vc_btn title=&#8221;DESCARREGAR LIVRO&#8221; style=&#8221;outline-custom&#8221; outline_custom_color=&#8221;#000000&#8243; outline_custom_hover_background=&#8221;#000000&#8243; outline_custom_hover_text=&#8221;#ffffff&#8221; shape=&#8221;square&#8221; align=&#8221;center&#8221; button_block=&#8221;true&#8221; link=&#8221;url:https%3A%2F%2Ffarrobinhas.cm-faro.pt%2Fwp-content%2Fuploads%2F2020%2F04%2F03_OsSegredosdaAldeiadeEstoi_DescarregarLivro.pdf|||&#8221;][\/vc_column_inner][\/vc_row_inner][\/vc_column][\/vc_row][vc_row full_width=&#8221;stretch_row&#8221; el_id=&#8221;pc&#8221;][vc_column width=&#8221;1\/2&#8243; offset=&#8221;vc_hidden-lg vc_hidden-sm vc_hidden-xs&#8221;][vc_single_image image=&#8221;927&#8243; img_size=&#8221;large&#8221;][\/vc_column][vc_column width=&#8221;1\/2&#8243; offset=&#8221;vc_hidden-lg vc_hidden-sm vc_hidden-xs&#8221;][vc_column_text css=&#8221;.vc_custom_1630316563687{margin-bottom: 0px !important;}&#8221;]A av\u00f3 Lurdes decide, num belo dia de primavera, levar os Farrobinhas a passear pela aldeia de Estoi, onde est\u00e1 a decorrer a Festa da Pinha e no caminho encontram um Maio, um boneco de pano do tamanho de uma pessoa, uma curiosa tradi\u00e7\u00e3o da regi\u00e3o. J\u00e1 em Estoi, ap\u00f3s receber a not\u00edcia de uma estranha descoberta nas Ru\u00ednas de Milreu, a av\u00f3, arque\u00f3loga de profiss\u00e3o, decide ir at\u00e9 l\u00e1 com os Farrobinhas. Os amigos descobrem um maravilhoso rel\u00f3gio de sol escondido nas ru\u00ednas e Afonso aciona sem querer o ponteiro do rel\u00f3gio de pedra, no momento em que a sombra alinha no n\u00famero XII. O rel\u00f3gio parece ganhar vida e transporta os quatro amigos, atrav\u00e9s de um t\u00fanel do tempo, para a \u00e9poca romana! Apercebem-se que est\u00e3o em Milreu, h\u00e1 dois mil e catorze anos atr\u00e1s. Um guarda romano pergunta-lhes se s\u00e3o convidados de Oss\u00f3noba para a festa da Flor\u00e1lia e pensa que Ana \u00e9 Flora, deusa das Flores. A popula\u00e7\u00e3o fica contente com esta presen\u00e7a e venera Ana como se fosse a deusa que traria boas colheitas. Na villa, Ana aproveita-se do seu estatuto de Deusa, afirmando n\u00e3o querer ser incomodada por Afonso e Eug\u00e9nio mas era necess\u00e1rio traz\u00ea-la de volta para regressar[\/vc_column_text][\/vc_column][vc_column offset=&#8221;vc_hidden-lg vc_hidden-sm vc_hidden-xs&#8221;][vc_column_text css=&#8221;.vc_custom_1630316568363{margin-top: 0px !important;}&#8221;]no dia seguinte, antes do meio-dia. Ap\u00f3s ver a tristeza dos amigos, Ana, rodeada de admiradores, pede ajuda para sair daquela situa\u00e7\u00e3o. Afonso e Eug\u00e9nio decidem disfar\u00e7ar-se de Maio gigante, para distrair a multid\u00e3o e ordenar ao governador que entregue a deusa Flora ao Deus Farrobinha. O plano resulta e os quatro amigos apressam-se em dire\u00e7\u00e3o ao rel\u00f3gio de sol, que ao meio-dia volta a ativar-se para os levar de volta. J\u00e1 nas ru\u00ednas, abra\u00e7am a av\u00f3, contam-lhe que viajaram no tempo com o rel\u00f3gio de sol, mas depressa se apercebem que este deu lugar a uma linda est\u00e1tua da deusa Flora. Felizes regressam todos para a aldeia vestida a rigor para receber a Festa da Pinha.<\/p>\n<p>Nesta terceira aventura, os Farrobinhas d\u00e3o a conhecer tradi\u00e7\u00f5es rurais do concelho, paisagens rurais de beleza singular e um rico patrim\u00f3nio arquitect\u00f3nico, atrav\u00e9s do maravilhoso mundo de Milreu, onde a presen\u00e7a romana foi marcante e que importa preservar.[\/vc_column_text][vc_row_inner][vc_column_inner width=&#8221;1\/4&#8243;][vc_btn title=&#8221;IN\u00cdCIO&#8221; style=&#8221;outline-custom&#8221; outline_custom_color=&#8221;#000000&#8243; outline_custom_hover_background=&#8221;#000000&#8243; outline_custom_hover_text=&#8221;#ffffff&#8221; shape=&#8221;square&#8221; align=&#8221;center&#8221; button_block=&#8221;true&#8221; link=&#8221;url:https%3A%2F%2Ffarrobinhas.cm-faro.pt%2F|title:In%C3%ADcio||&#8221;][\/vc_column_inner][vc_column_inner width=&#8221;1\/4&#8243;][vc_btn title=&#8221;VER LIVRO&#8221; style=&#8221;outline-custom&#8221; outline_custom_color=&#8221;#000000&#8243; outline_custom_hover_background=&#8221;#000000&#8243; outline_custom_hover_text=&#8221;#ffffff&#8221; shape=&#8221;square&#8221; align=&#8221;center&#8221; button_block=&#8221;true&#8221; link=&#8221;url:https%3A%2F%2Ffarrobinhas.cm-faro.pt%2Fos-segredos-da-aldeia-de-estoi%2F%23livro|||&#8221;][\/vc_column_inner][vc_column_inner width=&#8221;1\/2&#8243;][vc_btn title=&#8221;DESCARREGAR LIVRO&#8221; style=&#8221;outline-custom&#8221; outline_custom_color=&#8221;#000000&#8243; outline_custom_hover_background=&#8221;#000000&#8243; outline_custom_hover_text=&#8221;#ffffff&#8221; shape=&#8221;square&#8221; align=&#8221;center&#8221; button_block=&#8221;true&#8221; link=&#8221;url:https%3A%2F%2Ffarrobinhas.cm-faro.pt%2Fwp-content%2Fuploads%2F2020%2F04%2F03_OsSegredosdaAldeiadeEstoi_DescarregarLivro.pdf|||&#8221;][\/vc_column_inner][\/vc_row_inner][\/vc_column][\/vc_row][vc_row full_width=&#8221;stretch_row&#8221; el_id=&#8221;tablet&#8221;][vc_column offset=&#8221;vc_hidden-lg vc_hidden-md vc_hidden-xs&#8221;][vc_row_inner][vc_column_inner width=&#8221;1\/6&#8243;][\/vc_column_inner][vc_column_inner width=&#8221;4\/6&#8243;][vc_single_image image=&#8221;927&#8243; img_size=&#8221;large&#8221;][\/vc_column_inner][vc_column_inner width=&#8221;1\/6&#8243;][\/vc_column_inner][\/vc_row_inner][vc_column_text]A av\u00f3 Lurdes decide, num belo dia de primavera, levar os Farrobinhas a passear pela aldeia de Estoi, onde est\u00e1 a decorrer a Festa da Pinha e no caminho encontram um Maio, um boneco de pano do tamanho de uma pessoa, uma curiosa tradi\u00e7\u00e3o da regi\u00e3o. J\u00e1 em Estoi, ap\u00f3s receber a not\u00edcia de uma estranha descoberta nas Ru\u00ednas de Milreu, a av\u00f3, arque\u00f3loga de profiss\u00e3o, decide ir at\u00e9 l\u00e1 com os Farrobinhas. Os amigos descobrem um maravilhoso rel\u00f3gio de sol escondido nas ru\u00ednas e Afonso aciona sem querer o ponteiro do rel\u00f3gio de pedra, no momento em que a sombra alinha no n\u00famero XII. O rel\u00f3gio parece ganhar vida e transporta os quatro amigos, atrav\u00e9s de um t\u00fanel do tempo, para a \u00e9poca romana! Apercebem-se que est\u00e3o em Milreu, h\u00e1 dois mil e catorze anos atr\u00e1s. Um guarda romano pergunta-lhes se s\u00e3o convidados de Oss\u00f3noba para a festa da Flor\u00e1lia e pensa que Ana \u00e9 Flora, deusa das Flores. A popula\u00e7\u00e3o fica contente com esta presen\u00e7a e venera Ana como se fosse a deusa que traria boas colheitas. Na villa, Ana aproveita-se do seu estatuto de Deusa, afirmando n\u00e3o querer ser incomodada por Afonso e Eug\u00e9nio mas era necess\u00e1rio traz\u00ea-la de volta para regressar no dia seguinte, antes do meio-dia. Ap\u00f3s ver a tristeza dos amigos, Ana, rodeada de admiradores, pede ajuda para sair daquela situa\u00e7\u00e3o. Afonso e Eug\u00e9nio decidem disfar\u00e7ar-se de Maio gigante, para distrair a multid\u00e3o e ordenar ao governador que entregue a deusa Flora ao Deus Farrobinha. O plano resulta e os quatro amigos apressam-se em dire\u00e7\u00e3o ao rel\u00f3gio de sol, que ao meio-dia volta a ativar-se para os levar de volta. J\u00e1 nas ru\u00ednas, abra\u00e7am a av\u00f3, contam-lhe que viajaram no tempo com o rel\u00f3gio de sol, mas depressa se apercebem que este deu lugar a uma linda est\u00e1tua da deusa Flora. Felizes regressam todos para a aldeia vestida a rigor para receber a Festa da Pinha.<\/p>\n<p>Nesta terceira aventura, os Farrobinhas d\u00e3o a conhecer tradi\u00e7\u00f5es rurais do concelho, paisagens rurais de beleza singular e um rico patrim\u00f3nio arquitect\u00f3nico, atrav\u00e9s do maravilhoso mundo de Milreu, onde a presen\u00e7a romana foi marcante e que importa preservar.[\/vc_column_text][vc_row_inner][vc_column_inner width=&#8221;1\/4&#8243;][vc_btn title=&#8221;IN\u00cdCIO&#8221; style=&#8221;outline-custom&#8221; outline_custom_color=&#8221;#000000&#8243; outline_custom_hover_background=&#8221;#000000&#8243; outline_custom_hover_text=&#8221;#ffffff&#8221; shape=&#8221;square&#8221; align=&#8221;center&#8221; button_block=&#8221;true&#8221; link=&#8221;url:https%3A%2F%2Ffarrobinhas.cm-faro.pt%2F|title:In%C3%ADcio||&#8221;][\/vc_column_inner][vc_column_inner width=&#8221;1\/4&#8243;][vc_btn title=&#8221;VER LIVRO&#8221; style=&#8221;outline-custom&#8221; outline_custom_color=&#8221;#000000&#8243; outline_custom_hover_background=&#8221;#000000&#8243; outline_custom_hover_text=&#8221;#ffffff&#8221; shape=&#8221;square&#8221; align=&#8221;center&#8221; button_block=&#8221;true&#8221; link=&#8221;url:https%3A%2F%2Ffarrobinhas.cm-faro.pt%2Fos-segredos-da-aldeia-de-estoi%2F%23livro|||&#8221;][\/vc_column_inner][vc_column_inner width=&#8221;1\/2&#8243;][vc_btn title=&#8221;DESCARREGAR LIVRO&#8221; style=&#8221;outline-custom&#8221; outline_custom_color=&#8221;#000000&#8243; outline_custom_hover_background=&#8221;#000000&#8243; outline_custom_hover_text=&#8221;#ffffff&#8221; shape=&#8221;square&#8221; align=&#8221;center&#8221; button_block=&#8221;true&#8221; link=&#8221;url:https%3A%2F%2Ffarrobinhas.cm-faro.pt%2Fwp-content%2Fuploads%2F2020%2F04%2F03_OsSegredosdaAldeiadeEstoi_DescarregarLivro.pdf|||&#8221;][\/vc_column_inner][\/vc_row_inner][\/vc_column][\/vc_row][vc_row full_width=&#8221;stretch_row&#8221;][vc_column][vc_empty_space height=&#8221;20px&#8221;][\/vc_column][\/vc_row][\/vc_section][vc_section el_id=&#8221;livro&#8221;][vc_row full_width=&#8221;stretch_row&#8221;][vc_column][vc_empty_space height=&#8221;40px&#8221;][vc_column_text]<div class=\"_df_book df-lite\" id=\"df_537\"  _slug=\"os-segredos-da-aldeia-de-estoi\" data-title=\"os-segredos-da-aldeia-de-estoi\" wpoptions=\"true\" thumbtype=\"\" ><\/div><script class=\"df-shortcode-script\" nowprocket type=\"application\/javascript\">window.option_df_537 = {\"outline\":[],\"backgroundColor\":\"#ffffff\",\"hard\":\"cover\",\"autoEnableOutline\":\"false\",\"autoEnableThumbnail\":\"false\",\"overwritePDFOutline\":\"false\",\"enableDownload\":\"false\",\"direction\":\"1\",\"pageSize\":\"0\",\"pageMode\":\"0\",\"controlsPosition\":\"hide\",\"soundEnable\":\"false\",\"autoPlay\":\"false\",\"autoPlayStart\":\"false\",\"source\":\"https:\\\/\\\/farrobinhas.cm-faro.pt\\\/wp-content\\\/uploads\\\/2020\\\/04\\\/03_OsSegredosdaAldeiadeEstoi_VerLivro.pdf\",\"wpOptions\":\"true\"}; if(window.DFLIP && window.DFLIP.parseBooks){window.DFLIP.parseBooks();}<\/script>[\/vc_column_text][\/vc_column][\/vc_row][\/vc_section][vc_section full_width=&#8221;stretch_row&#8221; disable_element=&#8221;yes&#8221; el_id=&#8221;aventuras&#8221;][vc_row][vc_column][vc_empty_space height=&#8221;40px&#8221;][vc_custom_heading text=&#8221;As Aventuras&#8221; font_container=&#8221;tag:h1|text_align:center&#8221; google_fonts=&#8221;font_family:Boogaloo%3Aregular|font_style:400%20regular%3A400%3Anormal&#8221;][\/vc_column][\/vc_row][vc_row][vc_column][vc_column_text][evc_image_gallery type=&#8221;carousel&#8221; image_behavior=&#8221;overlay&#8221; number_of_visible_items=&#8221;5&#8243; carousel_autoplay=&#8221;no&#8221; image_size=&#8221;large&#8221; custom_links=&#8221;https:\/\/farrobinhas.cm-faro.pt\/uma-aventura-de-natal\/, https:\/\/farrobinhas.cm-faro.pt\/uma-grande-caofusao\/, https:\/\/farrobinhas.cm-faro.pt\/os-segredos-da-aldeia-de-estoi\/, https:\/\/farrobinhas.cm-faro.pt\/o-enigma-do-gnomo\/, https:\/\/farrobinhas.cm-faro.pt\/a-descoberta-da-agua\/, https:\/\/farrobinhas.cm-faro.pt\/era-uma-vez-a-origem\/, https:\/\/farrobinhas.cm-faro.pt\/a-grande-missao\/, https:\/\/farrobinhas.cm-faro.pt\/campeoes-intergalaticos\/, https:\/\/farrobinhas.cm-faro.pt\/uma-aventura-em-casa\/, https:\/\/farrobinhas.cm-faro.pt\/perdidos-no-oeste\/, https:\/\/farrobinhas.cm-faro.pt\/desafio-virtual\/, https:\/\/farrobinhas.cm-faro.pt\/um-presente-especial\/, https:\/\/farrobinhas.cm-faro.pt\/ciclo-das-cascas\/, https:\/\/farrobinhas.cm-faro.pt\/zooniverso\/, https:\/\/farrobinhas.cm-faro.pt\/o-talisma-misterioso\/, https:\/\/farrobinhas.cm-faro.pt\/operacao-resgate-do-pai-natal&#8221; images=&#8221;925,926,927,928,929,930,931,932,987,1159,1372,1389,1459,1573,1640,1747&#8243;][vc_empty_space height=&#8221;30px&#8221;][\/vc_column_text][\/vc_column][\/vc_row][\/vc_section]<\/p>\n<\/div>","protected":false},"excerpt":{"rendered":"<p>[vc_section full_width=&#8221;stretch_row&#8221;][vc_row full_width=&#8221;stretch_row&#8221;][vc_column][vc_custom_heading text=&#8221;Os Segredos da Aldeia de Estoi&#8221; font_container=&#8221;tag:h1|text_align:center&#8221; google_fonts=&#8221;font_family:Boogaloo%3Aregular|font_style:400%20regular%3A400%3Anormal&#8221;][vc_column_text css=&#8221;&#8221;] 2017 [\/vc_column_text][\/vc_column][\/vc_row][vc_row full_width=&#8221;stretch_row&#8221; el_id=&#8221;computer + mobile&#8221;][vc_column width=&#8221;1\/2&#8243; offset=&#8221;vc_hidden-md vc_hidden-sm&#8221;][vc_single_image image=&#8221;927&#8243; img_size=&#8221;large&#8221;][\/vc_column][vc_column width=&#8221;1\/2&#8243; offset=&#8221;vc_hidden-md vc_hidden-sm&#8221;][vc_column_text]A av\u00f3 Lurdes decide, num belo dia de primavera, levar os Farrobinhas a passear pela aldeia de Estoi, onde est\u00e1 a decorrer a Festa da Pinha e no caminho encontram um Maio, um boneco de pano do tamanho de uma pessoa, uma curiosa tradi\u00e7\u00e3o da regi\u00e3o. J\u00e1 em Estoi, ap\u00f3s receber a not\u00edcia de uma estranha descoberta nas Ru\u00ednas de Milreu, a av\u00f3, arque\u00f3loga de profiss\u00e3o, decide ir at\u00e9 l\u00e1 com os Farrobinhas. Os amigos descobrem um maravilhoso rel\u00f3gio de sol escondido nas ru\u00ednas e Afonso aciona sem querer o ponteiro do rel\u00f3gio de pedra, no momento em que a sombra alinha no n\u00famero XII. O rel\u00f3gio parece ganhar vida e transporta os quatro amigos, atrav\u00e9s de um t\u00fanel do tempo, para a \u00e9poca romana! Apercebem-se que est\u00e3o em Milreu, h\u00e1 dois mil e catorze anos atr\u00e1s. Um guarda romano pergunta-lhes se s\u00e3o convidados de Oss\u00f3noba para a festa da Flor\u00e1lia e pensa que Ana \u00e9 Flora, deusa das Flores. A popula\u00e7\u00e3o fica contente com esta presen\u00e7a e venera Ana como se fosse a deusa&#8230;<\/p>\n","protected":false},"author":1,"featured_media":0,"parent":0,"menu_order":0,"comment_status":"closed","ping_status":"closed","template":"","meta":{"footnotes":""},"_links":{"self":[{"href":"https:\/\/farrobinhas.cm-faro.pt\/index.php\/wp-json\/wp\/v2\/pages\/437"}],"collection":[{"href":"https:\/\/farrobinhas.cm-faro.pt\/index.php\/wp-json\/wp\/v2\/pages"}],"about":[{"href":"https:\/\/farrobinhas.cm-faro.pt\/index.php\/wp-json\/wp\/v2\/types\/page"}],"author":[{"embeddable":true,"href":"https:\/\/farrobinhas.cm-faro.pt\/index.php\/wp-json\/wp\/v2\/users\/1"}],"replies":[{"embeddable":true,"href":"https:\/\/farrobinhas.cm-faro.pt\/index.php\/wp-json\/wp\/v2\/comments?post=437"}],"version-history":[{"count":28,"href":"https:\/\/farrobinhas.cm-faro.pt\/index.php\/wp-json\/wp\/v2\/pages\/437\/revisions"}],"predecessor-version":[{"id":1943,"href":"https:\/\/farrobinhas.cm-faro.pt\/index.php\/wp-json\/wp\/v2\/pages\/437\/revisions\/1943"}],"wp:attachment":[{"href":"https:\/\/farrobinhas.cm-faro.pt\/index.php\/wp-json\/wp\/v2\/media?parent=437"}],"curies":[{"name":"wp","href":"https:\/\/api.w.org\/{rel}","templated":true}]}}