{"id":370,"date":"2020-04-16T18:30:13","date_gmt":"2020-04-16T18:30:13","guid":{"rendered":"http:\/\/farrobinhas.cm-faro.pt\/?page_id=370"},"modified":"2024-05-02T09:07:39","modified_gmt":"2024-05-02T09:07:39","slug":"uma-grande-caofusao","status":"publish","type":"page","link":"https:\/\/farrobinhas.cm-faro.pt\/index.php\/uma-grande-caofusao\/","title":{"rendered":"Uma Grande C\u00e3ofus\u00e3o"},"content":{"rendered":"<div class=\"wpb-content-wrapper\"><p>[vc_section full_width=&#8221;stretch_row&#8221;][vc_row full_width=&#8221;stretch_row&#8221;][vc_column][vc_custom_heading text=&#8221;Uma Grande C\u00e3ofus\u00e3o&#8221; font_container=&#8221;tag:h1|text_align:center&#8221; google_fonts=&#8221;font_family:Boogaloo%3Aregular|font_style:400%20regular%3A400%3Anormal&#8221;][vc_column_text css=&#8221;&#8221;]<\/p>\n<p style=\"text-align: center;\"><strong>2017<\/strong><\/p>\n<p>[\/vc_column_text][\/vc_column][\/vc_row][vc_row full_width=&#8221;stretch_row&#8221; el_id=&#8221;computer + mobile&#8221;][vc_column width=&#8221;1\/2&#8243; offset=&#8221;vc_hidden-md vc_hidden-sm&#8221;][vc_single_image image=&#8221;926&#8243; img_size=&#8221;large&#8221;][\/vc_column][vc_column width=&#8221;1\/2&#8243; offset=&#8221;vc_hidden-md vc_hidden-sm&#8221;][vc_column_text]No Jardim da Alameda, os aventureiros Farrobinhas participam na Feira Ecol\u00f3gica e ouvem atentos a explica\u00e7\u00e3o sobre a import\u00e2ncia da reciclagem e o uso consciente da \u00e1gua de Faro. Com uma enorme vontade de salvar o ambiente, Eug\u00e9nio teve mais uma ideia brilhante: a planta\u00e7\u00e3o de \u00e1rvores gigantes. J\u00e1 no laborat\u00f3rio secreto, com a presen\u00e7a dos amigos Ana, Afonso e Farroba, produz uma semente especial com qu\u00edmicos e adubos. Preparada a experi\u00eancia, os Farrobinhas correm para o quintal para semear a inven\u00e7\u00e3o mas um imprevisto acontece: o fiel amigo de quatro patas engole a semente especial e come\u00e7a a crescer at\u00e9 se transformar num c\u00e3o gigante. Trapalh\u00e3o, corre pelas ruas de Faro, espalhando lixo e assustando as pessoas que pensavam que estava um monstro a atacar a cidade. Os Farrobinhas tentam alcan\u00e7ar o amigo sem sucesso, era preciso dar-lhe o ant\u00eddoto criado pelo Eug\u00e9nio. Os amigos confecionam ent\u00e3o um biscoito gigante com um ingrediente que encolheria o amigo de quatro patas: o ant\u00eddoto. Num bal\u00e3o constru\u00eddo com o lixo espalhado pelo Farroba e outros materiais reaproveitados, os Farrobinhas levantam voo e lan\u00e7am pelo ar o biscoito amarrado numa corda para atrair o amigo gigante, que j\u00e1 estava a beber a \u00e1gua do dep\u00f3sito. Bastou uma dentada no isco para que o amigo come\u00e7asse a encolher. A cidade estava salva mas agora era tempo de ajudar a limpar todo o lixo espalhado na cidade.<\/p>\n<p>Nesta aventura, os her\u00f3is farenses ensinam os valores de respeito pelo ecossistema, biodiversidade e sustentabilidade ambiental, demonstrando que todos podemos tornar Faro numa cidade mais amiga do ambiente.[\/vc_column_text][vc_row_inner][vc_column_inner width=&#8221;1\/4&#8243;][vc_btn title=&#8221;IN\u00cdCIO&#8221; style=&#8221;outline-custom&#8221; outline_custom_color=&#8221;#000000&#8243; outline_custom_hover_background=&#8221;#000000&#8243; outline_custom_hover_text=&#8221;#ffffff&#8221; shape=&#8221;square&#8221; align=&#8221;center&#8221; button_block=&#8221;true&#8221; link=&#8221;url:https%3A%2F%2Ffarrobinhas.cm-faro.pt%2F|title:In%C3%ADcio||&#8221;][\/vc_column_inner][vc_column_inner width=&#8221;1\/4&#8243;][vc_btn title=&#8221;VER LIVRO&#8221; style=&#8221;outline-custom&#8221; outline_custom_color=&#8221;#000000&#8243; outline_custom_hover_background=&#8221;#000000&#8243; outline_custom_hover_text=&#8221;#ffffff&#8221; shape=&#8221;square&#8221; align=&#8221;center&#8221; button_block=&#8221;true&#8221; link=&#8221;url:https%3A%2F%2Ffarrobinhas.cm-faro.pt%2Fuma-grande-caofusao%2F%23livro|||&#8221;][\/vc_column_inner][vc_column_inner width=&#8221;1\/2&#8243;][vc_btn title=&#8221;DESCARREGAR LIVRO&#8221; style=&#8221;outline-custom&#8221; outline_custom_color=&#8221;#000000&#8243; outline_custom_hover_background=&#8221;#000000&#8243; outline_custom_hover_text=&#8221;#ffffff&#8221; shape=&#8221;square&#8221; align=&#8221;center&#8221; button_block=&#8221;true&#8221; link=&#8221;url:https%3A%2F%2Ffarrobinhas.cm-faro.pt%2Fwp-content%2Fuploads%2F2020%2F04%2F02_UmaGrandeCaofusao_DescarregarLivro.pdf|||&#8221;][\/vc_column_inner][\/vc_row_inner][\/vc_column][\/vc_row][vc_row full_width=&#8221;stretch_row&#8221; el_id=&#8221;pc&#8221;][vc_column width=&#8221;1\/2&#8243; offset=&#8221;vc_hidden-lg vc_hidden-sm vc_hidden-xs&#8221;][vc_single_image image=&#8221;926&#8243; img_size=&#8221;large&#8221;][\/vc_column][vc_column width=&#8221;1\/2&#8243; offset=&#8221;vc_hidden-lg vc_hidden-sm vc_hidden-xs&#8221;][vc_column_text css=&#8221;.vc_custom_1630315517849{margin-bottom: 0px !important;}&#8221;]No Jardim da Alameda, os aventureiros Farrobinhas participam na Feira Ecol\u00f3gica e ouvem atentos a explica\u00e7\u00e3o sobre a import\u00e2ncia da reciclagem e o uso consciente da \u00e1gua de Faro. Com uma enorme vontade de salvar o ambiente, Eug\u00e9nio teve mais uma ideia brilhante: a planta\u00e7\u00e3o de \u00e1rvores gigantes. J\u00e1 no laborat\u00f3rio secreto, com a presen\u00e7a dos amigos Ana, Afonso e Farroba, produz uma semente especial com qu\u00edmicos e adubos. Preparada a experi\u00eancia, os Farrobinhas correm para o quintal para semear a inven\u00e7\u00e3o mas um imprevisto acontece: o fiel amigo de quatro patas engole a semente especial e come\u00e7a a crescer at\u00e9 se transformar num c\u00e3o gigante. Trapalh\u00e3o, corre pelas ruas de Faro, espalhando lixo e assustando as pessoas que pensavam que estava um monstro a atacar a cidade. Os Farrobinhas tentam alcan\u00e7ar o amigo sem sucesso, era preciso dar-lhe o ant\u00eddoto criado pelo Eug\u00e9nio. Os amigos confecionam ent\u00e3o um biscoito gigante com um ingrediente que encolheria o amigo de quatro patas: o ant\u00eddoto. Num bal\u00e3o constru\u00eddo com o lixo espalhado pelo Farroba e outros materiais reaproveitados, os Farrobinhas levantam voo e lan\u00e7am pelo ar o[\/vc_column_text][\/vc_column][vc_column offset=&#8221;vc_hidden-lg vc_hidden-sm vc_hidden-xs&#8221;][vc_column_text]biscoito amarrado numa corda para atrair o amigo gigante, que j\u00e1 estava a beber a \u00e1gua do dep\u00f3sito. Bastou uma dentada no isco para que o amigo come\u00e7asse a encolher. A cidade estava salva mas agora era tempo de ajudar a limpar todo o lixo espalhado na cidade.<\/p>\n<p>Nesta aventura, os her\u00f3is farenses ensinam os valores de respeito pelo ecossistema, biodiversidade e sustentabilidade ambiental, demonstrando que todos podemos tornar Faro numa cidade mais amiga do ambiente.[\/vc_column_text][vc_row_inner][vc_column_inner width=&#8221;1\/4&#8243;][vc_btn title=&#8221;IN\u00cdCIO&#8221; style=&#8221;outline-custom&#8221; outline_custom_color=&#8221;#000000&#8243; outline_custom_hover_background=&#8221;#000000&#8243; outline_custom_hover_text=&#8221;#ffffff&#8221; shape=&#8221;square&#8221; align=&#8221;center&#8221; button_block=&#8221;true&#8221; link=&#8221;url:https%3A%2F%2Ffarrobinhas.cm-faro.pt%2F|title:In%C3%ADcio||&#8221;][\/vc_column_inner][vc_column_inner width=&#8221;1\/4&#8243;][vc_btn title=&#8221;VER LIVRO&#8221; style=&#8221;outline-custom&#8221; outline_custom_color=&#8221;#000000&#8243; outline_custom_hover_background=&#8221;#000000&#8243; outline_custom_hover_text=&#8221;#ffffff&#8221; shape=&#8221;square&#8221; align=&#8221;center&#8221; button_block=&#8221;true&#8221; link=&#8221;url:https%3A%2F%2Ffarrobinhas.cm-faro.pt%2Fuma-grande-caofusao%2F%23livro|||&#8221;][\/vc_column_inner][vc_column_inner width=&#8221;1\/2&#8243;][vc_btn title=&#8221;DESCARREGAR LIVRO&#8221; style=&#8221;outline-custom&#8221; outline_custom_color=&#8221;#000000&#8243; outline_custom_hover_background=&#8221;#000000&#8243; outline_custom_hover_text=&#8221;#ffffff&#8221; shape=&#8221;square&#8221; align=&#8221;center&#8221; button_block=&#8221;true&#8221; link=&#8221;url:https%3A%2F%2Ffarrobinhas.cm-faro.pt%2Fwp-content%2Fuploads%2F2020%2F04%2F02_UmaGrandeCaofusao_DescarregarLivro.pdf|||&#8221;][\/vc_column_inner][\/vc_row_inner][\/vc_column][\/vc_row][vc_row full_width=&#8221;stretch_row&#8221; el_id=&#8221;tablet&#8221;][vc_column offset=&#8221;vc_hidden-lg vc_hidden-md vc_hidden-xs&#8221;][vc_row_inner][vc_column_inner width=&#8221;1\/6&#8243;][\/vc_column_inner][vc_column_inner width=&#8221;4\/6&#8243;][vc_single_image image=&#8221;926&#8243; img_size=&#8221;large&#8221;][\/vc_column_inner][vc_column_inner width=&#8221;1\/6&#8243;][\/vc_column_inner][\/vc_row_inner][vc_column_text]No Jardim da Alameda, os aventureiros Farrobinhas participam na Feira Ecol\u00f3gica e ouvem atentos a explica\u00e7\u00e3o sobre a import\u00e2ncia da reciclagem e o uso consciente da \u00e1gua de Faro. Com uma enorme vontade de salvar o ambiente, Eug\u00e9nio teve mais uma ideia brilhante: a planta\u00e7\u00e3o de \u00e1rvores gigantes. J\u00e1 no laborat\u00f3rio secreto, com a presen\u00e7a dos amigos Ana, Afonso e Farroba, produz uma semente especial com qu\u00edmicos e adubos. Preparada a experi\u00eancia, os Farrobinhas correm para o quintal para semear a inven\u00e7\u00e3o mas um imprevisto acontece: o fiel amigo de quatro patas engole a semente especial e come\u00e7a a crescer at\u00e9 se transformar num c\u00e3o gigante. Trapalh\u00e3o, corre pelas ruas de Faro, espalhando lixo e assustando as pessoas que pensavam que estava um monstro a atacar a cidade. Os Farrobinhas tentam alcan\u00e7ar o amigo sem sucesso, era preciso dar-lhe o ant\u00eddoto criado pelo Eug\u00e9nio. Os amigos confecionam ent\u00e3o um biscoito gigante com um ingrediente que encolheria o amigo de quatro patas: o ant\u00eddoto. Num bal\u00e3o constru\u00eddo com o lixo espalhado pelo Farroba e outros materiais reaproveitados, os Farrobinhas levantam voo e lan\u00e7am pelo ar o biscoito amarrado numa corda para atrair o amigo gigante, que j\u00e1 estava a beber a \u00e1gua do dep\u00f3sito. Bastou uma dentada no isco para que o amigo come\u00e7asse a encolher. A cidade estava salva mas agora era tempo de ajudar a limpar todo o lixo espalhado na cidade.<\/p>\n<p>Nesta aventura, os her\u00f3is farenses ensinam os valores de respeito pelo ecossistema, biodiversidade e sustentabilidade ambiental, demonstrando que todos podemos tornar Faro numa cidade mais amiga do ambiente.[\/vc_column_text][vc_row_inner][vc_column_inner width=&#8221;1\/4&#8243;][vc_btn title=&#8221;IN\u00cdCIO&#8221; style=&#8221;outline-custom&#8221; outline_custom_color=&#8221;#000000&#8243; outline_custom_hover_background=&#8221;#000000&#8243; outline_custom_hover_text=&#8221;#ffffff&#8221; shape=&#8221;square&#8221; align=&#8221;center&#8221; button_block=&#8221;true&#8221; link=&#8221;url:https%3A%2F%2Ffarrobinhas.cm-faro.pt%2F|title:In%C3%ADcio||&#8221;][\/vc_column_inner][vc_column_inner width=&#8221;1\/4&#8243;][vc_btn title=&#8221;VER LIVRO&#8221; style=&#8221;outline-custom&#8221; outline_custom_color=&#8221;#000000&#8243; outline_custom_hover_background=&#8221;#000000&#8243; outline_custom_hover_text=&#8221;#ffffff&#8221; shape=&#8221;square&#8221; align=&#8221;center&#8221; button_block=&#8221;true&#8221; link=&#8221;url:https%3A%2F%2Ffarrobinhas.cm-faro.pt%2Fuma-grande-caofusao%2F%23livro|||&#8221;][\/vc_column_inner][vc_column_inner width=&#8221;1\/2&#8243;][vc_btn title=&#8221;DESCARREGAR LIVRO&#8221; style=&#8221;outline-custom&#8221; outline_custom_color=&#8221;#000000&#8243; outline_custom_hover_background=&#8221;#000000&#8243; outline_custom_hover_text=&#8221;#ffffff&#8221; shape=&#8221;square&#8221; align=&#8221;center&#8221; button_block=&#8221;true&#8221; link=&#8221;url:https%3A%2F%2Ffarrobinhas.cm-faro.pt%2Fwp-content%2Fuploads%2F2020%2F04%2F02_UmaGrandeCaofusao_DescarregarLivro.pdf|||&#8221;][\/vc_column_inner][\/vc_row_inner][\/vc_column][\/vc_row][vc_row full_width=&#8221;stretch_row&#8221;][vc_column][vc_empty_space height=&#8221;20px&#8221;][\/vc_column][\/vc_row][\/vc_section][vc_section el_id=&#8221;livro&#8221;][vc_row][vc_column][vc_empty_space height=&#8221;30px&#8221;][vc_column_text]<div class=\"_df_book df-lite\" id=\"df_526\"  _slug=\"uma-grande-caofusao\" data-title=\"uma-grande-caofusao\" wpoptions=\"true\" thumbtype=\"\" ><\/div><script class=\"df-shortcode-script\" nowprocket type=\"application\/javascript\">window.option_df_526 = {\"outline\":[],\"backgroundColor\":\"#ffffff\",\"hard\":\"cover\",\"autoEnableOutline\":\"false\",\"autoEnableThumbnail\":\"false\",\"overwritePDFOutline\":\"false\",\"enableDownload\":\"false\",\"direction\":\"1\",\"pageSize\":\"0\",\"pageMode\":\"0\",\"controlsPosition\":\"hide\",\"soundEnable\":\"false\",\"autoPlay\":\"false\",\"autoPlayStart\":\"false\",\"source\":\"https:\\\/\\\/farrobinhas.cm-faro.pt\\\/wp-content\\\/uploads\\\/2020\\\/04\\\/02_UmaGrandeCaofusao_VerLivro.pdf\",\"wpOptions\":\"true\"}; if(window.DFLIP && window.DFLIP.parseBooks){window.DFLIP.parseBooks();}<\/script>[\/vc_column_text][\/vc_column][\/vc_row][\/vc_section][vc_section full_width=&#8221;stretch_row&#8221; disable_element=&#8221;yes&#8221; el_id=&#8221;aventuras&#8221;][vc_row][vc_column][vc_empty_space height=&#8221;40px&#8221;][vc_custom_heading text=&#8221;As Aventuras&#8221; font_container=&#8221;tag:h1|text_align:center&#8221; google_fonts=&#8221;font_family:Boogaloo%3Aregular|font_style:400%20regular%3A400%3Anormal&#8221;][\/vc_column][\/vc_row][vc_row][vc_column][vc_column_text][evc_image_gallery type=&#8221;carousel&#8221; image_behavior=&#8221;overlay&#8221; number_of_visible_items=&#8221;5&#8243; carousel_autoplay=&#8221;no&#8221; image_size=&#8221;large&#8221; custom_links=&#8221;https:\/\/farrobinhas.cm-faro.pt\/uma-aventura-de-natal\/, https:\/\/farrobinhas.cm-faro.pt\/uma-grande-caofusao\/, https:\/\/farrobinhas.cm-faro.pt\/os-segredos-da-aldeia-de-estoi\/, https:\/\/farrobinhas.cm-faro.pt\/o-enigma-do-gnomo\/, https:\/\/farrobinhas.cm-faro.pt\/a-descoberta-da-agua\/, https:\/\/farrobinhas.cm-faro.pt\/era-uma-vez-a-origem\/, https:\/\/farrobinhas.cm-faro.pt\/a-grande-missao\/, https:\/\/farrobinhas.cm-faro.pt\/campeoes-intergalaticos\/, https:\/\/farrobinhas.cm-faro.pt\/uma-aventura-em-casa\/, https:\/\/farrobinhas.cm-faro.pt\/perdidos-no-oeste\/, https:\/\/farrobinhas.cm-faro.pt\/desafio-virtual\/, https:\/\/farrobinhas.cm-faro.pt\/um-presente-especial\/, https:\/\/farrobinhas.cm-faro.pt\/ciclo-das-cascas\/, https:\/\/farrobinhas.cm-faro.pt\/zooniverso\/, https:\/\/farrobinhas.cm-faro.pt\/o-talisma-misterioso\/, https:\/\/farrobinhas.cm-faro.pt\/operacao-resgate-do-pai-natal&#8221; images=&#8221;925,926,927,928,929,930,931,932,987,1159,1372,1389,1459,1573,1640,1747&#8243;][vc_empty_space height=&#8221;30px&#8221;][\/vc_column_text][\/vc_column][\/vc_row][\/vc_section]<\/p>\n<\/div>","protected":false},"excerpt":{"rendered":"<p>[vc_section full_width=&#8221;stretch_row&#8221;][vc_row full_width=&#8221;stretch_row&#8221;][vc_column][vc_custom_heading text=&#8221;Uma Grande C\u00e3ofus\u00e3o&#8221; font_container=&#8221;tag:h1|text_align:center&#8221; google_fonts=&#8221;font_family:Boogaloo%3Aregular|font_style:400%20regular%3A400%3Anormal&#8221;][vc_column_text css=&#8221;&#8221;] 2017 [\/vc_column_text][\/vc_column][\/vc_row][vc_row full_width=&#8221;stretch_row&#8221; el_id=&#8221;computer + mobile&#8221;][vc_column width=&#8221;1\/2&#8243; offset=&#8221;vc_hidden-md vc_hidden-sm&#8221;][vc_single_image image=&#8221;926&#8243; img_size=&#8221;large&#8221;][\/vc_column][vc_column width=&#8221;1\/2&#8243; offset=&#8221;vc_hidden-md vc_hidden-sm&#8221;][vc_column_text]No Jardim da Alameda, os aventureiros Farrobinhas participam na Feira Ecol\u00f3gica e ouvem atentos a explica\u00e7\u00e3o sobre a import\u00e2ncia da reciclagem e o uso consciente da \u00e1gua de Faro. Com uma enorme vontade de salvar o ambiente, Eug\u00e9nio teve mais uma ideia brilhante: a planta\u00e7\u00e3o de \u00e1rvores gigantes. J\u00e1 no laborat\u00f3rio secreto, com a presen\u00e7a dos amigos Ana, Afonso e Farroba, produz uma semente especial com qu\u00edmicos e adubos. Preparada a experi\u00eancia, os Farrobinhas correm para o quintal para semear a inven\u00e7\u00e3o mas um imprevisto acontece: o fiel amigo de quatro patas engole a semente especial e come\u00e7a a crescer at\u00e9 se transformar num c\u00e3o gigante. Trapalh\u00e3o, corre pelas ruas de Faro, espalhando lixo e assustando as pessoas que pensavam que estava um monstro a atacar a cidade. Os Farrobinhas tentam alcan\u00e7ar o amigo sem sucesso, era preciso dar-lhe o ant\u00eddoto criado pelo Eug\u00e9nio. Os amigos confecionam ent\u00e3o um biscoito gigante com um ingrediente que encolheria o amigo de quatro patas: o ant\u00eddoto. Num bal\u00e3o constru\u00eddo com o lixo espalhado pelo Farroba e outros materiais reaproveitados, os Farrobinhas&#8230;<\/p>\n","protected":false},"author":1,"featured_media":0,"parent":0,"menu_order":0,"comment_status":"closed","ping_status":"closed","template":"","meta":{"footnotes":""},"_links":{"self":[{"href":"https:\/\/farrobinhas.cm-faro.pt\/index.php\/wp-json\/wp\/v2\/pages\/370"}],"collection":[{"href":"https:\/\/farrobinhas.cm-faro.pt\/index.php\/wp-json\/wp\/v2\/pages"}],"about":[{"href":"https:\/\/farrobinhas.cm-faro.pt\/index.php\/wp-json\/wp\/v2\/types\/page"}],"author":[{"embeddable":true,"href":"https:\/\/farrobinhas.cm-faro.pt\/index.php\/wp-json\/wp\/v2\/users\/1"}],"replies":[{"embeddable":true,"href":"https:\/\/farrobinhas.cm-faro.pt\/index.php\/wp-json\/wp\/v2\/comments?post=370"}],"version-history":[{"count":37,"href":"https:\/\/farrobinhas.cm-faro.pt\/index.php\/wp-json\/wp\/v2\/pages\/370\/revisions"}],"predecessor-version":[{"id":1948,"href":"https:\/\/farrobinhas.cm-faro.pt\/index.php\/wp-json\/wp\/v2\/pages\/370\/revisions\/1948"}],"wp:attachment":[{"href":"https:\/\/farrobinhas.cm-faro.pt\/index.php\/wp-json\/wp\/v2\/media?parent=370"}],"curies":[{"name":"wp","href":"https:\/\/api.w.org\/{rel}","templated":true}]}}