{"id":2163,"date":"2025-12-12T09:59:17","date_gmt":"2025-12-12T09:59:17","guid":{"rendered":"https:\/\/farrobinhas.cm-faro.pt\/index.php\/?page_id=2163"},"modified":"2025-12-12T09:59:17","modified_gmt":"2025-12-12T09:59:17","slug":"um-amigo-para-sempre","status":"publish","type":"page","link":"https:\/\/farrobinhas.cm-faro.pt\/index.php\/um-amigo-para-sempre\/","title":{"rendered":"Um Amigo Para Sempre"},"content":{"rendered":"<div class=\"wpb-content-wrapper\"><p>[vc_section full_width=&#8221;stretch_row&#8221;][vc_row full_width=&#8221;stretch_row&#8221;][vc_column][vc_custom_heading text=&#8221;Um Amigo Para Sempre&#8221; font_container=&#8221;tag:h1|text_align:center&#8221; google_fonts=&#8221;font_family:Boogaloo%3Aregular|font_style:400%20regular%3A400%3Anormal&#8221; css=&#8221;&#8221;][vc_column_text css=&#8221;&#8221;]<\/p>\n<p style=\"text-align: center;\"><strong>2025<\/strong><\/p>\n<p>[\/vc_column_text][\/vc_column][\/vc_row][vc_row full_width=&#8221;stretch_row&#8221; el_id=&#8221;computer + mobile&#8221;][vc_column width=&#8221;1\/2&#8243; offset=&#8221;vc_hidden-md vc_hidden-sm&#8221;][vc_single_image image=&#8221;2165&#8243; img_size=&#8221;large&#8221; css=&#8221;&#8221;][\/vc_column][vc_column width=&#8221;1\/2&#8243; offset=&#8221;vc_hidden-md vc_hidden-sm&#8221;][vc_column_text css=&#8221;&#8221;]Nesta aventura de Natal, os Farrobinhas vivem momentos de grande emo\u00e7\u00e3o quando o Eug\u00e9nio recebe o inovador C\u00e3o Robot XR23. O entusiasmo \u00e9 geral, mas o Farroba, o c\u00e3o de verdade da fam\u00edlia, acaba por se sentir esquecido. Triste e confuso, afasta-se de casa sem que ningu\u00e9m repare.<\/p>\n<p>Quando percebem o desaparecimento do Farroba, os amigos unem-se numa busca pela cidade de Faro. Com cartazes, mapas e at\u00e9 a ajuda do C\u00e3o Robot, procuram pistas at\u00e9 que recebem not\u00edcias do CROAF \u2014 o Centro de Recolha Oficial de Animais de Faro. Gra\u00e7as ao microchip, o Farroba foi identificado e est\u00e1 em seguran\u00e7a.<\/p>\n<p>No CROAF, os Farrobinhas reencontram o Farroba e aprendem sobre o trabalho desenvolvido no cuidado de animais perdidos ou abandonados. Juntos, ajudam nas tarefas do centro e recebem um crach\u00e1 de m\u00e9rito. No final, a Ana acaba por adotar a gata Fa\u00edsca, dando-lhe um novo lar cheio de carinho.<\/p>\n<p>Uma hist\u00f3ria que celebra a amizade verdadeira, refor\u00e7a a import\u00e2ncia da responsabilidade para com os animais e sublinha o valor da ado\u00e7\u00e3o e do cuidado respons\u00e1vel. Nesta \u00e9poca t\u00e3o especial do ano, os Farrobinhas lembram-nos que nenhum presente tecnol\u00f3gico substitui o afeto, a aten\u00e7\u00e3o e o compromisso que devemos aos nossos companheiros de quatro patas.[\/vc_column_text][vc_row_inner][vc_column_inner width=&#8221;1\/4&#8243;][vc_btn title=&#8221;IN\u00cdCIO&#8221; style=&#8221;outline-custom&#8221; outline_custom_color=&#8221;#000000&#8243; outline_custom_hover_background=&#8221;#000000&#8243; outline_custom_hover_text=&#8221;#ffffff&#8221; shape=&#8221;square&#8221; align=&#8221;center&#8221; button_block=&#8221;true&#8221; link=&#8221;url:https%3A%2F%2Ffarrobinhas.cm-faro.pt%2F|title:In%C3%ADcio||&#8221;][\/vc_column_inner][vc_column_inner width=&#8221;1\/4&#8243;][vc_btn title=&#8221;VER LIVRO&#8221; style=&#8221;outline-custom&#8221; outline_custom_color=&#8221;#000000&#8243; outline_custom_hover_background=&#8221;#000000&#8243; outline_custom_hover_text=&#8221;#ffffff&#8221; shape=&#8221;square&#8221; align=&#8221;center&#8221; css=&#8221;&#8221; button_block=&#8221;true&#8221; link=&#8221;url:https%3A%2F%2Ffarrobinhas.cm-faro.pt%2Fum-amigo-para-sempre%2F%23livro&#8221;][\/vc_column_inner][vc_column_inner width=&#8221;1\/2&#8243;][vc_btn title=&#8221;DESCARREGAR LIVRO&#8221; style=&#8221;outline-custom&#8221; outline_custom_color=&#8221;#000000&#8243; outline_custom_hover_background=&#8221;#000000&#8243; outline_custom_hover_text=&#8221;#ffffff&#8221; shape=&#8221;square&#8221; align=&#8221;center&#8221; css=&#8221;&#8221; button_block=&#8221;true&#8221; link=&#8221;url:https%3A%2F%2Ffarrobinhas.cm-faro.pt%2Fwp-content%2Fuploads%2F2025%2F11%2F20_UmAmigoParaSempre_DescarregarLivro.pdf&#8221;][\/vc_column_inner][\/vc_row_inner][\/vc_column][\/vc_row][vc_row full_width=&#8221;stretch_row&#8221; el_id=&#8221;pc&#8221;][vc_column width=&#8221;1\/2&#8243; offset=&#8221;vc_hidden-lg vc_hidden-sm vc_hidden-xs&#8221;][vc_single_image image=&#8221;2165&#8243; img_size=&#8221;large&#8221; css=&#8221;&#8221;][\/vc_column][vc_column width=&#8221;1\/2&#8243; offset=&#8221;vc_hidden-lg vc_hidden-sm vc_hidden-xs&#8221;][vc_column_text css=&#8221;.vc_custom_1764241139577{margin-bottom: 15px !important;}&#8221;]Nesta aventura de Natal, os Farrobinhas vivem momentos de grande emo\u00e7\u00e3o quando o Eug\u00e9nio recebe o inovador C\u00e3o Robot XR23. O entusiasmo \u00e9 geral, mas o Farroba, o c\u00e3o de verdade da fam\u00edlia, acaba por se sentir esquecido. Triste e confuso, afasta-se de casa sem que ningu\u00e9m repare.<\/p>\n<p>Quando percebem o desaparecimento do Farroba, os amigos unem-se numa busca pela cidade de Faro. Com cartazes, mapas e at\u00e9 a ajuda do C\u00e3o Robot, procuram pistas at\u00e9 que recebem not\u00edcias do CROAF \u2014 o Centro de Recolha Oficial de Animais de Faro. Gra\u00e7as ao microchip, o Farroba foi identificado e est\u00e1 em seguran\u00e7a.<\/p>\n<p>No CROAF, os Farrobinhas reencontram o Farroba e aprendem sobre o trabalho desenvolvido no cuidado de animais perdidos ou abandonados. Juntos, ajudam nas tarefas do centro e recebem um crach\u00e1 de m\u00e9rito. No final, a Ana acaba por adotar a gata Fa\u00edsca, dando-lhe um novo lar cheio de carinho.[\/vc_column_text][\/vc_column][vc_column offset=&#8221;vc_hidden-lg vc_hidden-sm vc_hidden-xs&#8221;][vc_column_text css=&#8221;.vc_custom_1764241144265{margin-top: 0px !important;}&#8221;]Uma hist\u00f3ria que celebra a amizade verdadeira, refor\u00e7a a import\u00e2ncia da responsabilidade para com os animais e sublinha o valor da ado\u00e7\u00e3o e do cuidado respons\u00e1vel. Nesta \u00e9poca t\u00e3o especial do ano, os Farrobinhas lembram-nos que nenhum presente tecnol\u00f3gico substitui o afeto, a aten\u00e7\u00e3o e o compromisso que devemos aos nossos companheiros de quatro patas.[\/vc_column_text][vc_row_inner][vc_column_inner width=&#8221;1\/4&#8243;][vc_btn title=&#8221;IN\u00cdCIO&#8221; style=&#8221;outline-custom&#8221; outline_custom_color=&#8221;#000000&#8243; outline_custom_hover_background=&#8221;#000000&#8243; outline_custom_hover_text=&#8221;#ffffff&#8221; shape=&#8221;square&#8221; align=&#8221;center&#8221; button_block=&#8221;true&#8221; link=&#8221;url:https%3A%2F%2Ffarrobinhas.cm-faro.pt%2F|title:In%C3%ADcio||&#8221;][\/vc_column_inner][vc_column_inner width=&#8221;1\/4&#8243;][vc_btn title=&#8221;VER LIVRO&#8221; style=&#8221;outline-custom&#8221; outline_custom_color=&#8221;#000000&#8243; outline_custom_hover_background=&#8221;#000000&#8243; outline_custom_hover_text=&#8221;#ffffff&#8221; shape=&#8221;square&#8221; align=&#8221;center&#8221; css=&#8221;&#8221; button_block=&#8221;true&#8221; link=&#8221;url:https%3A%2F%2Ffarrobinhas.cm-faro.pt%2Fum-amigo-para-sempre%2F%23livro&#8221;][\/vc_column_inner][vc_column_inner width=&#8221;1\/2&#8243;][vc_btn title=&#8221;DESCARREGAR LIVRO&#8221; style=&#8221;outline-custom&#8221; outline_custom_color=&#8221;#000000&#8243; outline_custom_hover_background=&#8221;#000000&#8243; outline_custom_hover_text=&#8221;#ffffff&#8221; shape=&#8221;square&#8221; align=&#8221;center&#8221; css=&#8221;&#8221; button_block=&#8221;true&#8221; link=&#8221;url:https%3A%2F%2Ffarrobinhas.cm-faro.pt%2Fwp-content%2Fuploads%2F2025%2F11%2F20_UmAmigoParaSempre_DescarregarLivro.pdf&#8221;][\/vc_column_inner][\/vc_row_inner][\/vc_column][\/vc_row][vc_row full_width=&#8221;stretch_row&#8221; el_id=&#8221;tablet&#8221;][vc_column offset=&#8221;vc_hidden-lg vc_hidden-md vc_hidden-xs&#8221;][vc_row_inner][vc_column_inner width=&#8221;1\/6&#8243;][\/vc_column_inner][vc_column_inner width=&#8221;4\/6&#8243;][vc_single_image image=&#8221;2165&#8243; img_size=&#8221;large&#8221; css=&#8221;&#8221;][\/vc_column_inner][vc_column_inner width=&#8221;1\/6&#8243;][\/vc_column_inner][\/vc_row_inner][vc_column_text css=&#8221;&#8221;]Nesta aventura de Natal, os Farrobinhas vivem momentos de grande emo\u00e7\u00e3o quando o Eug\u00e9nio recebe o inovador C\u00e3o Robot XR23. O entusiasmo \u00e9 geral, mas o Farroba, o c\u00e3o de verdade da fam\u00edlia, acaba por se sentir esquecido. Triste e confuso, afasta-se de casa sem que ningu\u00e9m repare.<\/p>\n<p>Quando percebem o desaparecimento do Farroba, os amigos unem-se numa busca pela cidade de Faro. Com cartazes, mapas e at\u00e9 a ajuda do C\u00e3o Robot, procuram pistas at\u00e9 que recebem not\u00edcias do CROAF \u2014 o Centro de Recolha Oficial de Animais de Faro. Gra\u00e7as ao microchip, o Farroba foi identificado e est\u00e1 em seguran\u00e7a.<\/p>\n<p>No CROAF, os Farrobinhas reencontram o Farroba e aprendem sobre o trabalho desenvolvido no cuidado de animais perdidos ou abandonados. Juntos, ajudam nas tarefas do centro e recebem um crach\u00e1 de m\u00e9rito. No final, a Ana acaba por adotar a gata Fa\u00edsca, dando-lhe um novo lar cheio de carinho.<\/p>\n<p>Uma hist\u00f3ria que celebra a amizade verdadeira, refor\u00e7a a import\u00e2ncia da responsabilidade para com os animais e sublinha o valor da ado\u00e7\u00e3o e do cuidado respons\u00e1vel. Nesta \u00e9poca t\u00e3o especial do ano, os Farrobinhas lembram-nos que nenhum presente tecnol\u00f3gico substitui o afeto, a aten\u00e7\u00e3o e o compromisso que devemos aos nossos companheiros de quatro patas.[\/vc_column_text][vc_row_inner][vc_column_inner width=&#8221;1\/4&#8243;][vc_btn title=&#8221;IN\u00cdCIO&#8221; style=&#8221;outline-custom&#8221; outline_custom_color=&#8221;#000000&#8243; outline_custom_hover_background=&#8221;#000000&#8243; outline_custom_hover_text=&#8221;#ffffff&#8221; shape=&#8221;square&#8221; align=&#8221;center&#8221; button_block=&#8221;true&#8221; link=&#8221;url:https%3A%2F%2Ffarrobinhas.cm-faro.pt%2F|title:In%C3%ADcio||&#8221;][\/vc_column_inner][vc_column_inner width=&#8221;1\/4&#8243;][vc_btn title=&#8221;VER LIVRO&#8221; style=&#8221;outline-custom&#8221; outline_custom_color=&#8221;#000000&#8243; outline_custom_hover_background=&#8221;#000000&#8243; outline_custom_hover_text=&#8221;#ffffff&#8221; shape=&#8221;square&#8221; align=&#8221;center&#8221; css=&#8221;&#8221; button_block=&#8221;true&#8221; link=&#8221;url:https%3A%2F%2Ffarrobinhas.cm-faro.pt%2Fum-amigo-para-sempre%2F%23livro&#8221;][\/vc_column_inner][vc_column_inner width=&#8221;1\/2&#8243;][vc_btn title=&#8221;DESCARREGAR LIVRO&#8221; style=&#8221;outline-custom&#8221; outline_custom_color=&#8221;#000000&#8243; outline_custom_hover_background=&#8221;#000000&#8243; outline_custom_hover_text=&#8221;#ffffff&#8221; shape=&#8221;square&#8221; align=&#8221;center&#8221; css=&#8221;&#8221; button_block=&#8221;true&#8221; link=&#8221;url:https%3A%2F%2Ffarrobinhas.cm-faro.pt%2Fwp-content%2Fuploads%2F2025%2F11%2F20_UmAmigoParaSempre_DescarregarLivro.pdf&#8221;][\/vc_column_inner][\/vc_row_inner][\/vc_column][\/vc_row][\/vc_section][vc_section el_id=&#8221;livro&#8221;][vc_row][vc_column][vc_empty_space height=&#8221;40px&#8221;][vc_column_text css=&#8221;.vc_custom_1764241764984{padding-top: 0px !important;padding-right: 0px !important;padding-bottom: 0px !important;padding-left: 0px !important;}&#8221;]<div class=\"_df_book df-lite\" id=\"df_2170\"  _slug=\"um-amigo-para-sempre\" data-title=\"um-amigo-para-sempre\" wpoptions=\"true\" thumbtype=\"\" ><\/div><script class=\"df-shortcode-script\" nowprocket type=\"application\/javascript\">window.option_df_2170 = {\"outline\":[],\"autoEnableOutline\":\"false\",\"autoEnableThumbnail\":\"false\",\"overwritePDFOutline\":\"false\",\"direction\":\"1\",\"pageSize\":\"0\",\"source\":\"https:\\\/\\\/farrobinhas.cm-faro.pt\\\/wp-content\\\/uploads\\\/2025\\\/11\\\/20_UmAmigoParaSempre_VerLivro.pdf\",\"wpOptions\":\"true\"}; if(window.DFLIP && window.DFLIP.parseBooks){window.DFLIP.parseBooks();}<\/script>[\/vc_column_text][\/vc_column][\/vc_row][\/vc_section][vc_section full_width=&#8221;stretch_row&#8221; disable_element=&#8221;yes&#8221; el_id=&#8221;aventuras&#8221;][vc_row][vc_column][vc_empty_space height=&#8221;80px&#8221;][vc_custom_heading text=&#8221;As Aventuras&#8221; font_container=&#8221;tag:h1|text_align:center&#8221; google_fonts=&#8221;font_family:Boogaloo%3Aregular|font_style:400%20regular%3A400%3Anormal&#8221;][\/vc_column][\/vc_row][vc_row][vc_column][vc_column_text][evc_image_gallery type=&#8221;carousel&#8221; image_behavior=&#8221;overlay&#8221; number_of_visible_items=&#8221;5&#8243; carousel_autoplay=&#8221;no&#8221; image_size=&#8221;large&#8221; custom_links=&#8221;https:\/\/farrobinhas.cm-faro.pt\/uma-aventura-de-natal\/, https:\/\/farrobinhas.cm-faro.pt\/uma-grande-caofusao\/, https:\/\/farrobinhas.cm-faro.pt\/os-segredos-da-aldeia-de-estoi\/, https:\/\/farrobinhas.cm-faro.pt\/o-enigma-do-gnomo\/, https:\/\/farrobinhas.cm-faro.pt\/a-descoberta-da-agua\/, https:\/\/farrobinhas.cm-faro.pt\/era-uma-vez-a-origem\/, https:\/\/farrobinhas.cm-faro.pt\/a-grande-missao\/, https:\/\/farrobinhas.cm-faro.pt\/campeoes-intergalaticos\/, https:\/\/farrobinhas.cm-faro.pt\/uma-aventura-em-casa\/, https:\/\/farrobinhas.cm-faro.pt\/perdidos-no-oeste\/, https:\/\/farrobinhas.cm-faro.pt\/desafio-virtual\/, https:\/\/farrobinhas.cm-faro.pt\/um-presente-especial\/, https:\/\/farrobinhas.cm-faro.pt\/ciclo-das-cascas\/, https:\/\/farrobinhas.cm-faro.pt\/zooniverso\/, https:\/\/farrobinhas.cm-faro.pt\/o-talisma-misterioso\/, https:\/\/farrobinhas.cm-faro.pt\/operacao-resgate-do-pai-natal&#8221; images=&#8221;925,926,927,928,929,930,931,932,987,1159,1372,1389,1459,1573,1640,1747&#8243;][vc_empty_space height=&#8221;30px&#8221;][\/vc_column_text][\/vc_column][\/vc_row][\/vc_section]<\/p>\n<\/div>","protected":false},"excerpt":{"rendered":"<p>[vc_section full_width=&#8221;stretch_row&#8221;][vc_row full_width=&#8221;stretch_row&#8221;][vc_column][vc_custom_heading text=&#8221;Um Amigo Para Sempre&#8221; font_container=&#8221;tag:h1|text_align:center&#8221; google_fonts=&#8221;font_family:Boogaloo%3Aregular|font_style:400%20regular%3A400%3Anormal&#8221; css=&#8221;&#8221;][vc_column_text css=&#8221;&#8221;] 2025 [\/vc_column_text][\/vc_column][\/vc_row][vc_row full_width=&#8221;stretch_row&#8221; el_id=&#8221;computer + mobile&#8221;][vc_column width=&#8221;1\/2&#8243; offset=&#8221;vc_hidden-md vc_hidden-sm&#8221;][vc_single_image image=&#8221;2165&#8243; img_size=&#8221;large&#8221; css=&#8221;&#8221;][\/vc_column][vc_column width=&#8221;1\/2&#8243; offset=&#8221;vc_hidden-md vc_hidden-sm&#8221;][vc_column_text css=&#8221;&#8221;]Nesta aventura de Natal, os Farrobinhas vivem momentos de grande emo\u00e7\u00e3o quando o Eug\u00e9nio recebe o inovador C\u00e3o Robot XR23. O entusiasmo \u00e9 geral, mas o Farroba, o c\u00e3o de verdade da fam\u00edlia, acaba por se sentir esquecido. Triste e confuso, afasta-se de casa sem que ningu\u00e9m repare. Quando percebem o desaparecimento do Farroba, os amigos unem-se numa busca pela cidade de Faro. Com cartazes, mapas e at\u00e9 a ajuda do C\u00e3o Robot, procuram pistas at\u00e9 que recebem not\u00edcias do CROAF \u2014 o Centro de Recolha Oficial de Animais de Faro. Gra\u00e7as ao microchip, o Farroba foi identificado e est\u00e1 em seguran\u00e7a. No CROAF, os Farrobinhas reencontram o Farroba e aprendem sobre o trabalho desenvolvido no cuidado de animais perdidos ou abandonados. Juntos, ajudam nas tarefas do centro e recebem um crach\u00e1 de m\u00e9rito. No final, a Ana acaba por adotar a gata Fa\u00edsca, dando-lhe um novo lar cheio de carinho. Uma hist\u00f3ria que celebra a amizade verdadeira, refor\u00e7a a import\u00e2ncia da responsabilidade para com os animais e sublinha o valor da ado\u00e7\u00e3o e&#8230;<\/p>\n","protected":false},"author":1,"featured_media":0,"parent":0,"menu_order":0,"comment_status":"closed","ping_status":"closed","template":"","meta":{"footnotes":""},"_links":{"self":[{"href":"https:\/\/farrobinhas.cm-faro.pt\/index.php\/wp-json\/wp\/v2\/pages\/2163"}],"collection":[{"href":"https:\/\/farrobinhas.cm-faro.pt\/index.php\/wp-json\/wp\/v2\/pages"}],"about":[{"href":"https:\/\/farrobinhas.cm-faro.pt\/index.php\/wp-json\/wp\/v2\/types\/page"}],"author":[{"embeddable":true,"href":"https:\/\/farrobinhas.cm-faro.pt\/index.php\/wp-json\/wp\/v2\/users\/1"}],"replies":[{"embeddable":true,"href":"https:\/\/farrobinhas.cm-faro.pt\/index.php\/wp-json\/wp\/v2\/comments?post=2163"}],"version-history":[{"count":1,"href":"https:\/\/farrobinhas.cm-faro.pt\/index.php\/wp-json\/wp\/v2\/pages\/2163\/revisions"}],"predecessor-version":[{"id":2174,"href":"https:\/\/farrobinhas.cm-faro.pt\/index.php\/wp-json\/wp\/v2\/pages\/2163\/revisions\/2174"}],"wp:attachment":[{"href":"https:\/\/farrobinhas.cm-faro.pt\/index.php\/wp-json\/wp\/v2\/media?parent=2163"}],"curies":[{"name":"wp","href":"https:\/\/api.w.org\/{rel}","templated":true}]}}