{"id":1988,"date":"2024-06-03T10:25:22","date_gmt":"2024-06-03T10:25:22","guid":{"rendered":"https:\/\/farrobinhas.cm-faro.pt\/index.php\/?page_id=1988"},"modified":"2024-06-03T10:25:22","modified_gmt":"2024-06-03T10:25:22","slug":"biorresiduos-o-novo-desafio","status":"publish","type":"page","link":"https:\/\/farrobinhas.cm-faro.pt\/index.php\/biorresiduos-o-novo-desafio\/","title":{"rendered":"Biorres\u00edduos: O Novo Desafio!"},"content":{"rendered":"<div class=\"wpb-content-wrapper\"><p>[vc_section full_width=&#8221;stretch_row&#8221;][vc_row full_width=&#8221;stretch_row&#8221;][vc_column][vc_custom_heading text=&#8221;Biorres\u00edduos: O Novo Desafio!&#8221; font_container=&#8221;tag:h1|text_align:center&#8221; google_fonts=&#8221;font_family:Boogaloo%3Aregular|font_style:400%20regular%3A400%3Anormal&#8221; css=&#8221;&#8221;][vc_column_text css=&#8221;&#8221;]<\/p>\n<p style=\"text-align: center;\"><strong>2024<\/strong><\/p>\n<p>[\/vc_column_text][\/vc_column][\/vc_row][vc_row full_width=&#8221;stretch_row&#8221; el_id=&#8221;computer + mobile&#8221;][vc_column width=&#8221;1\/2&#8243; offset=&#8221;vc_hidden-md vc_hidden-sm&#8221;][vc_single_image image=&#8221;1990&#8243; img_size=&#8221;large&#8221; css=&#8221;&#8221;][\/vc_column][vc_column width=&#8221;1\/2&#8243; offset=&#8221;vc_hidden-md vc_hidden-sm&#8221;][vc_column_text css=&#8221;&#8221;]No laborat\u00f3rio, o Eug\u00e9nio tenta encontrar uma solu\u00e7\u00e3o para o problema da m\u00e1quina aceleradora de compostagem. A sua av\u00f3 aconselha-o a ir refrescar-se at\u00e9 \u00e0 praia. Eug\u00e9nio concorda, mas antes de ir passa no laborat\u00f3rio e qual n\u00e3o \u00e9 o seu espanto\u2026 a m\u00e1quina desapareceu!<\/p>\n<p>Os Farrobinhas correm para a rua \u00e0 procura de pistas que os ajudem a descobrir este mist\u00e9rio. No exterior, deparam-se com dois agentes secretos destacados para prote\u00e7\u00e3o da m\u00e1quina de compostagem, mas que infelizmente chegaram tarde de mais.<\/p>\n<p>Os agentes convidam o grupo a conhecer o Diretor Gouveia, nos escrit\u00f3rios da Ag\u00eancia Secreta do Ambiente. A inven\u00e7\u00e3o do Eug\u00e9nio \u00e9 muito elogiada pois ir\u00e1 diminuir a quantidade de biorres\u00edduos, ou seja, os res\u00edduos biodegrad\u00e1veis produzidos pelo homem e que v\u00e3o parar ao aterro.<\/p>\n<p>Os Farrobinhas s\u00e3o informados que, possivelmente, a m\u00e1quina foi levada por um grupo de extraterrestres. Pede-se ajuda ao Farroba para seguir o odor da m\u00e1quina e d\u00e3o in\u00edcio \u00e0 persegui\u00e7\u00e3o. Quando se aproximam do Largo da S\u00e9 um forte zunido ecoou e como por magia uma enorme nave apareceu. A porta da nave abre e saem dois extraterrestres que pedem desculpa por terem levado a m\u00e1quina, mas onde vivem, no Planeta Ca\u00f3tico, a situa\u00e7\u00e3o ambiental est\u00e1 muito complicada. O Eug\u00e9nio explica que a m\u00e1quina ainda n\u00e3o est\u00e1 pronta, mas os extraterrestres oferecem-se para unir esfor\u00e7os e solucionar o problema.<\/p>\n<p>De seguida os Farrobinhas s\u00e3o convidados a visitar o Planeta Ca\u00f3tico e embarcar numa grande viagem cient\u00edfica. Quando chegam ao Planeta Ca\u00f3tico percebem que a situa\u00e7\u00e3o \u00e9 muito grave. Um planeta muito semelhante \u00e0 nossa Terra, com grandes florestas, rios e muita biodiversidade, est\u00e1 agora destru\u00eddo e repleto de polui\u00e7\u00e3o.<\/p>\n<p>Os extraterrestres em conjunto com o Eug\u00e9nio conseguem aprimorar a m\u00e1quina de compostagem, ajustada \u00e0s necessidades de ambos os planetas.<\/p>\n<p>Nesta aventura os Farrobinhas combatem uma nova amea\u00e7a: a produ\u00e7\u00e3o de biorres\u00edduos sem valoriza\u00e7\u00e3o e mostram-nos que cada gesto pode fazer a diferen\u00e7a no \u00e2mbito da Sustentabilidade Ambiental.[\/vc_column_text][vc_row_inner][vc_column_inner width=&#8221;1\/4&#8243;][vc_btn title=&#8221;IN\u00cdCIO&#8221; style=&#8221;outline-custom&#8221; outline_custom_color=&#8221;#000000&#8243; outline_custom_hover_background=&#8221;#000000&#8243; outline_custom_hover_text=&#8221;#ffffff&#8221; shape=&#8221;square&#8221; align=&#8221;center&#8221; button_block=&#8221;true&#8221; link=&#8221;url:https%3A%2F%2Ffarrobinhas.cm-faro.pt%2F|title:In%C3%ADcio||&#8221;][\/vc_column_inner][vc_column_inner width=&#8221;1\/4&#8243;][vc_btn title=&#8221;VER LIVRO&#8221; style=&#8221;outline-custom&#8221; outline_custom_color=&#8221;#000000&#8243; outline_custom_hover_background=&#8221;#000000&#8243; outline_custom_hover_text=&#8221;#ffffff&#8221; shape=&#8221;square&#8221; align=&#8221;center&#8221; css=&#8221;&#8221; button_block=&#8221;true&#8221; link=&#8221;url:https%3A%2F%2Ffarrobinhas.cm-faro.pt%2Fbiorresiduos-o-novo-desafio%2F%23livro&#8221;][\/vc_column_inner][vc_column_inner width=&#8221;1\/2&#8243;][vc_btn title=&#8221;DESCARREGAR LIVRO&#8221; style=&#8221;outline-custom&#8221; outline_custom_color=&#8221;#000000&#8243; outline_custom_hover_background=&#8221;#000000&#8243; outline_custom_hover_text=&#8221;#ffffff&#8221; shape=&#8221;square&#8221; align=&#8221;center&#8221; css=&#8221;&#8221; button_block=&#8221;true&#8221; link=&#8221;url:https%3A%2F%2Ffarrobinhas.cm-faro.pt%2Fwp-content%2Fuploads%2F2024%2F05%2F17_BiorresiduosONovoDesafio_DescarregarLivro.pdf&#8221;][\/vc_column_inner][\/vc_row_inner][\/vc_column][\/vc_row][vc_row full_width=&#8221;stretch_row&#8221; el_id=&#8221;pc&#8221;][vc_column width=&#8221;1\/2&#8243; offset=&#8221;vc_hidden-lg vc_hidden-sm vc_hidden-xs&#8221;][vc_single_image image=&#8221;1990&#8243; img_size=&#8221;large&#8221; css=&#8221;&#8221;][\/vc_column][vc_column width=&#8221;1\/2&#8243; offset=&#8221;vc_hidden-lg vc_hidden-sm vc_hidden-xs&#8221;][vc_column_text css=&#8221;.vc_custom_1716554785828{margin-bottom: 0px !important;}&#8221;]No laborat\u00f3rio, o Eug\u00e9nio tenta encontrar uma solu\u00e7\u00e3o para o problema da m\u00e1quina aceleradora de compostagem. A sua av\u00f3 aconselha-o a ir refrescar-se at\u00e9 \u00e0 praia. Eug\u00e9nio concorda, mas antes de ir passa no laborat\u00f3rio e qual n\u00e3o \u00e9 o seu espanto\u2026 a m\u00e1quina desapareceu!<\/p>\n<p>Os Farrobinhas correm para a rua \u00e0 procura de pistas que os ajudem a descobrir este mist\u00e9rio. No exterior, deparam-se com dois agentes secretos destacados para prote\u00e7\u00e3o da m\u00e1quina de compostagem, mas que infelizmente chegaram tarde de mais.<\/p>\n<p>Os agentes convidam o grupo a conhecer o Diretor Gouveia, nos escrit\u00f3rios da Ag\u00eancia Secreta do Ambiente. A inven\u00e7\u00e3o do Eug\u00e9nio \u00e9 muito elogiada pois ir\u00e1 diminuir a quantidade de biorres\u00edduos, ou seja, os res\u00edduos biodegrad\u00e1veis produzidos pelo homem e que v\u00e3o parar ao aterro.[\/vc_column_text][\/vc_column][vc_column offset=&#8221;vc_hidden-lg vc_hidden-sm vc_hidden-xs&#8221;][vc_column_text css=&#8221;.vc_custom_1716554792126{margin-top: 0px !important;}&#8221;]Os Farrobinhas s\u00e3o informados que, possivelmente, a m\u00e1quina foi levada por um grupo de extraterrestres. Pede-se ajuda ao Farroba para seguir o odor da m\u00e1quina e d\u00e3o in\u00edcio \u00e0 persegui\u00e7\u00e3o. Quando se aproximam do Largo da S\u00e9 um forte zunido ecoou e como por magia uma enorme nave apareceu. A porta da nave abre e saem dois extraterrestres que pedem desculpa por terem levado a m\u00e1quina, mas onde vivem, no Planeta Ca\u00f3tico, a situa\u00e7\u00e3o ambiental est\u00e1 muito complicada. O Eug\u00e9nio explica que a m\u00e1quina ainda n\u00e3o est\u00e1 pronta, mas os extraterrestres oferecem-se para unir esfor\u00e7os e solucionar o problema.<\/p>\n<p>De seguida os Farrobinhas s\u00e3o convidados a visitar o Planeta Ca\u00f3tico e embarcar numa grande viagem cient\u00edfica. Quando chegam ao Planeta Ca\u00f3tico percebem que a situa\u00e7\u00e3o \u00e9 muito grave. Um planeta muito semelhante \u00e0 nossa Terra, com grandes florestas, rios e muita biodiversidade, est\u00e1 agora destru\u00eddo e repleto de polui\u00e7\u00e3o.<\/p>\n<p>Os extraterrestres em conjunto com o Eug\u00e9nio conseguem aprimorar a m\u00e1quina de compostagem, ajustada \u00e0s necessidades de ambos os planetas.<\/p>\n<p>Nesta aventura os Farrobinhas combatem uma nova amea\u00e7a: a produ\u00e7\u00e3o de biorres\u00edduos sem valoriza\u00e7\u00e3o e mostram-nos que cada gesto pode fazer a diferen\u00e7a no \u00e2mbito da Sustentabilidade Ambiental.[\/vc_column_text][vc_row_inner][vc_column_inner width=&#8221;1\/4&#8243;][vc_btn title=&#8221;IN\u00cdCIO&#8221; style=&#8221;outline-custom&#8221; outline_custom_color=&#8221;#000000&#8243; outline_custom_hover_background=&#8221;#000000&#8243; outline_custom_hover_text=&#8221;#ffffff&#8221; shape=&#8221;square&#8221; align=&#8221;center&#8221; button_block=&#8221;true&#8221; link=&#8221;url:https%3A%2F%2Ffarrobinhas.cm-faro.pt%2F|title:In%C3%ADcio||&#8221;][\/vc_column_inner][vc_column_inner width=&#8221;1\/4&#8243;][vc_btn title=&#8221;VER LIVRO&#8221; style=&#8221;outline-custom&#8221; outline_custom_color=&#8221;#000000&#8243; outline_custom_hover_background=&#8221;#000000&#8243; outline_custom_hover_text=&#8221;#ffffff&#8221; shape=&#8221;square&#8221; align=&#8221;center&#8221; css=&#8221;&#8221; button_block=&#8221;true&#8221; link=&#8221;url:https%3A%2F%2Ffarrobinhas.cm-faro.pt%2Fbiorresiduos-o-novo-desafio%2F%23livro&#8221;][\/vc_column_inner][vc_column_inner width=&#8221;1\/2&#8243;][vc_btn title=&#8221;DESCARREGAR LIVRO&#8221; style=&#8221;outline-custom&#8221; outline_custom_color=&#8221;#000000&#8243; outline_custom_hover_background=&#8221;#000000&#8243; outline_custom_hover_text=&#8221;#ffffff&#8221; shape=&#8221;square&#8221; align=&#8221;center&#8221; css=&#8221;&#8221; button_block=&#8221;true&#8221; link=&#8221;url:https%3A%2F%2Ffarrobinhas.cm-faro.pt%2Fwp-content%2Fuploads%2F2024%2F05%2F17_BiorresiduosONovoDesafio_DescarregarLivro.pdf&#8221;][\/vc_column_inner][\/vc_row_inner][\/vc_column][\/vc_row][vc_row full_width=&#8221;stretch_row&#8221; el_id=&#8221;tablet&#8221;][vc_column offset=&#8221;vc_hidden-lg vc_hidden-md vc_hidden-xs&#8221;][vc_row_inner][vc_column_inner width=&#8221;1\/6&#8243;][\/vc_column_inner][vc_column_inner width=&#8221;4\/6&#8243;][vc_single_image image=&#8221;1990&#8243; img_size=&#8221;large&#8221; css=&#8221;&#8221;][\/vc_column_inner][vc_column_inner width=&#8221;1\/6&#8243;][\/vc_column_inner][\/vc_row_inner][vc_column_text css=&#8221;&#8221;]No laborat\u00f3rio, o Eug\u00e9nio tenta encontrar uma solu\u00e7\u00e3o para o problema da m\u00e1quina aceleradora de compostagem. A sua av\u00f3 aconselha-o a ir refrescar-se at\u00e9 \u00e0 praia. Eug\u00e9nio concorda, mas antes de ir passa no laborat\u00f3rio e qual n\u00e3o \u00e9 o seu espanto\u2026 a m\u00e1quina desapareceu!<\/p>\n<p>Os Farrobinhas correm para a rua \u00e0 procura de pistas que os ajudem a descobrir este mist\u00e9rio. No exterior, deparam-se com dois agentes secretos destacados para prote\u00e7\u00e3o da m\u00e1quina de compostagem, mas que infelizmente chegaram tarde de mais.<\/p>\n<p>Os agentes convidam o grupo a conhecer o Diretor Gouveia, nos escrit\u00f3rios da Ag\u00eancia Secreta do Ambiente. A inven\u00e7\u00e3o do Eug\u00e9nio \u00e9 muito elogiada pois ir\u00e1 diminuir a quantidade de biorres\u00edduos, ou seja, os res\u00edduos biodegrad\u00e1veis produzidos pelo homem e que v\u00e3o parar ao aterro.<\/p>\n<p>Os Farrobinhas s\u00e3o informados que, possivelmente, a m\u00e1quina foi levada por um grupo de extraterrestres. Pede-se ajuda ao Farroba para seguir o odor da m\u00e1quina e d\u00e3o in\u00edcio \u00e0 persegui\u00e7\u00e3o. Quando se aproximam do Largo da S\u00e9 um forte zunido ecoou e como por magia uma enorme nave apareceu. A porta da nave abre e saem dois extraterrestres que pedem desculpa por terem levado a m\u00e1quina, mas onde vivem, no Planeta Ca\u00f3tico, a situa\u00e7\u00e3o ambiental est\u00e1 muito complicada. O Eug\u00e9nio explica que a m\u00e1quina ainda n\u00e3o est\u00e1 pronta, mas os extraterrestres oferecem-se para unir esfor\u00e7os e solucionar o problema.<\/p>\n<p>De seguida os Farrobinhas s\u00e3o convidados a visitar o Planeta Ca\u00f3tico e embarcar numa grande viagem cient\u00edfica. Quando chegam ao Planeta Ca\u00f3tico percebem que a situa\u00e7\u00e3o \u00e9 muito grave. Um planeta muito semelhante \u00e0 nossa Terra, com grandes florestas, rios e muita biodiversidade, est\u00e1 agora destru\u00eddo e repleto de polui\u00e7\u00e3o.<\/p>\n<p>Os extraterrestres em conjunto com o Eug\u00e9nio conseguem aprimorar a m\u00e1quina de compostagem, ajustada \u00e0s necessidades de ambos os planetas.<\/p>\n<p>Nesta aventura os Farrobinhas combatem uma nova amea\u00e7a: a produ\u00e7\u00e3o de biorres\u00edduos sem valoriza\u00e7\u00e3o e mostram-nos que cada gesto pode fazer a diferen\u00e7a no \u00e2mbito da Sustentabilidade Ambiental.[\/vc_column_text][vc_row_inner][vc_column_inner width=&#8221;1\/4&#8243;][vc_btn title=&#8221;IN\u00cdCIO&#8221; style=&#8221;outline-custom&#8221; outline_custom_color=&#8221;#000000&#8243; outline_custom_hover_background=&#8221;#000000&#8243; outline_custom_hover_text=&#8221;#ffffff&#8221; shape=&#8221;square&#8221; align=&#8221;center&#8221; button_block=&#8221;true&#8221; link=&#8221;url:https%3A%2F%2Ffarrobinhas.cm-faro.pt%2F|title:In%C3%ADcio||&#8221;][\/vc_column_inner][vc_column_inner width=&#8221;1\/4&#8243;][vc_btn title=&#8221;VER LIVRO&#8221; style=&#8221;outline-custom&#8221; outline_custom_color=&#8221;#000000&#8243; outline_custom_hover_background=&#8221;#000000&#8243; outline_custom_hover_text=&#8221;#ffffff&#8221; shape=&#8221;square&#8221; align=&#8221;center&#8221; css=&#8221;&#8221; button_block=&#8221;true&#8221; link=&#8221;url:https%3A%2F%2Ffarrobinhas.cm-faro.pt%2Fbiorresiduos-o-novo-desafio%2F%23livro&#8221;][\/vc_column_inner][vc_column_inner width=&#8221;1\/2&#8243;][vc_btn title=&#8221;DESCARREGAR LIVRO&#8221; style=&#8221;outline-custom&#8221; outline_custom_color=&#8221;#000000&#8243; outline_custom_hover_background=&#8221;#000000&#8243; outline_custom_hover_text=&#8221;#ffffff&#8221; shape=&#8221;square&#8221; align=&#8221;center&#8221; css=&#8221;&#8221; button_block=&#8221;true&#8221; link=&#8221;url:https%3A%2F%2Ffarrobinhas.cm-faro.pt%2Fwp-content%2Fuploads%2F2024%2F05%2F17_BiorresiduosONovoDesafio_DescarregarLivro.pdf&#8221;][\/vc_column_inner][\/vc_row_inner][\/vc_column][\/vc_row][\/vc_section][vc_section el_id=&#8221;livro&#8221;][vc_row][vc_column][vc_empty_space height=&#8221;40px&#8221;][vc_column_text css=&#8221;.vc_custom_1716554387604{padding-top: 0px !important;padding-right: 0px !important;padding-bottom: 0px !important;padding-left: 0px !important;}&#8221;]<div class=\"_df_book df-lite\" id=\"df_1989\"  _slug=\"biorresiduos-o-novo-desafio\" data-title=\"biorresiduos-o-novo-desafio\" wpoptions=\"true\" thumbtype=\"\" ><\/div><script class=\"df-shortcode-script\" nowprocket type=\"application\/javascript\">window.option_df_1989 = {\"outline\":[],\"backgroundColor\":\"#ffffff\",\"hard\":\"cover\",\"autoEnableOutline\":\"false\",\"autoEnableThumbnail\":\"false\",\"overwritePDFOutline\":\"false\",\"enableDownload\":\"false\",\"direction\":\"1\",\"pageSize\":\"0\",\"pageMode\":\"0\",\"controlsPosition\":\"hide\",\"soundEnable\":\"false\",\"autoPlay\":\"false\",\"autoPlayStart\":\"false\",\"source\":\"https:\\\/\\\/farrobinhas.cm-faro.pt\\\/wp-content\\\/uploads\\\/2024\\\/05\\\/17_BiorresiduosONovoDesafio_VerLivro.pdf\",\"wpOptions\":\"true\"}; if(window.DFLIP && window.DFLIP.parseBooks){window.DFLIP.parseBooks();}<\/script>[\/vc_column_text][\/vc_column][\/vc_row][\/vc_section][vc_section full_width=&#8221;stretch_row&#8221; disable_element=&#8221;yes&#8221; el_id=&#8221;aventuras&#8221;][vc_row][vc_column][vc_empty_space height=&#8221;80px&#8221;][vc_custom_heading text=&#8221;As Aventuras&#8221; font_container=&#8221;tag:h1|text_align:center&#8221; google_fonts=&#8221;font_family:Boogaloo%3Aregular|font_style:400%20regular%3A400%3Anormal&#8221;][\/vc_column][\/vc_row][vc_row][vc_column][vc_column_text][evc_image_gallery type=&#8221;carousel&#8221; image_behavior=&#8221;overlay&#8221; number_of_visible_items=&#8221;5&#8243; carousel_autoplay=&#8221;no&#8221; image_size=&#8221;large&#8221; custom_links=&#8221;https:\/\/farrobinhas.cm-faro.pt\/uma-aventura-de-natal\/, https:\/\/farrobinhas.cm-faro.pt\/uma-grande-caofusao\/, https:\/\/farrobinhas.cm-faro.pt\/os-segredos-da-aldeia-de-estoi\/, https:\/\/farrobinhas.cm-faro.pt\/o-enigma-do-gnomo\/, https:\/\/farrobinhas.cm-faro.pt\/a-descoberta-da-agua\/, https:\/\/farrobinhas.cm-faro.pt\/era-uma-vez-a-origem\/, https:\/\/farrobinhas.cm-faro.pt\/a-grande-missao\/, https:\/\/farrobinhas.cm-faro.pt\/campeoes-intergalaticos\/, https:\/\/farrobinhas.cm-faro.pt\/uma-aventura-em-casa\/, https:\/\/farrobinhas.cm-faro.pt\/perdidos-no-oeste\/, https:\/\/farrobinhas.cm-faro.pt\/desafio-virtual\/, https:\/\/farrobinhas.cm-faro.pt\/um-presente-especial\/, https:\/\/farrobinhas.cm-faro.pt\/ciclo-das-cascas\/, https:\/\/farrobinhas.cm-faro.pt\/zooniverso\/, https:\/\/farrobinhas.cm-faro.pt\/o-talisma-misterioso\/, https:\/\/farrobinhas.cm-faro.pt\/operacao-resgate-do-pai-natal&#8221; images=&#8221;925,926,927,928,929,930,931,932,987,1159,1372,1389,1459,1573,1640,1747&#8243;][vc_empty_space height=&#8221;30px&#8221;][\/vc_column_text][\/vc_column][\/vc_row][\/vc_section]<\/p>\n<\/div>","protected":false},"excerpt":{"rendered":"<p>[vc_section full_width=&#8221;stretch_row&#8221;][vc_row full_width=&#8221;stretch_row&#8221;][vc_column][vc_custom_heading text=&#8221;Biorres\u00edduos: O Novo Desafio!&#8221; font_container=&#8221;tag:h1|text_align:center&#8221; google_fonts=&#8221;font_family:Boogaloo%3Aregular|font_style:400%20regular%3A400%3Anormal&#8221; css=&#8221;&#8221;][vc_column_text css=&#8221;&#8221;] 2024 [\/vc_column_text][\/vc_column][\/vc_row][vc_row full_width=&#8221;stretch_row&#8221; el_id=&#8221;computer + mobile&#8221;][vc_column width=&#8221;1\/2&#8243; offset=&#8221;vc_hidden-md vc_hidden-sm&#8221;][vc_single_image image=&#8221;1990&#8243; img_size=&#8221;large&#8221; css=&#8221;&#8221;][\/vc_column][vc_column width=&#8221;1\/2&#8243; offset=&#8221;vc_hidden-md vc_hidden-sm&#8221;][vc_column_text css=&#8221;&#8221;]No laborat\u00f3rio, o Eug\u00e9nio tenta encontrar uma solu\u00e7\u00e3o para o problema da m\u00e1quina aceleradora de compostagem. A sua av\u00f3 aconselha-o a ir refrescar-se at\u00e9 \u00e0 praia. Eug\u00e9nio concorda, mas antes de ir passa no laborat\u00f3rio e qual n\u00e3o \u00e9 o seu espanto\u2026 a m\u00e1quina desapareceu! Os Farrobinhas correm para a rua \u00e0 procura de pistas que os ajudem a descobrir este mist\u00e9rio. No exterior, deparam-se com dois agentes secretos destacados para prote\u00e7\u00e3o da m\u00e1quina de compostagem, mas que infelizmente chegaram tarde de mais. Os agentes convidam o grupo a conhecer o Diretor Gouveia, nos escrit\u00f3rios da Ag\u00eancia Secreta do Ambiente. A inven\u00e7\u00e3o do Eug\u00e9nio \u00e9 muito elogiada pois ir\u00e1 diminuir a quantidade de biorres\u00edduos, ou seja, os res\u00edduos biodegrad\u00e1veis produzidos pelo homem e que v\u00e3o parar ao aterro. Os Farrobinhas s\u00e3o informados que, possivelmente, a m\u00e1quina foi levada por um grupo de extraterrestres. Pede-se ajuda ao Farroba para seguir o odor da m\u00e1quina e d\u00e3o in\u00edcio \u00e0 persegui\u00e7\u00e3o. Quando se aproximam do Largo da S\u00e9 um forte zunido ecoou e como por magia uma&#8230;<\/p>\n","protected":false},"author":1,"featured_media":0,"parent":0,"menu_order":0,"comment_status":"closed","ping_status":"closed","template":"","meta":{"footnotes":""},"_links":{"self":[{"href":"https:\/\/farrobinhas.cm-faro.pt\/index.php\/wp-json\/wp\/v2\/pages\/1988"}],"collection":[{"href":"https:\/\/farrobinhas.cm-faro.pt\/index.php\/wp-json\/wp\/v2\/pages"}],"about":[{"href":"https:\/\/farrobinhas.cm-faro.pt\/index.php\/wp-json\/wp\/v2\/types\/page"}],"author":[{"embeddable":true,"href":"https:\/\/farrobinhas.cm-faro.pt\/index.php\/wp-json\/wp\/v2\/users\/1"}],"replies":[{"embeddable":true,"href":"https:\/\/farrobinhas.cm-faro.pt\/index.php\/wp-json\/wp\/v2\/comments?post=1988"}],"version-history":[{"count":7,"href":"https:\/\/farrobinhas.cm-faro.pt\/index.php\/wp-json\/wp\/v2\/pages\/1988\/revisions"}],"predecessor-version":[{"id":2006,"href":"https:\/\/farrobinhas.cm-faro.pt\/index.php\/wp-json\/wp\/v2\/pages\/1988\/revisions\/2006"}],"wp:attachment":[{"href":"https:\/\/farrobinhas.cm-faro.pt\/index.php\/wp-json\/wp\/v2\/media?parent=1988"}],"curies":[{"name":"wp","href":"https:\/\/api.w.org\/{rel}","templated":true}]}}