{"id":187,"date":"2020-04-09T12:03:03","date_gmt":"2020-04-09T12:03:03","guid":{"rendered":"http:\/\/farrobinhas.cm-faro.pt\/?page_id=187"},"modified":"2024-05-02T09:06:53","modified_gmt":"2024-05-02T09:06:53","slug":"uma-aventura-de-natal","status":"publish","type":"page","link":"https:\/\/farrobinhas.cm-faro.pt\/index.php\/uma-aventura-de-natal\/","title":{"rendered":"Uma Aventura de Natal"},"content":{"rendered":"<div class=\"wpb-content-wrapper\"><p>[vc_section full_width=&#8221;stretch_row&#8221;][vc_row full_width=&#8221;stretch_row&#8221;][vc_column][vc_custom_heading text=&#8221;Uma Aventura de Natal&#8221; font_container=&#8221;tag:h1|text_align:center&#8221; google_fonts=&#8221;font_family:Boogaloo%3Aregular|font_style:400%20regular%3A400%3Anormal&#8221;][vc_column_text css=&#8221;&#8221;]<\/p>\n<p style=\"text-align: center;\"><strong>2016<\/strong><\/p>\n<p>[\/vc_column_text][\/vc_column][\/vc_row][vc_row full_width=&#8221;stretch_row&#8221; el_id=&#8221;computer + mobile&#8221;][vc_column width=&#8221;1\/2&#8243; offset=&#8221;vc_hidden-md vc_hidden-sm&#8221;][vc_single_image image=&#8221;925&#8243; img_size=&#8221;large&#8221;][\/vc_column][vc_column width=&#8221;1\/2&#8243; offset=&#8221;vc_hidden-md vc_hidden-sm&#8221;][vc_column_text]Eug\u00e9nio criou uma extraordin\u00e1ria inven\u00e7\u00e3o e naquela manh\u00e3 de Natal, apressa-se, com o seu fiel amigo de quatro patas Farroba, a ir contar a novidade aos amigos Ana e Afonso que j\u00e1 estavam a abrir os seus presentes. Apesar da not\u00edcia excitante de Eug\u00e9nio, depressa se esquecem do assunto ao descobrirem mais um saco cheio de prendas direcionadas a outros meninos. Afonso insiste em abrir alguns destes presentes mas Ana sabe que n\u00e3o \u00e9 correto e Eug\u00e9nio rapidamente encontra uma solu\u00e7\u00e3o para o problema: viajar com a sua m\u00e1quina do tempo at\u00e9 \u00e0 Lap\u00f3nia para salvar o Natal. Os Farrobinhas chegam em breves minutos ao seu destino e deparam-se com uma paisagem coberta de neve. Com a ajuda de um duende conseguem chegar a casa do Pai Natal, a quem Ana entrega prontamente o saco dos presentes que ela e Afonso tinham recebido a mais. O Pai Natal fica muito orgulhoso com esta atitude, pois revela que pensaram nas outras crian\u00e7as que ficariam sem os seus presentes. Ap\u00f3s a miss\u00e3o cumprida, os Farrobinhas decidem regressar a casa mas logo se apercebem que a m\u00e1quina do tempo congelou com o frio. Neste momento, o Pai Natal surge no seu tren\u00f3 e convida os amigos a voarem com ele at\u00e9 suas casas e ajudarem na distribui\u00e7\u00e3o dos presentes esquecidos a todas as crian\u00e7as que os esperavam.<\/p>\n<p>Para os quatro amigos, a sensa\u00e7\u00e3o de dever cumprido fez daquele o melhor Natal de sempre, numa aventura pautada pelos valores da amizade, da entreajuda, da partilha e da justi\u00e7a.[\/vc_column_text][vc_row_inner][vc_column_inner width=&#8221;1\/4&#8243;][vc_btn title=&#8221;IN\u00cdCIO&#8221; style=&#8221;outline-custom&#8221; outline_custom_color=&#8221;#000000&#8243; outline_custom_hover_background=&#8221;#000000&#8243; outline_custom_hover_text=&#8221;#ffffff&#8221; shape=&#8221;square&#8221; align=&#8221;center&#8221; button_block=&#8221;true&#8221; link=&#8221;url:https%3A%2F%2Ffarrobinhas.cm-faro.pt%2F|title:In%C3%ADcio||&#8221;][\/vc_column_inner][vc_column_inner width=&#8221;1\/4&#8243;][vc_btn title=&#8221;VER LIVRO&#8221; style=&#8221;outline-custom&#8221; outline_custom_color=&#8221;#000000&#8243; outline_custom_hover_background=&#8221;#000000&#8243; outline_custom_hover_text=&#8221;#ffffff&#8221; shape=&#8221;square&#8221; align=&#8221;center&#8221; button_block=&#8221;true&#8221; link=&#8221;url:https%3A%2F%2Ffarrobinhas.cm-faro.pt%2Fuma-aventura-de-natal%2F%23livro|||&#8221;][\/vc_column_inner][vc_column_inner width=&#8221;1\/2&#8243;][vc_btn title=&#8221;DESCARREGAR LIVRO&#8221; style=&#8221;outline-custom&#8221; outline_custom_color=&#8221;#000000&#8243; outline_custom_hover_background=&#8221;#000000&#8243; outline_custom_hover_text=&#8221;#ffffff&#8221; shape=&#8221;square&#8221; align=&#8221;center&#8221; button_block=&#8221;true&#8221; link=&#8221;url:https%3A%2F%2Ffarrobinhas.cm-faro.pt%2Fwp-content%2Fuploads%2F2020%2F04%2F01_UmaAventuradeNatal_DescarregarLivro.pdf|||&#8221;][\/vc_column_inner][\/vc_row_inner][\/vc_column][\/vc_row][vc_row full_width=&#8221;stretch_row&#8221; el_id=&#8221;pc&#8221;][vc_column width=&#8221;1\/2&#8243; offset=&#8221;vc_hidden-lg vc_hidden-sm vc_hidden-xs&#8221;][vc_single_image image=&#8221;925&#8243; img_size=&#8221;large&#8221;][\/vc_column][vc_column width=&#8221;1\/2&#8243; offset=&#8221;vc_hidden-lg vc_hidden-sm vc_hidden-xs&#8221;][vc_column_text css=&#8221;.vc_custom_1630315350534{margin-bottom: 0px !important;}&#8221;]Eug\u00e9nio criou uma extraordin\u00e1ria inven\u00e7\u00e3o e naquela manh\u00e3 de Natal, apressa-se, com o seu fiel amigo de quatro patas Farroba, a ir contar a novidade aos amigos Ana e Afonso que j\u00e1 estavam a abrir os seus presentes. Apesar da not\u00edcia excitante de Eug\u00e9nio, depressa se esquecem do assunto ao descobrirem mais um saco cheio de prendas direcionadas a outros meninos. Afonso insiste em abrir alguns destes presentes mas Ana sabe que n\u00e3o \u00e9 correto e Eug\u00e9nio rapidamente encontra uma solu\u00e7\u00e3o para o problema: viajar com a sua m\u00e1quina do tempo at\u00e9 \u00e0 Lap\u00f3nia para salvar o Natal. Os Farrobinhas chegam em breves minutos ao seu destino e deparam-se com uma paisagem coberta de neve. Com a ajuda de um duende conseguem chegar a casa do Pai Natal, a quem Ana entrega prontamente o saco dos presentes que ela e Afonso tinham recebido a mais. O Pai Natal fica muito orgulhoso com esta atitude, pois revela que pensaram nas outras crian\u00e7as que ficariam sem os seus presentes. Ap\u00f3s a miss\u00e3o cumprida, os Farrobinhas decidem regressar a casa mas logo se apercebem que a m\u00e1quina do tempo congelou com o frio. Neste momento, o Pai Natal surge no seu tren\u00f3[\/vc_column_text][\/vc_column][vc_column offset=&#8221;vc_hidden-lg vc_hidden-sm vc_hidden-xs&#8221;][vc_column_text css=&#8221;.vc_custom_1630315359819{margin-top: 0px !important;}&#8221;]e convida os amigos a voarem com ele at\u00e9 suas casas e ajudarem na distribui\u00e7\u00e3o dos presentes esquecidos a todas as crian\u00e7as que os esperavam.<\/p>\n<p>Para os quatro amigos, a sensa\u00e7\u00e3o de dever cumprido fez daquele o melhor Natal de sempre, numa aventura pautada pelos valores da amizade, da entreajuda, da partilha e da justi\u00e7a.[\/vc_column_text][vc_row_inner][vc_column_inner width=&#8221;1\/4&#8243;][vc_btn title=&#8221;IN\u00cdCIO&#8221; style=&#8221;outline-custom&#8221; outline_custom_color=&#8221;#000000&#8243; outline_custom_hover_background=&#8221;#000000&#8243; outline_custom_hover_text=&#8221;#ffffff&#8221; shape=&#8221;square&#8221; align=&#8221;center&#8221; button_block=&#8221;true&#8221; link=&#8221;url:https%3A%2F%2Ffarrobinhas.cm-faro.pt%2F|title:In%C3%ADcio||&#8221;][\/vc_column_inner][vc_column_inner width=&#8221;1\/4&#8243;][vc_btn title=&#8221;VER LIVRO&#8221; style=&#8221;outline-custom&#8221; outline_custom_color=&#8221;#000000&#8243; outline_custom_hover_background=&#8221;#000000&#8243; outline_custom_hover_text=&#8221;#ffffff&#8221; shape=&#8221;square&#8221; align=&#8221;center&#8221; button_block=&#8221;true&#8221; link=&#8221;url:https%3A%2F%2Ffarrobinhas.cm-faro.pt%2Fuma-aventura-de-natal-em-faro%2F%23livro|||&#8221;][\/vc_column_inner][vc_column_inner width=&#8221;1\/2&#8243;][vc_btn title=&#8221;DESCARREGAR LIVRO&#8221; style=&#8221;outline-custom&#8221; outline_custom_color=&#8221;#000000&#8243; outline_custom_hover_background=&#8221;#000000&#8243; outline_custom_hover_text=&#8221;#ffffff&#8221; shape=&#8221;square&#8221; align=&#8221;center&#8221; button_block=&#8221;true&#8221; link=&#8221;url:https%3A%2F%2Ffarrobinhas.cm-faro.pt%2Fwp-content%2Fuploads%2F2020%2F04%2F01_UmaAventuradeNatal_DescarregarLivro.pdf|||&#8221;][\/vc_column_inner][\/vc_row_inner][\/vc_column][\/vc_row][vc_row full_width=&#8221;stretch_row&#8221; el_id=&#8221;tablet&#8221;][vc_column offset=&#8221;vc_hidden-lg vc_hidden-md vc_hidden-xs&#8221;][vc_row_inner][vc_column_inner width=&#8221;1\/6&#8243;][\/vc_column_inner][vc_column_inner width=&#8221;4\/6&#8243;][vc_single_image image=&#8221;925&#8243; img_size=&#8221;large&#8221; alignment=&#8221;center&#8221;][\/vc_column_inner][vc_column_inner width=&#8221;1\/6&#8243;][\/vc_column_inner][\/vc_row_inner][vc_column_text]Eug\u00e9nio criou uma extraordin\u00e1ria inven\u00e7\u00e3o e naquela manh\u00e3 de Natal, apressa-se, com o seu fiel amigo de quatro patas Farroba, a ir contar a novidade aos amigos Ana e Afonso que j\u00e1 estavam a abrir os seus presentes. Apesar da not\u00edcia excitante de Eug\u00e9nio, depressa se esquecem do assunto ao descobrirem mais um saco cheio de prendas direcionadas a outros meninos. Afonso insiste em abrir alguns destes presentes mas Ana sabe que n\u00e3o \u00e9 correto e Eug\u00e9nio rapidamente encontra uma solu\u00e7\u00e3o para o problema: viajar com a sua m\u00e1quina do tempo at\u00e9 \u00e0 Lap\u00f3nia para salvar o Natal. Os Farrobinhas chegam em breves minutos ao seu destino e deparam-se com uma paisagem coberta de neve. Com a ajuda de um duende conseguem chegar a casa do Pai Natal, a quem Ana entrega prontamente o saco dos presentes que ela e Afonso tinham recebido a mais. O Pai Natal fica muito orgulhoso com esta atitude, pois revela que pensaram nas outras crian\u00e7as que ficariam sem os seus presentes. Ap\u00f3s a miss\u00e3o cumprida, os Farrobinhas decidem regressar a casa mas logo se apercebem que a m\u00e1quina do tempo congelou com o frio. Neste momento, o Pai Natal surge no seu tren\u00f3 e convida os amigos a voarem com ele at\u00e9 suas casas e ajudarem na distribui\u00e7\u00e3o dos presentes esquecidos a todas as crian\u00e7as que os esperavam.<\/p>\n<p>Para os quatro amigos, a sensa\u00e7\u00e3o de dever cumprido fez daquele o melhor Natal de sempre, numa aventura pautada pelos valores da amizade, da entreajuda, da partilha e da justi\u00e7a.[\/vc_column_text][vc_row_inner][vc_column_inner width=&#8221;1\/4&#8243;][vc_btn title=&#8221;IN\u00cdCIO&#8221; style=&#8221;outline-custom&#8221; outline_custom_color=&#8221;#000000&#8243; outline_custom_hover_background=&#8221;#000000&#8243; outline_custom_hover_text=&#8221;#ffffff&#8221; shape=&#8221;square&#8221; align=&#8221;center&#8221; button_block=&#8221;true&#8221; link=&#8221;url:https%3A%2F%2Ffarrobinhas.cm-faro.pt%2F|title:In%C3%ADcio||&#8221;][\/vc_column_inner][vc_column_inner width=&#8221;1\/4&#8243;][vc_btn title=&#8221;VER LIVRO&#8221; style=&#8221;outline-custom&#8221; outline_custom_color=&#8221;#000000&#8243; outline_custom_hover_background=&#8221;#000000&#8243; outline_custom_hover_text=&#8221;#ffffff&#8221; shape=&#8221;square&#8221; align=&#8221;center&#8221; button_block=&#8221;true&#8221; link=&#8221;url:https%3A%2F%2Ffarrobinhas.cm-faro.pt%2Fuma-aventura-de-natal-em-faro%2F%23livro|||&#8221;][\/vc_column_inner][vc_column_inner width=&#8221;1\/2&#8243;][vc_btn title=&#8221;DESCARREGAR LIVRO&#8221; style=&#8221;outline-custom&#8221; outline_custom_color=&#8221;#000000&#8243; outline_custom_hover_background=&#8221;#000000&#8243; outline_custom_hover_text=&#8221;#ffffff&#8221; shape=&#8221;square&#8221; align=&#8221;center&#8221; button_block=&#8221;true&#8221; link=&#8221;url:https%3A%2F%2Ffarrobinhas.cm-faro.pt%2Fwp-content%2Fuploads%2F2020%2F04%2F01_UmaAventuradeNatal_DescarregarLivro.pdf|||&#8221;][\/vc_column_inner][\/vc_row_inner][\/vc_column][\/vc_row][vc_row full_width=&#8221;stretch_row&#8221;][vc_column][vc_empty_space height=&#8221;20px&#8221;][\/vc_column][\/vc_row][\/vc_section][vc_section el_id=&#8221;livro&#8221;][vc_row][vc_column][vc_empty_space height=&#8221;30px&#8221;][vc_column_text]<div class=\"_df_book df-lite\" id=\"df_523\"  _slug=\"uma-aventura-de-natal-em-faro\" data-title=\"uma-aventura-de-natal\" wpoptions=\"true\" thumbtype=\"\" ><\/div><script class=\"df-shortcode-script\" nowprocket type=\"application\/javascript\">window.option_df_523 = {\"outline\":[],\"backgroundColor\":\"#ffffff\",\"hard\":\"cover\",\"autoEnableOutline\":\"false\",\"autoEnableThumbnail\":\"false\",\"overwritePDFOutline\":\"false\",\"enableDownload\":\"false\",\"direction\":\"1\",\"pageSize\":\"0\",\"pageMode\":\"0\",\"controlsPosition\":\"hide\",\"soundEnable\":\"false\",\"autoPlay\":\"false\",\"autoPlayStart\":\"false\",\"source\":\"https:\\\/\\\/farrobinhas.cm-faro.pt\\\/wp-content\\\/uploads\\\/2020\\\/04\\\/01_UmaAventuradeNatal_VerLivro.pdf\",\"wpOptions\":\"true\"}; if(window.DFLIP && window.DFLIP.parseBooks){window.DFLIP.parseBooks();}<\/script>[\/vc_column_text][\/vc_column][\/vc_row][\/vc_section][vc_section full_width=&#8221;stretch_row&#8221; disable_element=&#8221;yes&#8221; el_id=&#8221;aventuras&#8221;][vc_row][vc_column][vc_empty_space height=&#8221;40px&#8221;][vc_custom_heading text=&#8221;As Aventuras&#8221; font_container=&#8221;tag:h1|text_align:center&#8221; google_fonts=&#8221;font_family:Boogaloo%3Aregular|font_style:400%20regular%3A400%3Anormal&#8221;][\/vc_column][\/vc_row][vc_row][vc_column][vc_column_text][evc_image_gallery type=&#8221;carousel&#8221; image_behavior=&#8221;overlay&#8221; number_of_visible_items=&#8221;5&#8243; carousel_autoplay=&#8221;no&#8221; image_size=&#8221;large&#8221; custom_links=&#8221;https:\/\/farrobinhas.cm-faro.pt\/uma-aventura-de-natal\/, https:\/\/farrobinhas.cm-faro.pt\/uma-grande-caofusao\/, https:\/\/farrobinhas.cm-faro.pt\/os-segredos-da-aldeia-de-estoi\/, https:\/\/farrobinhas.cm-faro.pt\/o-enigma-do-gnomo\/, https:\/\/farrobinhas.cm-faro.pt\/a-descoberta-da-agua\/, https:\/\/farrobinhas.cm-faro.pt\/era-uma-vez-a-origem\/, https:\/\/farrobinhas.cm-faro.pt\/a-grande-missao\/, https:\/\/farrobinhas.cm-faro.pt\/campeoes-intergalaticos\/, https:\/\/farrobinhas.cm-faro.pt\/uma-aventura-em-casa\/, https:\/\/farrobinhas.cm-faro.pt\/perdidos-no-oeste\/, https:\/\/farrobinhas.cm-faro.pt\/desafio-virtual\/, https:\/\/farrobinhas.cm-faro.pt\/um-presente-especial\/, https:\/\/farrobinhas.cm-faro.pt\/ciclo-das-cascas\/, https:\/\/farrobinhas.cm-faro.pt\/zooniverso\/, https:\/\/farrobinhas.cm-faro.pt\/o-talisma-misterioso\/, https:\/\/farrobinhas.cm-faro.pt\/operacao-resgate-do-pai-natal&#8221; images=&#8221;925,926,927,928,929,930,931,932,987,1159,1372,1389,1459,1573,1640,1747&#8243;][vc_empty_space height=&#8221;30px&#8221;][\/vc_column_text][\/vc_column][\/vc_row][\/vc_section]<\/p>\n<\/div>","protected":false},"excerpt":{"rendered":"<p>[vc_section full_width=&#8221;stretch_row&#8221;][vc_row full_width=&#8221;stretch_row&#8221;][vc_column][vc_custom_heading text=&#8221;Uma Aventura de Natal&#8221; font_container=&#8221;tag:h1|text_align:center&#8221; google_fonts=&#8221;font_family:Boogaloo%3Aregular|font_style:400%20regular%3A400%3Anormal&#8221;][vc_column_text css=&#8221;&#8221;] 2016 [\/vc_column_text][\/vc_column][\/vc_row][vc_row full_width=&#8221;stretch_row&#8221; el_id=&#8221;computer + mobile&#8221;][vc_column width=&#8221;1\/2&#8243; offset=&#8221;vc_hidden-md vc_hidden-sm&#8221;][vc_single_image image=&#8221;925&#8243; img_size=&#8221;large&#8221;][\/vc_column][vc_column width=&#8221;1\/2&#8243; offset=&#8221;vc_hidden-md vc_hidden-sm&#8221;][vc_column_text]Eug\u00e9nio criou uma extraordin\u00e1ria inven\u00e7\u00e3o e naquela manh\u00e3 de Natal, apressa-se, com o seu fiel amigo de quatro patas Farroba, a ir contar a novidade aos amigos Ana e Afonso que j\u00e1 estavam a abrir os seus presentes. Apesar da not\u00edcia excitante de Eug\u00e9nio, depressa se esquecem do assunto ao descobrirem mais um saco cheio de prendas direcionadas a outros meninos. Afonso insiste em abrir alguns destes presentes mas Ana sabe que n\u00e3o \u00e9 correto e Eug\u00e9nio rapidamente encontra uma solu\u00e7\u00e3o para o problema: viajar com a sua m\u00e1quina do tempo at\u00e9 \u00e0 Lap\u00f3nia para salvar o Natal. Os Farrobinhas chegam em breves minutos ao seu destino e deparam-se com uma paisagem coberta de neve. Com a ajuda de um duende conseguem chegar a casa do Pai Natal, a quem Ana entrega prontamente o saco dos presentes que ela e Afonso tinham recebido a mais. O Pai Natal fica muito orgulhoso com esta atitude, pois revela que pensaram nas outras crian\u00e7as que ficariam sem os seus presentes. Ap\u00f3s a miss\u00e3o cumprida, os Farrobinhas decidem regressar a casa&#8230;<\/p>\n","protected":false},"author":1,"featured_media":0,"parent":0,"menu_order":0,"comment_status":"closed","ping_status":"closed","template":"","meta":{"footnotes":""},"_links":{"self":[{"href":"https:\/\/farrobinhas.cm-faro.pt\/index.php\/wp-json\/wp\/v2\/pages\/187"}],"collection":[{"href":"https:\/\/farrobinhas.cm-faro.pt\/index.php\/wp-json\/wp\/v2\/pages"}],"about":[{"href":"https:\/\/farrobinhas.cm-faro.pt\/index.php\/wp-json\/wp\/v2\/types\/page"}],"author":[{"embeddable":true,"href":"https:\/\/farrobinhas.cm-faro.pt\/index.php\/wp-json\/wp\/v2\/users\/1"}],"replies":[{"embeddable":true,"href":"https:\/\/farrobinhas.cm-faro.pt\/index.php\/wp-json\/wp\/v2\/comments?post=187"}],"version-history":[{"count":94,"href":"https:\/\/farrobinhas.cm-faro.pt\/index.php\/wp-json\/wp\/v2\/pages\/187\/revisions"}],"predecessor-version":[{"id":1946,"href":"https:\/\/farrobinhas.cm-faro.pt\/index.php\/wp-json\/wp\/v2\/pages\/187\/revisions\/1946"}],"wp:attachment":[{"href":"https:\/\/farrobinhas.cm-faro.pt\/index.php\/wp-json\/wp\/v2\/media?parent=187"}],"curies":[{"name":"wp","href":"https:\/\/api.w.org\/{rel}","templated":true}]}}