{"id":1730,"date":"2023-12-01T09:00:48","date_gmt":"2023-12-01T09:00:48","guid":{"rendered":"http:\/\/farrobinhas.cm-faro.pt\/index.php\/?page_id=1730"},"modified":"2024-05-02T09:04:40","modified_gmt":"2024-05-02T09:04:40","slug":"operacao-resgate-do-pai-natal","status":"publish","type":"page","link":"https:\/\/farrobinhas.cm-faro.pt\/index.php\/operacao-resgate-do-pai-natal\/","title":{"rendered":"Opera\u00e7\u00e3o: Resgate do Pai Natal"},"content":{"rendered":"<div class=\"wpb-content-wrapper\"><p>[vc_section full_width=&#8221;stretch_row&#8221;][vc_row full_width=&#8221;stretch_row&#8221;][vc_column][vc_custom_heading text=&#8221;Opera\u00e7\u00e3o: Resgate do Pai Natal&#8221; font_container=&#8221;tag:h1|text_align:center&#8221; google_fonts=&#8221;font_family:Boogaloo%3Aregular|font_style:400%20regular%3A400%3Anormal&#8221;][vc_column_text css=&#8221;&#8221;]<\/p>\n<p style=\"text-align: center;\"><strong>2023<\/strong><\/p>\n<p>[\/vc_column_text][\/vc_column][\/vc_row][vc_row full_width=&#8221;stretch_row&#8221; el_id=&#8221;computer + mobile&#8221;][vc_column width=&#8221;1\/2&#8243; offset=&#8221;vc_hidden-md vc_hidden-sm&#8221;][vc_single_image image=&#8221;1747&#8243; img_size=&#8221;large&#8221;][\/vc_column][vc_column width=&#8221;1\/2&#8243; offset=&#8221;vc_hidden-md vc_hidden-sm&#8221;][vc_column_text]Os aventureiros Farrobinhas, ansiosos pela v\u00e9spera de Natal, apercebem-se que se est\u00e1 a formar uma tempestade de neve e recebem uma visita inesperada. Pipinha, a duende mor do Pai Natal, numa grande afli\u00e7\u00e3o, chegara para pedir a preciosa ajuda dos amigos pois o Pai Natal tinha desaparecido. As entregas dos presentes n\u00e3o podiam ficar em risco e os Farrobinhas rapidamente se deslocaram at\u00e9 \u00e0 Lap\u00f3nia na sua m\u00e1quina do tempo. Os elfos do Pai Natal, muito nervosos com o seu desaparecimento, informam os amigos que ele se dirigira \u00e0 Floresta Misteriosa. Sob a tempestade, os amigos aventuram-se pela neve e pelo gelo, chegando a um rio congelado. O Farroba acaba por cair nas \u00e1guas frias depois do ch\u00e3o estalar e por preven\u00e7\u00e3o, os Farrobinhas decidem n\u00e3o avan\u00e7ar. Gra\u00e7as ao Faroon, um enorme p\u00e1ssaro, o Farroba \u00e9 resgatado e os aventureiros ganham um novo membro na equipa de salvamento. Com a ajuda deste novo amigo, conseguem encontrar o Pai Natal no seu tren\u00f3 soterrado na neve. Com preciosos refor\u00e7os, conseguem mais uma vez salvar o Natal.<\/p>\n<p>Nesta aventura, os Farrobinhas querem sensibilizar os mais pequenos para a import\u00e2ncia da Prote\u00e7\u00e3o Civil e ir\u00e3o ensinar que, em situa\u00e7\u00f5es de emerg\u00eancia, devemos agir de forma respons\u00e1vel, adotar medidas preventivas e de autoprote\u00e7\u00e3o para n\u00e3o corrermos riscos desnecess\u00e1rios.[\/vc_column_text][vc_row_inner][vc_column_inner width=&#8221;1\/4&#8243;][vc_btn title=&#8221;IN\u00cdCIO&#8221; style=&#8221;outline-custom&#8221; outline_custom_color=&#8221;#000000&#8243; outline_custom_hover_background=&#8221;#000000&#8243; outline_custom_hover_text=&#8221;#ffffff&#8221; shape=&#8221;square&#8221; align=&#8221;center&#8221; button_block=&#8221;true&#8221; link=&#8221;url:https%3A%2F%2Ffarrobinhas.cm-faro.pt%2F|title:In%C3%ADcio||&#8221;][\/vc_column_inner][vc_column_inner width=&#8221;1\/4&#8243;][vc_btn title=&#8221;VER LIVRO&#8221; style=&#8221;outline-custom&#8221; outline_custom_color=&#8221;#000000&#8243; outline_custom_hover_background=&#8221;#000000&#8243; outline_custom_hover_text=&#8221;#ffffff&#8221; shape=&#8221;square&#8221; align=&#8221;center&#8221; button_block=&#8221;true&#8221; link=&#8221;url:https%3A%2F%2Ffarrobinhas.cm-faro.pt%2Foperacao-resgate-do-pai-natal%2F%23livro|||&#8221;][\/vc_column_inner][vc_column_inner width=&#8221;1\/2&#8243;][vc_btn title=&#8221;DESCARREGAR LIVRO&#8221; style=&#8221;outline-custom&#8221; outline_custom_color=&#8221;#000000&#8243; outline_custom_hover_background=&#8221;#000000&#8243; outline_custom_hover_text=&#8221;#ffffff&#8221; shape=&#8221;square&#8221; align=&#8221;center&#8221; button_block=&#8221;true&#8221; link=&#8221;url:https%3A%2F%2Ffarrobinhas.cm-faro.pt%2Fwp-content%2Fuploads%2F2023%2F11%2F16_OperacaoResgatePaiNatal_DescarregarLivro.pdf|||&#8221;][\/vc_column_inner][\/vc_row_inner][\/vc_column][\/vc_row][vc_row full_width=&#8221;stretch_row&#8221; el_id=&#8221;pc&#8221;][vc_column width=&#8221;1\/2&#8243; offset=&#8221;vc_hidden-lg vc_hidden-sm vc_hidden-xs&#8221;][vc_single_image image=&#8221;1747&#8243; img_size=&#8221;large&#8221;][\/vc_column][vc_column width=&#8221;1\/2&#8243; offset=&#8221;vc_hidden-lg vc_hidden-sm vc_hidden-xs&#8221;][vc_column_text css=&#8221;.vc_custom_1700644042120{margin-bottom: -5px !important;}&#8221;]Os aventureiros Farrobinhas, ansiosos pela v\u00e9spera de Natal, apercebem-se que se est\u00e1 a formar uma tempestade de neve e recebem uma visita inesperada. Pipinha, a duende mor do Pai Natal, numa grande afli\u00e7\u00e3o, chegara para pedir a preciosa ajuda dos amigos pois o Pai Natal tinha desaparecido. As entregas dos presentes n\u00e3o podiam ficar em risco e os Farrobinhas rapidamente se deslocaram at\u00e9 \u00e0 Lap\u00f3nia na sua m\u00e1quina do tempo. Os elfos do Pai Natal, muito nervosos com o seu desaparecimento, informam os amigos que ele se dirigira \u00e0 Floresta Misteriosa. Sob a tempestade, os amigos aventuram-se pela neve e pelo gelo, chegando a um rio congelado. O Farroba acaba por cair nas \u00e1guas frias depois do ch\u00e3o estalar e por preven\u00e7\u00e3o, os Farrobinhas decidem n\u00e3o avan\u00e7ar. Gra\u00e7as ao Faroon, um enorme p\u00e1ssaro, o Farroba \u00e9 resgatado e os aventureiros ganham um novo membro na equipa de salvamento. Com a ajuda deste novo amigo, conseguem encontrar o Pai Natal no seu tren\u00f3 soterrado na neve. Com preciosos refor\u00e7os, conseguem mais uma vez salvar o Natal.[\/vc_column_text][\/vc_column][vc_column offset=&#8221;vc_hidden-lg vc_hidden-sm vc_hidden-xs&#8221;][vc_column_text css=&#8221;.vc_custom_1700644046466{margin-top: -5px !important;}&#8221;]Nesta aventura, os Farrobinhas querem sensibilizar os mais pequenos para a import\u00e2ncia da Prote\u00e7\u00e3o Civil e ir\u00e3o ensinar que, em situa\u00e7\u00f5es de emerg\u00eancia, devemos agir de forma respons\u00e1vel, adotar medidas preventivas e de autoprote\u00e7\u00e3o para n\u00e3o corrermos riscos desnecess\u00e1rios.[\/vc_column_text][vc_row_inner][vc_column_inner width=&#8221;1\/4&#8243;][vc_btn title=&#8221;IN\u00cdCIO&#8221; style=&#8221;outline-custom&#8221; outline_custom_color=&#8221;#000000&#8243; outline_custom_hover_background=&#8221;#000000&#8243; outline_custom_hover_text=&#8221;#ffffff&#8221; shape=&#8221;square&#8221; align=&#8221;center&#8221; button_block=&#8221;true&#8221; link=&#8221;url:https%3A%2F%2Ffarrobinhas.cm-faro.pt%2F|title:In%C3%ADcio||&#8221;][\/vc_column_inner][vc_column_inner width=&#8221;1\/4&#8243;][vc_btn title=&#8221;VER LIVRO&#8221; style=&#8221;outline-custom&#8221; outline_custom_color=&#8221;#000000&#8243; outline_custom_hover_background=&#8221;#000000&#8243; outline_custom_hover_text=&#8221;#ffffff&#8221; shape=&#8221;square&#8221; align=&#8221;center&#8221; button_block=&#8221;true&#8221; link=&#8221;url:https%3A%2F%2Ffarrobinhas.cm-faro.pt%2Foperacao-resgate-do-pai-natal%2F%23livro|||&#8221;][\/vc_column_inner][vc_column_inner width=&#8221;1\/2&#8243;][vc_btn title=&#8221;DESCARREGAR LIVRO&#8221; style=&#8221;outline-custom&#8221; outline_custom_color=&#8221;#000000&#8243; outline_custom_hover_background=&#8221;#000000&#8243; outline_custom_hover_text=&#8221;#ffffff&#8221; shape=&#8221;square&#8221; align=&#8221;center&#8221; button_block=&#8221;true&#8221; link=&#8221;url:https%3A%2F%2Ffarrobinhas.cm-faro.pt%2Fwp-content%2Fuploads%2F2023%2F11%2F16_OperacaoResgatePaiNatal_DescarregarLivro.pdf|||&#8221;][\/vc_column_inner][\/vc_row_inner][\/vc_column][\/vc_row][vc_row full_width=&#8221;stretch_row&#8221; el_id=&#8221;tablet&#8221;][vc_column offset=&#8221;vc_hidden-lg vc_hidden-md vc_hidden-xs&#8221;][vc_row_inner][vc_column_inner width=&#8221;1\/6&#8243;][\/vc_column_inner][vc_column_inner width=&#8221;4\/6&#8243;][vc_single_image image=&#8221;1747&#8243; img_size=&#8221;large&#8221;][\/vc_column_inner][vc_column_inner width=&#8221;1\/6&#8243;][\/vc_column_inner][\/vc_row_inner][vc_column_text]Os aventureiros Farrobinhas, ansiosos pela v\u00e9spera de Natal, apercebem-se que se est\u00e1 a formar uma tempestade de neve e recebem uma visita inesperada. Pipinha, a duende mor do Pai Natal, numa grande afli\u00e7\u00e3o, chegara para pedir a preciosa ajuda dos amigos pois o Pai Natal tinha desaparecido. As entregas dos presentes n\u00e3o podiam ficar em risco e os Farrobinhas rapidamente se deslocaram at\u00e9 \u00e0 Lap\u00f3nia na sua m\u00e1quina do tempo. Os elfos do Pai Natal, muito nervosos com o seu desaparecimento, informam os amigos que ele se dirigira \u00e0 Floresta Misteriosa. Sob a tempestade, os amigos aventuram-se pela neve e pelo gelo, chegando a um rio congelado. O Farroba acaba por cair nas \u00e1guas frias depois do ch\u00e3o estalar e por preven\u00e7\u00e3o, os Farrobinhas decidem n\u00e3o avan\u00e7ar. Gra\u00e7as ao Faroon, um enorme p\u00e1ssaro, o Farroba \u00e9 resgatado e os aventureiros ganham um novo membro na equipa de salvamento. Com a ajuda deste novo amigo, conseguem encontrar o Pai Natal no seu tren\u00f3 soterrado na neve. Com preciosos refor\u00e7os, conseguem mais uma vez salvar o Natal.<\/p>\n<p>Nesta aventura, os Farrobinhas querem sensibilizar os mais pequenos para a import\u00e2ncia da Prote\u00e7\u00e3o Civil e ir\u00e3o ensinar que, em situa\u00e7\u00f5es de emerg\u00eancia, devemos agir de forma respons\u00e1vel, adotar medidas preventivas e de autoprote\u00e7\u00e3o para n\u00e3o corrermos riscos desnecess\u00e1rios.[\/vc_column_text][vc_row_inner][vc_column_inner width=&#8221;1\/4&#8243;][vc_btn title=&#8221;IN\u00cdCIO&#8221; style=&#8221;outline-custom&#8221; outline_custom_color=&#8221;#000000&#8243; outline_custom_hover_background=&#8221;#000000&#8243; outline_custom_hover_text=&#8221;#ffffff&#8221; shape=&#8221;square&#8221; align=&#8221;center&#8221; button_block=&#8221;true&#8221; link=&#8221;url:https%3A%2F%2Ffarrobinhas.cm-faro.pt%2F|title:In%C3%ADcio||&#8221;][\/vc_column_inner][vc_column_inner width=&#8221;1\/4&#8243;][vc_btn title=&#8221;VER LIVRO&#8221; style=&#8221;outline-custom&#8221; outline_custom_color=&#8221;#000000&#8243; outline_custom_hover_background=&#8221;#000000&#8243; outline_custom_hover_text=&#8221;#ffffff&#8221; shape=&#8221;square&#8221; align=&#8221;center&#8221; button_block=&#8221;true&#8221; link=&#8221;url:https%3A%2F%2Ffarrobinhas.cm-faro.pt%2Foperacao-resgate-do-pai-natal%2F%23livro|||&#8221;][\/vc_column_inner][vc_column_inner width=&#8221;1\/2&#8243;][vc_btn title=&#8221;DESCARREGAR LIVRO&#8221; style=&#8221;outline-custom&#8221; outline_custom_color=&#8221;#000000&#8243; outline_custom_hover_background=&#8221;#000000&#8243; outline_custom_hover_text=&#8221;#ffffff&#8221; shape=&#8221;square&#8221; align=&#8221;center&#8221; button_block=&#8221;true&#8221; link=&#8221;url:https%3A%2F%2Ffarrobinhas.cm-faro.pt%2Fwp-content%2Fuploads%2F2023%2F11%2F16_OperacaoResgatePaiNatal_DescarregarLivro.pdf|||&#8221;][\/vc_column_inner][\/vc_row_inner][\/vc_column][\/vc_row][\/vc_section][vc_section el_id=&#8221;livro&#8221;][vc_row][vc_column][vc_empty_space height=&#8221;40px&#8221;][vc_column_text css=&#8221;.vc_custom_1700571667677{padding-top: 0px !important;padding-right: 0px !important;padding-bottom: 0px !important;padding-left: 0px !important;}&#8221;]<div class=\"_df_book df-lite\" id=\"df_1733\"  _slug=\"operacao-resgate-do-pai-natal\" data-title=\"operacao-resgate-do-pai-natal\" wpoptions=\"true\" thumbtype=\"\" ><\/div><script class=\"df-shortcode-script\" nowprocket type=\"application\/javascript\">window.option_df_1733 = {\"outline\":[],\"backgroundColor\":\"#ffffff\",\"hard\":\"cover\",\"autoEnableOutline\":\"false\",\"autoEnableThumbnail\":\"false\",\"overwritePDFOutline\":\"false\",\"enableDownload\":\"false\",\"direction\":\"1\",\"pageSize\":\"0\",\"pageMode\":\"0\",\"controlsPosition\":\"hide\",\"soundEnable\":\"false\",\"autoPlay\":\"false\",\"autoPlayStart\":\"false\",\"source\":\"https:\\\/\\\/farrobinhas.cm-faro.pt\\\/wp-content\\\/uploads\\\/2023\\\/11\\\/16_OperacaoResgatePaiNatal_VerLivro.pdf\",\"wpOptions\":\"true\"}; if(window.DFLIP && window.DFLIP.parseBooks){window.DFLIP.parseBooks();}<\/script>[\/vc_column_text][\/vc_column][\/vc_row][\/vc_section][vc_section el_id=&#8221;jogo&#8221;][vc_row full_width=&#8221;stretch_row&#8221;][vc_column][vc_empty_space height=&#8221;40px&#8221;][vc_custom_heading text=&#8221;Jogo &#8211; Opera\u00e7\u00e3o: Resgate do Pai Natal&#8221; font_container=&#8221;tag:h1|text_align:center&#8221; google_fonts=&#8221;font_family:Boogaloo%3Aregular|font_style:400%20regular%3A400%3Anormal&#8221;][vc_column_text css=&#8221;&#8221;]<\/p>\n<p style=\"text-align: center;\">Descarrega aqui os materiais que te faltam para completares o jogo.<\/p>\n<p>[\/vc_column_text][\/vc_column][\/vc_row][vc_row full_width=&#8221;stretch_row&#8221; css=&#8221;.vc_custom_1700585190479{margin-top: -20px !important;}&#8221;][vc_column offset=&#8221;vc_hidden-sm vc_hidden-xs&#8221;][vc_row_inner][vc_column_inner width=&#8221;1\/6&#8243;][\/vc_column_inner][vc_column_inner width=&#8221;1\/4&#8243;][vc_btn title=&#8221;REGRAS E INSTRU\u00c7\u00d5ES&#8221; style=&#8221;outline-custom&#8221; outline_custom_color=&#8221;#000000&#8243; outline_custom_hover_background=&#8221;#000000&#8243; outline_custom_hover_text=&#8221;#ffffff&#8221; shape=&#8221;square&#8221; align=&#8221;center&#8221; button_block=&#8221;true&#8221; link=&#8221;url:https%3A%2F%2Ffarrobinhas.cm-faro.pt%2Fwp-content%2Fuploads%2F2023%2F11%2FJogoFaaron-Instrucoes.pdf|||&#8221;][\/vc_column_inner][vc_column_inner width=&#8221;1\/5&#8243;][vc_btn title=&#8221;PE\u00d5ES E DADO&#8221; style=&#8221;outline-custom&#8221; outline_custom_color=&#8221;#000000&#8243; outline_custom_hover_background=&#8221;#000000&#8243; outline_custom_hover_text=&#8221;#ffffff&#8221; shape=&#8221;square&#8221; align=&#8221;center&#8221; button_block=&#8221;true&#8221; link=&#8221;url:https%3A%2F%2Ffarrobinhas.cm-faro.pt%2Fwp-content%2Fuploads%2F2023%2F11%2FAtividades_JogoFaaron-16-OperacaoResgatePaiNatal_A4_02.pdf|||&#8221;][\/vc_column_inner][vc_column_inner width=&#8221;1\/5&#8243;][vc_btn title=&#8221;CARTAS&#8221; style=&#8221;outline-custom&#8221; outline_custom_color=&#8221;#000000&#8243; outline_custom_hover_background=&#8221;#000000&#8243; outline_custom_hover_text=&#8221;#ffffff&#8221; shape=&#8221;square&#8221; align=&#8221;center&#8221; button_block=&#8221;true&#8221; link=&#8221;url:https%3A%2F%2Ffarrobinhas.cm-faro.pt%2Fwp-content%2Fuploads%2F2023%2F12%2FJogoFaaron-Cartas.pdf|||&#8221;][\/vc_column_inner][vc_column_inner width=&#8221;1\/6&#8243;][\/vc_column_inner][\/vc_row_inner][\/vc_column][\/vc_row][vc_row full_width=&#8221;stretch_row&#8221;][vc_column offset=&#8221;vc_hidden-lg vc_hidden-md&#8221;][vc_row_inner][vc_column_inner width=&#8221;1\/6&#8243;][\/vc_column_inner][vc_column_inner width=&#8221;4\/6&#8243;][vc_btn title=&#8221;REGRAS E INSTRU\u00c7\u00d5ES&#8221; style=&#8221;outline-custom&#8221; outline_custom_color=&#8221;#000000&#8243; outline_custom_hover_background=&#8221;#000000&#8243; outline_custom_hover_text=&#8221;#ffffff&#8221; shape=&#8221;square&#8221; align=&#8221;center&#8221; button_block=&#8221;true&#8221; link=&#8221;url:https%3A%2F%2Ffarrobinhas.cm-faro.pt%2Fwp-content%2Fuploads%2F2023%2F11%2FJogoFaaron-Instrucoes.pdf|||&#8221;][\/vc_column_inner][vc_column_inner width=&#8221;1\/6&#8243;][\/vc_column_inner][\/vc_row_inner][vc_row_inner][vc_column_inner width=&#8221;1\/6&#8243;][\/vc_column_inner][vc_column_inner width=&#8221;2\/6&#8243;][vc_btn title=&#8221;PE\u00d5ES E DADO&#8221; style=&#8221;outline-custom&#8221; outline_custom_color=&#8221;#000000&#8243; outline_custom_hover_background=&#8221;#000000&#8243; outline_custom_hover_text=&#8221;#ffffff&#8221; shape=&#8221;square&#8221; align=&#8221;center&#8221; button_block=&#8221;true&#8221; link=&#8221;url:https%3A%2F%2Ffarrobinhas.cm-faro.pt%2Fwp-content%2Fuploads%2F2023%2F11%2FAtividades_JogoFaaron-16-OperacaoResgatePaiNatal_A4_02.pdf|||&#8221;][\/vc_column_inner][vc_column_inner width=&#8221;2\/6&#8243;][vc_btn title=&#8221;CARTAS&#8221; style=&#8221;outline-custom&#8221; outline_custom_color=&#8221;#000000&#8243; outline_custom_hover_background=&#8221;#000000&#8243; outline_custom_hover_text=&#8221;#ffffff&#8221; shape=&#8221;square&#8221; align=&#8221;center&#8221; button_block=&#8221;true&#8221; link=&#8221;url:https%3A%2F%2Ffarrobinhas.cm-faro.pt%2Fwp-content%2Fuploads%2F2023%2F12%2FJogoFaaron-Cartas.pdf|||&#8221;][\/vc_column_inner][vc_column_inner width=&#8221;1\/6&#8243;][\/vc_column_inner][\/vc_row_inner][\/vc_column][\/vc_row][\/vc_section][vc_section full_width=&#8221;stretch_row&#8221; disable_element=&#8221;yes&#8221; el_id=&#8221;aventuras&#8221;][vc_row][vc_column][vc_empty_space height=&#8221;80px&#8221;][vc_custom_heading text=&#8221;As Aventuras&#8221; font_container=&#8221;tag:h1|text_align:center&#8221; google_fonts=&#8221;font_family:Boogaloo%3Aregular|font_style:400%20regular%3A400%3Anormal&#8221;][\/vc_column][\/vc_row][vc_row][vc_column][vc_column_text][evc_image_gallery type=&#8221;carousel&#8221; image_behavior=&#8221;overlay&#8221; number_of_visible_items=&#8221;5&#8243; carousel_autoplay=&#8221;no&#8221; image_size=&#8221;large&#8221; custom_links=&#8221;https:\/\/farrobinhas.cm-faro.pt\/uma-aventura-de-natal\/, https:\/\/farrobinhas.cm-faro.pt\/uma-grande-caofusao\/, https:\/\/farrobinhas.cm-faro.pt\/os-segredos-da-aldeia-de-estoi\/, https:\/\/farrobinhas.cm-faro.pt\/o-enigma-do-gnomo\/, https:\/\/farrobinhas.cm-faro.pt\/a-descoberta-da-agua\/, https:\/\/farrobinhas.cm-faro.pt\/era-uma-vez-a-origem\/, https:\/\/farrobinhas.cm-faro.pt\/a-grande-missao\/, https:\/\/farrobinhas.cm-faro.pt\/campeoes-intergalaticos\/, https:\/\/farrobinhas.cm-faro.pt\/uma-aventura-em-casa\/, https:\/\/farrobinhas.cm-faro.pt\/perdidos-no-oeste\/, https:\/\/farrobinhas.cm-faro.pt\/desafio-virtual\/, https:\/\/farrobinhas.cm-faro.pt\/um-presente-especial\/, https:\/\/farrobinhas.cm-faro.pt\/ciclo-das-cascas\/, https:\/\/farrobinhas.cm-faro.pt\/zooniverso\/, https:\/\/farrobinhas.cm-faro.pt\/o-talisma-misterioso\/, https:\/\/farrobinhas.cm-faro.pt\/operacao-resgate-do-pai-natal&#8221; images=&#8221;925,926,927,928,929,930,931,932,987,1159,1372,1389,1459,1573,1640,1747&#8243;][vc_empty_space height=&#8221;30px&#8221;][\/vc_column_text][\/vc_column][\/vc_row][\/vc_section]<\/p>\n<\/div>","protected":false},"excerpt":{"rendered":"<p>[vc_section full_width=&#8221;stretch_row&#8221;][vc_row full_width=&#8221;stretch_row&#8221;][vc_column][vc_custom_heading text=&#8221;Opera\u00e7\u00e3o: Resgate do Pai Natal&#8221; font_container=&#8221;tag:h1|text_align:center&#8221; google_fonts=&#8221;font_family:Boogaloo%3Aregular|font_style:400%20regular%3A400%3Anormal&#8221;][vc_column_text css=&#8221;&#8221;] 2023 [\/vc_column_text][\/vc_column][\/vc_row][vc_row full_width=&#8221;stretch_row&#8221; el_id=&#8221;computer + mobile&#8221;][vc_column width=&#8221;1\/2&#8243; offset=&#8221;vc_hidden-md vc_hidden-sm&#8221;][vc_single_image image=&#8221;1747&#8243; img_size=&#8221;large&#8221;][\/vc_column][vc_column width=&#8221;1\/2&#8243; offset=&#8221;vc_hidden-md vc_hidden-sm&#8221;][vc_column_text]Os aventureiros Farrobinhas, ansiosos pela v\u00e9spera de Natal, apercebem-se que se est\u00e1 a formar uma tempestade de neve e recebem uma visita inesperada. Pipinha, a duende mor do Pai Natal, numa grande afli\u00e7\u00e3o, chegara para pedir a preciosa ajuda dos amigos pois o Pai Natal tinha desaparecido. As entregas dos presentes n\u00e3o podiam ficar em risco e os Farrobinhas rapidamente se deslocaram at\u00e9 \u00e0 Lap\u00f3nia na sua m\u00e1quina do tempo. Os elfos do Pai Natal, muito nervosos com o seu desaparecimento, informam os amigos que ele se dirigira \u00e0 Floresta Misteriosa. Sob a tempestade, os amigos aventuram-se pela neve e pelo gelo, chegando a um rio congelado. O Farroba acaba por cair nas \u00e1guas frias depois do ch\u00e3o estalar e por preven\u00e7\u00e3o, os Farrobinhas decidem n\u00e3o avan\u00e7ar. Gra\u00e7as ao Faroon, um enorme p\u00e1ssaro, o Farroba \u00e9 resgatado e os aventureiros ganham um novo membro na equipa de salvamento. Com a ajuda deste novo amigo, conseguem encontrar o Pai Natal no seu tren\u00f3 soterrado na neve. Com preciosos refor\u00e7os, conseguem mais uma vez salvar o Natal. Nesta&#8230;<\/p>\n","protected":false},"author":1,"featured_media":0,"parent":0,"menu_order":0,"comment_status":"closed","ping_status":"closed","template":"","meta":{"footnotes":""},"_links":{"self":[{"href":"https:\/\/farrobinhas.cm-faro.pt\/index.php\/wp-json\/wp\/v2\/pages\/1730"}],"collection":[{"href":"https:\/\/farrobinhas.cm-faro.pt\/index.php\/wp-json\/wp\/v2\/pages"}],"about":[{"href":"https:\/\/farrobinhas.cm-faro.pt\/index.php\/wp-json\/wp\/v2\/types\/page"}],"author":[{"embeddable":true,"href":"https:\/\/farrobinhas.cm-faro.pt\/index.php\/wp-json\/wp\/v2\/users\/1"}],"replies":[{"embeddable":true,"href":"https:\/\/farrobinhas.cm-faro.pt\/index.php\/wp-json\/wp\/v2\/comments?post=1730"}],"version-history":[{"count":43,"href":"https:\/\/farrobinhas.cm-faro.pt\/index.php\/wp-json\/wp\/v2\/pages\/1730\/revisions"}],"predecessor-version":[{"id":1942,"href":"https:\/\/farrobinhas.cm-faro.pt\/index.php\/wp-json\/wp\/v2\/pages\/1730\/revisions\/1942"}],"wp:attachment":[{"href":"https:\/\/farrobinhas.cm-faro.pt\/index.php\/wp-json\/wp\/v2\/media?parent=1730"}],"curies":[{"name":"wp","href":"https:\/\/api.w.org\/{rel}","templated":true}]}}