{"id":1568,"date":"2022-12-14T17:12:16","date_gmt":"2022-12-14T17:12:16","guid":{"rendered":"http:\/\/farrobinhas.cm-faro.pt\/index.php\/?page_id=1568"},"modified":"2024-05-02T09:07:42","modified_gmt":"2024-05-02T09:07:42","slug":"zooniverso","status":"publish","type":"page","link":"https:\/\/farrobinhas.cm-faro.pt\/index.php\/zooniverso\/","title":{"rendered":"Zooniverso"},"content":{"rendered":"<div class=\"wpb-content-wrapper\"><p>[vc_section full_width=&#8221;stretch_row&#8221;][vc_row full_width=&#8221;stretch_row&#8221;][vc_column][vc_custom_heading text=&#8221;Zooniverso&#8221; font_container=&#8221;tag:h1|text_align:center&#8221; google_fonts=&#8221;font_family:Boogaloo%3Aregular|font_style:400%20regular%3A400%3Anormal&#8221;][vc_column_text css=&#8221;&#8221;]<\/p>\n<p style=\"text-align: center;\"><strong>2022<\/strong><\/p>\n<p>[\/vc_column_text][\/vc_column][\/vc_row][vc_row full_width=&#8221;stretch_row&#8221; el_id=&#8221;computer + mobile&#8221;][vc_column width=&#8221;1\/2&#8243; offset=&#8221;vc_hidden-md vc_hidden-sm&#8221;][vc_single_image image=&#8221;1573&#8243; img_size=&#8221;large&#8221;][\/vc_column][vc_column width=&#8221;1\/2&#8243; offset=&#8221;vc_hidden-md vc_hidden-sm&#8221;][vc_column_text]Os Farrobinhas visitam o Mercado Municipal de Faro, onde se encontram com a Av\u00f3 Lurdes, que ali faz, habitualmente, as suas compras e j\u00e1 est\u00e1 a afazer os preparativos para o Natal. Queixam-se da falta de civismo dos condutores que circulam \u00e0 volta deste espa\u00e7o e, de repente, veem o Eug\u00e9nio a chegar na sua m\u00e1quina voadora e a estacion\u00e1-la no telhado do Mercado.<\/p>\n<p>Este tem uma grande novidade: construiu uma m\u00e1quina que os pode transportar para universos paralelos e precisa de ajuda para a testar.<\/p>\n<p>Ao chegarem ao laborat\u00f3rio, o grupo de amigos tenta perceber o funcionamento do equipamento, quando, de repente, o Farroba salta para dento dele e todos os seguem, perplexos e algo assutados, com a passagem para um universo desconhecido. Chegam a um mundo completamente animal, o Zooniverso! E descobrem um lugar onde a circula\u00e7\u00e3o dos autom\u00f3veis \u00e9 ca\u00f3tica, muito mais que em Faro, gerando grandes discuss\u00f5es entre os animais condutores e a pol\u00edcia, pois as regras do tr\u00e2nsito n\u00e3o s\u00e3o respeitadas, nem os passeios, onde muitos estacionam o seu carro, impedindo a circula\u00e7\u00e3o dos pe\u00f5es, ou de outros animais com mobilidade reduzida. Conhecem a gatinha Tita, que tentava atravessar a rua na sua cadeira de rodas, sem conseguir! Que grande confus\u00e3o, mas os Farrobinhas ajudam a nova amiga e t\u00eam uma ideia: construir uma bicicleta e uma trotineta, para mostrar que havia outras formas de circular, mais amigas do ambiente. Na oficina dos Srs. Rinoceronte e Javali encontram ajuda e as ferramentas e rapidamente preparam os ve\u00edculos. A gatinha Tita organiza um passeio pelas ruas da cidade e os novos meios de transporte depressa se tornam um sucesso, contribuindo para resolver o excesso de carros no Zooniverso.<\/p>\n<p>Esta nova aventura faz-nos refletir sobre a necessidade de circular em seguran\u00e7a, bem como no conforto que necessitamos ao faz\u00ea-lo e nas diversas formas de mobilidade que hoje existem nas cidades. Todos temos o dever e a responsabilidade de conviver com respeito e civismo, respeitando as regras de tr\u00e2nsito. E contribuir para que o meio ambiente seja mais cuidado, usando formas sustent\u00e1veis de circular. N\u00e3o podemos esquecer: todos juntos somos a cidade![\/vc_column_text][vc_row_inner][vc_column_inner width=&#8221;1\/4&#8243;][vc_btn title=&#8221;IN\u00cdCIO&#8221; style=&#8221;outline-custom&#8221; outline_custom_color=&#8221;#000000&#8243; outline_custom_hover_background=&#8221;#000000&#8243; outline_custom_hover_text=&#8221;#ffffff&#8221; shape=&#8221;square&#8221; align=&#8221;center&#8221; button_block=&#8221;true&#8221; link=&#8221;url:https%3A%2F%2Ffarrobinhas.cm-faro.pt%2F|title:In%C3%ADcio||&#8221;][\/vc_column_inner][vc_column_inner width=&#8221;1\/4&#8243;][vc_btn title=&#8221;VER LIVRO&#8221; style=&#8221;outline-custom&#8221; outline_custom_color=&#8221;#000000&#8243; outline_custom_hover_background=&#8221;#000000&#8243; outline_custom_hover_text=&#8221;#ffffff&#8221; shape=&#8221;square&#8221; align=&#8221;center&#8221; button_block=&#8221;true&#8221; link=&#8221;url:https%3A%2F%2Ffarrobinhas.cm-faro.pt%2Fzooniverso%2F%23livro|||&#8221;][\/vc_column_inner][vc_column_inner width=&#8221;1\/2&#8243;][vc_btn title=&#8221;DESCARREGAR LIVRO&#8221; style=&#8221;outline-custom&#8221; outline_custom_color=&#8221;#000000&#8243; outline_custom_hover_background=&#8221;#000000&#8243; outline_custom_hover_text=&#8221;#ffffff&#8221; shape=&#8221;square&#8221; align=&#8221;center&#8221; button_block=&#8221;true&#8221; link=&#8221;url:https%3A%2F%2Ffarrobinhas.cm-faro.pt%2Fwp-content%2Fuploads%2F2022%2F12%2F14_Zooniverso_DescarregarLivro.pdf|||&#8221;][\/vc_column_inner][\/vc_row_inner][\/vc_column][\/vc_row][vc_row full_width=&#8221;stretch_row&#8221; el_id=&#8221;pc&#8221;][vc_column width=&#8221;1\/2&#8243; offset=&#8221;vc_hidden-lg vc_hidden-sm vc_hidden-xs&#8221;][vc_single_image image=&#8221;1573&#8243; img_size=&#8221;large&#8221;][\/vc_column][vc_column width=&#8221;1\/2&#8243; offset=&#8221;vc_hidden-lg vc_hidden-sm vc_hidden-xs&#8221;][vc_column_text css=&#8221;.vc_custom_1671038033773{margin-bottom: 0px !important;}&#8221;]Os Farrobinhas visitam o Mercado Municipal de Faro, onde se encontram com a Av\u00f3 Lurdes, que ali faz, habitualmente, as suas compras e j\u00e1 est\u00e1 a afazer os preparativos para o Natal. Queixam-se da falta de civismo dos condutores que circulam \u00e0 volta deste espa\u00e7o e, de repente, veem o Eug\u00e9nio a chegar na sua m\u00e1quina voadora e a estacion\u00e1-la no telhado do Mercado.<\/p>\n<p>Este tem uma grande novidade: construiu uma m\u00e1quina que os pode transportar para universos paralelos e precisa de ajuda para a testar.<\/p>\n<p>Ao chegarem ao laborat\u00f3rio, o grupo de amigos tenta perceber o funcionamento do equipamento, quando, de repente, o Farroba salta para dento dele e todos os seguem, perplexos e algo assutados, com a passagem para um universo desconhecido. Chegam a um mundo completamente animal, o Zooniverso! E descobrem um lugar onde a circula\u00e7\u00e3o dos autom\u00f3veis \u00e9 ca\u00f3tica, muito mais que em Faro, gerando grandes discuss\u00f5es entre os animais condutores e a pol\u00edcia, pois as regras do tr\u00e2nsito n\u00e3o[\/vc_column_text][\/vc_column][vc_column offset=&#8221;vc_hidden-lg vc_hidden-sm vc_hidden-xs&#8221;][vc_column_text css=&#8221;.vc_custom_1671038028444{margin-top: 0px !important;}&#8221;]s\u00e3o respeitadas, nem os passeios, onde muitos estacionam o seu carro, impedindo a circula\u00e7\u00e3o dos pe\u00f5es, ou de outros animais com mobilidade reduzida. Conhecem a gatinha Tita, que tentava atravessar a rua na sua cadeira de rodas, sem conseguir! Que grande confus\u00e3o, mas os Farrobinhas ajudam a nova amiga e t\u00eam uma ideia: construir uma bicicleta e uma trotineta, para mostrar que havia outras formas de circular, mais amigas do ambiente. Na oficina dos Srs. Rinoceronte e Javali encontram ajuda e as ferramentas e rapidamente preparam os ve\u00edculos. A gatinha Tita organiza um passeio pelas ruas da cidade e os novos meios de transporte depressa se tornam um sucesso, contribuindo para resolver o excesso de carros no Zooniverso.<\/p>\n<p>Esta nova aventura faz-nos refletir sobre a necessidade de circular em seguran\u00e7a, bem como no conforto que necessitamos ao faz\u00ea-lo e nas diversas formas de mobilidade que hoje existem nas cidades. Todos temos o dever e a responsabilidade de conviver com respeito e civismo, respeitando as regras de tr\u00e2nsito. E contribuir para que o meio ambiente seja mais cuidado, usando formas sustent\u00e1veis de circular. N\u00e3o podemos esquecer: todos juntos somos a cidade![\/vc_column_text][vc_row_inner][vc_column_inner width=&#8221;1\/4&#8243;][vc_btn title=&#8221;IN\u00cdCIO&#8221; style=&#8221;outline-custom&#8221; outline_custom_color=&#8221;#000000&#8243; outline_custom_hover_background=&#8221;#000000&#8243; outline_custom_hover_text=&#8221;#ffffff&#8221; shape=&#8221;square&#8221; align=&#8221;center&#8221; button_block=&#8221;true&#8221; link=&#8221;url:https%3A%2F%2Ffarrobinhas.cm-faro.pt%2F|title:In%C3%ADcio||&#8221;][\/vc_column_inner][vc_column_inner width=&#8221;1\/4&#8243;][vc_btn title=&#8221;VER LIVRO&#8221; style=&#8221;outline-custom&#8221; outline_custom_color=&#8221;#000000&#8243; outline_custom_hover_background=&#8221;#000000&#8243; outline_custom_hover_text=&#8221;#ffffff&#8221; shape=&#8221;square&#8221; align=&#8221;center&#8221; button_block=&#8221;true&#8221; link=&#8221;url:https%3A%2F%2Ffarrobinhas.cm-faro.pt%2Fzooniverso%2F%23livro|||&#8221;][\/vc_column_inner][vc_column_inner width=&#8221;1\/2&#8243;][vc_btn title=&#8221;DESCARREGAR LIVRO&#8221; style=&#8221;outline-custom&#8221; outline_custom_color=&#8221;#000000&#8243; outline_custom_hover_background=&#8221;#000000&#8243; outline_custom_hover_text=&#8221;#ffffff&#8221; shape=&#8221;square&#8221; align=&#8221;center&#8221; button_block=&#8221;true&#8221; link=&#8221;url:https%3A%2F%2Ffarrobinhas.cm-faro.pt%2Fwp-content%2Fuploads%2F2022%2F12%2F14_Zooniverso_DescarregarLivro.pdf|||&#8221;][\/vc_column_inner][\/vc_row_inner][\/vc_column][\/vc_row][vc_row full_width=&#8221;stretch_row&#8221; el_id=&#8221;tablet&#8221;][vc_column offset=&#8221;vc_hidden-lg vc_hidden-md vc_hidden-xs&#8221;][vc_row_inner][vc_column_inner width=&#8221;1\/6&#8243;][\/vc_column_inner][vc_column_inner width=&#8221;4\/6&#8243;][vc_single_image image=&#8221;1573&#8243; img_size=&#8221;large&#8221;][\/vc_column_inner][vc_column_inner width=&#8221;1\/6&#8243;][\/vc_column_inner][\/vc_row_inner][vc_column_text]Os Farrobinhas visitam o Mercado Municipal de Faro, onde se encontram com a Av\u00f3 Lurdes, que ali faz, habitualmente, as suas compras e j\u00e1 est\u00e1 a afazer os preparativos para o Natal. Queixam-se da falta de civismo dos condutores que circulam \u00e0 volta deste espa\u00e7o e, de repente, veem o Eug\u00e9nio a chegar na sua m\u00e1quina voadora e a estacion\u00e1-la no telhado do Mercado.<\/p>\n<p>Este tem uma grande novidade: construiu uma m\u00e1quina que os pode transportar para universos paralelos e precisa de ajuda para a testar.<\/p>\n<p>Ao chegarem ao laborat\u00f3rio, o grupo de amigos tenta perceber o funcionamento do equipamento, quando, de repente, o Farroba salta para dento dele e todos os seguem, perplexos e algo assutados, com a passagem para um universo desconhecido. Chegam a um mundo completamente animal, o Zooniverso! E descobrem um lugar onde a circula\u00e7\u00e3o dos autom\u00f3veis \u00e9 ca\u00f3tica, muito mais que em Faro, gerando grandes discuss\u00f5es entre os animais condutores e a pol\u00edcia, pois as regras do tr\u00e2nsito n\u00e3o s\u00e3o respeitadas, nem os passeios, onde muitos estacionam o seu carro, impedindo a circula\u00e7\u00e3o dos pe\u00f5es, ou de outros animais com mobilidade reduzida. Conhecem a gatinha Tita, que tentava atravessar a rua na sua cadeira de rodas, sem conseguir! Que grande confus\u00e3o, mas os Farrobinhas ajudam a nova amiga e t\u00eam uma ideia: construir uma bicicleta e uma trotineta, para mostrar que havia outras formas de circular, mais amigas do ambiente. Na oficina dos Srs. Rinoceronte e Javali encontram ajuda e as ferramentas e rapidamente preparam os ve\u00edculos. A gatinha Tita organiza um passeio pelas ruas da cidade e os novos meios de transporte depressa se tornam um sucesso, contribuindo para resolver o excesso de carros no Zooniverso.<\/p>\n<p>Esta nova aventura faz-nos refletir sobre a necessidade de circular em seguran\u00e7a, bem como no conforto que necessitamos ao faz\u00ea-lo e nas diversas formas de mobilidade que hoje existem nas cidades. Todos temos o dever e a responsabilidade de conviver com respeito e civismo, respeitando as regras de tr\u00e2nsito. E contribuir para que o meio ambiente seja mais cuidado, usando formas sustent\u00e1veis de circular. N\u00e3o podemos esquecer: todos juntos somos a cidade![\/vc_column_text][vc_row_inner][vc_column_inner width=&#8221;1\/4&#8243;][vc_btn title=&#8221;IN\u00cdCIO&#8221; style=&#8221;outline-custom&#8221; outline_custom_color=&#8221;#000000&#8243; outline_custom_hover_background=&#8221;#000000&#8243; outline_custom_hover_text=&#8221;#ffffff&#8221; shape=&#8221;square&#8221; align=&#8221;center&#8221; button_block=&#8221;true&#8221; link=&#8221;url:https%3A%2F%2Ffarrobinhas.cm-faro.pt%2F|title:In%C3%ADcio||&#8221;][\/vc_column_inner][vc_column_inner width=&#8221;1\/4&#8243;][vc_btn title=&#8221;VER LIVRO&#8221; style=&#8221;outline-custom&#8221; outline_custom_color=&#8221;#000000&#8243; outline_custom_hover_background=&#8221;#000000&#8243; outline_custom_hover_text=&#8221;#ffffff&#8221; shape=&#8221;square&#8221; align=&#8221;center&#8221; button_block=&#8221;true&#8221; link=&#8221;url:https%3A%2F%2Ffarrobinhas.cm-faro.pt%2Fzooniverso%2F%23livro|||&#8221;][\/vc_column_inner][vc_column_inner width=&#8221;1\/2&#8243;][vc_btn title=&#8221;DESCARREGAR LIVRO&#8221; style=&#8221;outline-custom&#8221; outline_custom_color=&#8221;#000000&#8243; outline_custom_hover_background=&#8221;#000000&#8243; outline_custom_hover_text=&#8221;#ffffff&#8221; shape=&#8221;square&#8221; align=&#8221;center&#8221; button_block=&#8221;true&#8221; link=&#8221;url:https%3A%2F%2Ffarrobinhas.cm-faro.pt%2Fwp-content%2Fuploads%2F2022%2F12%2F14_Zooniverso_DescarregarLivro.pdf|||&#8221;][\/vc_column_inner][\/vc_row_inner][\/vc_column][\/vc_row][\/vc_section][vc_section el_id=&#8221;livro&#8221;][vc_row][vc_column][vc_empty_space height=&#8221;40px&#8221;][vc_column_text css=&#8221;.vc_custom_1652091109763{padding-top: 0px !important;padding-right: 0px !important;padding-bottom: 0px !important;padding-left: 0px !important;}&#8221;]<div class=\"_df_book df-lite\" id=\"df_1581\"  _slug=\"zooniverso\" data-title=\"zooniverso\" wpoptions=\"true\" thumbtype=\"\" ><\/div><script class=\"df-shortcode-script\" nowprocket type=\"application\/javascript\">window.option_df_1581 = {\"outline\":[],\"backgroundColor\":\"#ffffff\",\"hard\":\"cover\",\"autoEnableOutline\":\"false\",\"autoEnableThumbnail\":\"false\",\"overwritePDFOutline\":\"false\",\"enableDownload\":\"false\",\"direction\":\"1\",\"pageSize\":\"0\",\"pageMode\":\"0\",\"controlsPosition\":\"hide\",\"soundEnable\":\"false\",\"autoPlay\":\"false\",\"autoPlayStart\":\"false\",\"source\":\"https:\\\/\\\/farrobinhas.cm-faro.pt\\\/wp-content\\\/uploads\\\/2023\\\/11\\\/14_Zooniverso_VerLivro.pdf\",\"wpOptions\":\"true\"}; if(window.DFLIP && window.DFLIP.parseBooks){window.DFLIP.parseBooks();}<\/script>[\/vc_column_text][\/vc_column][\/vc_row][\/vc_section][vc_section full_width=&#8221;stretch_row&#8221; disable_element=&#8221;yes&#8221; el_id=&#8221;aventuras&#8221;][vc_row][vc_column][vc_empty_space height=&#8221;40px&#8221;][vc_custom_heading text=&#8221;As Aventuras&#8221; font_container=&#8221;tag:h1|text_align:center&#8221; google_fonts=&#8221;font_family:Boogaloo%3Aregular|font_style:400%20regular%3A400%3Anormal&#8221;][\/vc_column][\/vc_row][vc_row][vc_column][vc_column_text][evc_image_gallery type=&#8221;carousel&#8221; image_behavior=&#8221;overlay&#8221; number_of_visible_items=&#8221;5&#8243; carousel_autoplay=&#8221;no&#8221; image_size=&#8221;large&#8221; custom_links=&#8221;https:\/\/farrobinhas.cm-faro.pt\/uma-aventura-de-natal\/, https:\/\/farrobinhas.cm-faro.pt\/uma-grande-caofusao\/, https:\/\/farrobinhas.cm-faro.pt\/os-segredos-da-aldeia-de-estoi\/, https:\/\/farrobinhas.cm-faro.pt\/o-enigma-do-gnomo\/, https:\/\/farrobinhas.cm-faro.pt\/a-descoberta-da-agua\/, https:\/\/farrobinhas.cm-faro.pt\/era-uma-vez-a-origem\/, https:\/\/farrobinhas.cm-faro.pt\/a-grande-missao\/, https:\/\/farrobinhas.cm-faro.pt\/campeoes-intergalaticos\/, https:\/\/farrobinhas.cm-faro.pt\/uma-aventura-em-casa\/, https:\/\/farrobinhas.cm-faro.pt\/perdidos-no-oeste\/, https:\/\/farrobinhas.cm-faro.pt\/desafio-virtual\/, https:\/\/farrobinhas.cm-faro.pt\/um-presente-especial\/, https:\/\/farrobinhas.cm-faro.pt\/ciclo-das-cascas\/, https:\/\/farrobinhas.cm-faro.pt\/zooniverso\/, https:\/\/farrobinhas.cm-faro.pt\/o-talisma-misterioso\/, https:\/\/farrobinhas.cm-faro.pt\/operacao-resgate-do-pai-natal&#8221; images=&#8221;925,926,927,928,929,930,931,932,987,1159,1372,1389,1459,1573,1640,1747&#8243;][vc_empty_space height=&#8221;30px&#8221;][\/vc_column_text][\/vc_column][\/vc_row][\/vc_section]<\/p>\n<\/div>","protected":false},"excerpt":{"rendered":"<p>[vc_section full_width=&#8221;stretch_row&#8221;][vc_row full_width=&#8221;stretch_row&#8221;][vc_column][vc_custom_heading text=&#8221;Zooniverso&#8221; font_container=&#8221;tag:h1|text_align:center&#8221; google_fonts=&#8221;font_family:Boogaloo%3Aregular|font_style:400%20regular%3A400%3Anormal&#8221;][vc_column_text css=&#8221;&#8221;] 2022 [\/vc_column_text][\/vc_column][\/vc_row][vc_row full_width=&#8221;stretch_row&#8221; el_id=&#8221;computer + mobile&#8221;][vc_column width=&#8221;1\/2&#8243; offset=&#8221;vc_hidden-md vc_hidden-sm&#8221;][vc_single_image image=&#8221;1573&#8243; img_size=&#8221;large&#8221;][\/vc_column][vc_column width=&#8221;1\/2&#8243; offset=&#8221;vc_hidden-md vc_hidden-sm&#8221;][vc_column_text]Os Farrobinhas visitam o Mercado Municipal de Faro, onde se encontram com a Av\u00f3 Lurdes, que ali faz, habitualmente, as suas compras e j\u00e1 est\u00e1 a afazer os preparativos para o Natal. Queixam-se da falta de civismo dos condutores que circulam \u00e0 volta deste espa\u00e7o e, de repente, veem o Eug\u00e9nio a chegar na sua m\u00e1quina voadora e a estacion\u00e1-la no telhado do Mercado. Este tem uma grande novidade: construiu uma m\u00e1quina que os pode transportar para universos paralelos e precisa de ajuda para a testar. Ao chegarem ao laborat\u00f3rio, o grupo de amigos tenta perceber o funcionamento do equipamento, quando, de repente, o Farroba salta para dento dele e todos os seguem, perplexos e algo assutados, com a passagem para um universo desconhecido. Chegam a um mundo completamente animal, o Zooniverso! E descobrem um lugar onde a circula\u00e7\u00e3o dos autom\u00f3veis \u00e9 ca\u00f3tica, muito mais que em Faro, gerando grandes discuss\u00f5es entre os animais condutores e a pol\u00edcia, pois as regras do tr\u00e2nsito n\u00e3o s\u00e3o respeitadas, nem os passeios, onde muitos estacionam o seu carro, impedindo a circula\u00e7\u00e3o dos pe\u00f5es,&#8230;<\/p>\n","protected":false},"author":1,"featured_media":0,"parent":0,"menu_order":0,"comment_status":"closed","ping_status":"closed","template":"","meta":{"footnotes":""},"_links":{"self":[{"href":"https:\/\/farrobinhas.cm-faro.pt\/index.php\/wp-json\/wp\/v2\/pages\/1568"}],"collection":[{"href":"https:\/\/farrobinhas.cm-faro.pt\/index.php\/wp-json\/wp\/v2\/pages"}],"about":[{"href":"https:\/\/farrobinhas.cm-faro.pt\/index.php\/wp-json\/wp\/v2\/types\/page"}],"author":[{"embeddable":true,"href":"https:\/\/farrobinhas.cm-faro.pt\/index.php\/wp-json\/wp\/v2\/users\/1"}],"replies":[{"embeddable":true,"href":"https:\/\/farrobinhas.cm-faro.pt\/index.php\/wp-json\/wp\/v2\/comments?post=1568"}],"version-history":[{"count":13,"href":"https:\/\/farrobinhas.cm-faro.pt\/index.php\/wp-json\/wp\/v2\/pages\/1568\/revisions"}],"predecessor-version":[{"id":1949,"href":"https:\/\/farrobinhas.cm-faro.pt\/index.php\/wp-json\/wp\/v2\/pages\/1568\/revisions\/1949"}],"wp:attachment":[{"href":"https:\/\/farrobinhas.cm-faro.pt\/index.php\/wp-json\/wp\/v2\/media?parent=1568"}],"curies":[{"name":"wp","href":"https:\/\/api.w.org\/{rel}","templated":true}]}}