{"id":1448,"date":"2022-05-27T08:18:08","date_gmt":"2022-05-27T08:18:08","guid":{"rendered":"http:\/\/farrobinhas.cm-faro.pt\/index.php\/?page_id=1448"},"modified":"2024-05-02T09:01:52","modified_gmt":"2024-05-02T09:01:52","slug":"ciclo-das-cascas","status":"publish","type":"page","link":"https:\/\/farrobinhas.cm-faro.pt\/index.php\/ciclo-das-cascas\/","title":{"rendered":"Ciclo das Cascas"},"content":{"rendered":"<div class=\"wpb-content-wrapper\"><p>[vc_section full_width=&#8221;stretch_row&#8221;][vc_row full_width=&#8221;stretch_row&#8221;][vc_column][vc_custom_heading text=&#8221;Ciclo das Cascas&#8221; font_container=&#8221;tag:h1|text_align:center&#8221; google_fonts=&#8221;font_family:Boogaloo%3Aregular|font_style:400%20regular%3A400%3Anormal&#8221;][vc_column_text css=&#8221;&#8221;]<\/p>\n<p style=\"text-align: center;\"><strong>2022<\/strong><\/p>\n<p>[\/vc_column_text][\/vc_column][\/vc_row][vc_row full_width=&#8221;stretch_row&#8221; el_id=&#8221;computer + mobile&#8221;][vc_column width=&#8221;1\/2&#8243; offset=&#8221;vc_hidden-md vc_hidden-sm&#8221;][vc_single_image image=&#8221;1459&#8243; img_size=&#8221;large&#8221;][\/vc_column][vc_column width=&#8221;1\/2&#8243; offset=&#8221;vc_hidden-md vc_hidden-sm&#8221;][vc_column_text]Neste ano os Farrobinhas t\u00eam um novo desafio proposto pela sua professora, e est\u00e3o super curiosos para saber o que ser\u00e1.<\/p>\n<p>Na aula a professora apresenta o desafio \u201cCiclo das Cascas\u201d em que ter\u00e3o que construir um compostor super original, para transformar os biorres\u00edduos em fertilizante natural. Mas antes de iniciarem o desafio, tiveram a oportunidade de realizar uma visita de estudo ao aterro sanit\u00e1rio, que para seu grande desalento perceberam que a quantidade de res\u00edduos produzidos era imensa.<\/p>\n<p>Rapidamente com o seu esp\u00edrito de equipa colocaram m\u00e3os \u00e0 obra e tal como n\u00e3o poderia faltar o Eug\u00e9nio com os olhos a brilhar come\u00e7ou logo a magicar algo super tecnol\u00f3gico para incluir no compostor.<\/p>\n<p>Terminados os projetos, a professora revelou o local onde seriam apresentados e experimentados os compostores, que para euforia total de todos os alunos seria no parque de campismo da Praia de Faro.<\/p>\n<p>Ent\u00e3o aos Farrobinhas e os seus colegas junta-se a prima Mena com o Farroba para passarem todo o fim de semana no parque de campismo da Praia de Faro.<\/p>\n<p>Assim que chegam ao parque de campismo come\u00e7am a montagem dos compostores. A prima Mena fica espantada com tanta complexidade que o compostor dos Farrobinhas, ao qual o Eug\u00e9nio dispara logo todas as suas caracter\u00edsticas super I-Tec que transformar\u00e1 rapidamente e de forma eficiente todos os biorres\u00edduos. Apesar da explica\u00e7\u00e3o a prima Mena alerta que a compostagem \u00e9 um processo simples.<\/p>\n<p>Ap\u00f3s a montagem dos compostores os Farrobinhas foram aproveitar a praia, no seu regresso ao parque de campismo no final do dia deparam-se com algo assustador, um cheiro nauseabundo e uma neblina pairava no ar. Algo n\u00e3o estava bem com o compostor dos Farrobinhas. Para resolver a situa\u00e7\u00e3o tiveram que chamar o FAGARBOT.<\/p>\n<p>Ap\u00f3s tudo resolvido, voltaram \u00e0s suas tentas, durante a noite os Farrobinhas e todos os campistas deparam-se com uma visita surpresa que lhes vai mostrar a import\u00e2ncia do respeito pela natureza.<\/p>\n<p>Neste desafio ambiental, os Farrobinhas v\u00e3o mostrar-nos como \u00e9 importante o reencontro com a natureza e o respeito pelos nossos ecossistemas.[\/vc_column_text][vc_row_inner][vc_column_inner width=&#8221;1\/4&#8243;][vc_btn title=&#8221;IN\u00cdCIO&#8221; style=&#8221;outline-custom&#8221; outline_custom_color=&#8221;#000000&#8243; outline_custom_hover_background=&#8221;#000000&#8243; outline_custom_hover_text=&#8221;#ffffff&#8221; shape=&#8221;square&#8221; align=&#8221;center&#8221; button_block=&#8221;true&#8221; link=&#8221;url:https%3A%2F%2Ffarrobinhas.cm-faro.pt%2F|title:In%C3%ADcio||&#8221;][\/vc_column_inner][vc_column_inner width=&#8221;1\/4&#8243;][vc_btn title=&#8221;VER LIVRO&#8221; style=&#8221;outline-custom&#8221; outline_custom_color=&#8221;#000000&#8243; outline_custom_hover_background=&#8221;#000000&#8243; outline_custom_hover_text=&#8221;#ffffff&#8221; shape=&#8221;square&#8221; align=&#8221;center&#8221; button_block=&#8221;true&#8221; link=&#8221;url:https%3A%2F%2Ffarrobinhas.cm-faro.pt%2Fciclo-das-cascas%2F%23livro|||&#8221;][\/vc_column_inner][vc_column_inner width=&#8221;1\/2&#8243;][vc_btn title=&#8221;DESCARREGAR LIVRO&#8221; style=&#8221;outline-custom&#8221; outline_custom_color=&#8221;#000000&#8243; outline_custom_hover_background=&#8221;#000000&#8243; outline_custom_hover_text=&#8221;#ffffff&#8221; shape=&#8221;square&#8221; align=&#8221;center&#8221; button_block=&#8221;true&#8221; link=&#8221;url:https%3A%2F%2Ffarrobinhas.cm-faro.pt%2Fwp-content%2Fuploads%2F2022%2F05%2F13_CiclodasCascas_DescarregarLivro.pdf|||&#8221;][\/vc_column_inner][\/vc_row_inner][\/vc_column][\/vc_row][vc_row full_width=&#8221;stretch_row&#8221; el_id=&#8221;pc&#8221;][vc_column width=&#8221;1\/2&#8243; offset=&#8221;vc_hidden-lg vc_hidden-sm vc_hidden-xs&#8221;][vc_single_image image=&#8221;1459&#8243; img_size=&#8221;large&#8221;][\/vc_column][vc_column width=&#8221;1\/2&#8243; offset=&#8221;vc_hidden-lg vc_hidden-sm vc_hidden-xs&#8221;][vc_column_text css=&#8221;.vc_custom_1653639414407{margin-bottom: 5px !important;}&#8221;]Neste ano os Farrobinhas t\u00eam um novo desafio proposto pela sua professora, e est\u00e3o super curiosos para saber o que ser\u00e1.<\/p>\n<p>Na aula a professora apresenta o desafio \u201cCiclo das Cascas\u201d em que ter\u00e3o que construir um compostor super original, para transformar os biorres\u00edduos em fertilizante natural. Mas antes de iniciarem o desafio, tiveram a oportunidade de realizar uma visita de estudo ao aterro sanit\u00e1rio, que para seu grande desalento perceberam que a quantidade de res\u00edduos produzidos era imensa.<\/p>\n<p>Rapidamente com o seu esp\u00edrito de equipa colocaram m\u00e3os \u00e0 obra e tal como n\u00e3o poderia faltar o Eug\u00e9nio com os olhos a brilhar come\u00e7ou logo a magicar algo super tecnol\u00f3gico para incluir no compostor.<\/p>\n<p>Terminados os projetos, a professora revelou o local onde seriam apresentados e experimentados os compostores, que para euforia total de todos os alunos seria no parque de campismo da Praia de Faro.[\/vc_column_text][\/vc_column][vc_column offset=&#8221;vc_hidden-lg vc_hidden-sm vc_hidden-xs&#8221;][vc_column_text css=&#8221;.vc_custom_1653639420026{margin-top: 5px !important;}&#8221;]Ent\u00e3o aos Farrobinhas e os seus colegas junta-se a prima Mena com o Farroba para passarem todo o fim de semana no parque de campismo da Praia de Faro.<\/p>\n<p>Assim que chegam ao parque de campismo come\u00e7am a montagem dos compostores. A prima Mena fica espantada com tanta complexidade que o compostor dos Farrobinhas, ao qual o Eug\u00e9nio dispara logo todas as suas caracter\u00edsticas super I-Tec que transformar\u00e1 rapidamente e de forma eficiente todos os biorres\u00edduos. Apesar da explica\u00e7\u00e3o a prima Mena alerta que a compostagem \u00e9 um processo simples.<\/p>\n<p>Ap\u00f3s a montagem dos compostores os Farrobinhas foram aproveitar a praia, no seu regresso ao parque de campismo no final do dia deparam-se com algo assustador, um cheiro nauseabundo e uma neblina pairava no ar. Algo n\u00e3o estava bem com o compostor dos Farrobinhas. Para resolver a situa\u00e7\u00e3o tiveram que chamar o FAGARBOT.<\/p>\n<p>Ap\u00f3s tudo resolvido, voltaram \u00e0s suas tentas, durante a noite os Farrobinhas e todos os campistas deparam-se com uma visita surpresa que lhes vai mostrar a import\u00e2ncia do respeito pela natureza.<\/p>\n<p>Neste desafio ambiental, os Farrobinhas v\u00e3o mostrar-nos como \u00e9 importante o reencontro com a natureza e o respeito pelos nossos ecossistemas.[\/vc_column_text][vc_row_inner][vc_column_inner width=&#8221;1\/4&#8243;][vc_btn title=&#8221;IN\u00cdCIO&#8221; style=&#8221;outline-custom&#8221; outline_custom_color=&#8221;#000000&#8243; outline_custom_hover_background=&#8221;#000000&#8243; outline_custom_hover_text=&#8221;#ffffff&#8221; shape=&#8221;square&#8221; align=&#8221;center&#8221; button_block=&#8221;true&#8221; link=&#8221;url:https%3A%2F%2Ffarrobinhas.cm-faro.pt%2F|title:In%C3%ADcio||&#8221;][\/vc_column_inner][vc_column_inner width=&#8221;1\/4&#8243;][vc_btn title=&#8221;VER LIVRO&#8221; style=&#8221;outline-custom&#8221; outline_custom_color=&#8221;#000000&#8243; outline_custom_hover_background=&#8221;#000000&#8243; outline_custom_hover_text=&#8221;#ffffff&#8221; shape=&#8221;square&#8221; align=&#8221;center&#8221; button_block=&#8221;true&#8221; link=&#8221;url:https%3A%2F%2Ffarrobinhas.cm-faro.pt%2Fciclo-das-cascas%2F%23livro|||&#8221;][\/vc_column_inner][vc_column_inner width=&#8221;1\/2&#8243;][vc_btn title=&#8221;DESCARREGAR LIVRO&#8221; style=&#8221;outline-custom&#8221; outline_custom_color=&#8221;#000000&#8243; outline_custom_hover_background=&#8221;#000000&#8243; outline_custom_hover_text=&#8221;#ffffff&#8221; shape=&#8221;square&#8221; align=&#8221;center&#8221; button_block=&#8221;true&#8221; link=&#8221;url:https%3A%2F%2Ffarrobinhas.cm-faro.pt%2Fwp-content%2Fuploads%2F2022%2F05%2F13_CiclodasCascas_DescarregarLivro.pdf|||&#8221;][\/vc_column_inner][\/vc_row_inner][\/vc_column][\/vc_row][vc_row full_width=&#8221;stretch_row&#8221; el_id=&#8221;tablet&#8221;][vc_column offset=&#8221;vc_hidden-lg vc_hidden-md vc_hidden-xs&#8221;][vc_row_inner][vc_column_inner width=&#8221;1\/6&#8243;][\/vc_column_inner][vc_column_inner width=&#8221;4\/6&#8243;][vc_single_image image=&#8221;1459&#8243; img_size=&#8221;large&#8221;][\/vc_column_inner][vc_column_inner width=&#8221;1\/6&#8243;][\/vc_column_inner][\/vc_row_inner][vc_column_text]Neste ano os Farrobinhas t\u00eam um novo desafio proposto pela sua professora, e est\u00e3o super curiosos para saber o que ser\u00e1.<\/p>\n<p>Na aula a professora apresenta o desafio \u201cCiclo das Cascas\u201d em que ter\u00e3o que construir um compostor super original, para transformar os biorres\u00edduos em fertilizante natural. Mas antes de iniciarem o desafio, tiveram a oportunidade de realizar uma visita de estudo ao aterro sanit\u00e1rio, que para seu grande desalento perceberam que a quantidade de res\u00edduos produzidos era imensa.<\/p>\n<p>Rapidamente com o seu esp\u00edrito de equipa colocaram m\u00e3os \u00e0 obra e tal como n\u00e3o poderia faltar o Eug\u00e9nio com os olhos a brilhar come\u00e7ou logo a magicar algo super tecnol\u00f3gico para incluir no compostor.<\/p>\n<p>Terminados os projetos, a professora revelou o local onde seriam apresentados e experimentados os compostores, que para euforia total de todos os alunos seria no parque de campismo da Praia de Faro.<\/p>\n<p>Ent\u00e3o aos Farrobinhas e os seus colegas junta-se a prima Mena com o Farroba para passarem todo o fim de semana no parque de campismo da Praia de Faro.<\/p>\n<p>Assim que chegam ao parque de campismo come\u00e7am a montagem dos compostores. A prima Mena fica espantada com tanta complexidade que o compostor dos Farrobinhas, ao qual o Eug\u00e9nio dispara logo todas as suas caracter\u00edsticas super I-Tec que transformar\u00e1 rapidamente e de forma eficiente todos os biorres\u00edduos. Apesar da explica\u00e7\u00e3o a prima Mena alerta que a compostagem \u00e9 um processo simples.<\/p>\n<p>Ap\u00f3s a montagem dos compostores os Farrobinhas foram aproveitar a praia, no seu regresso ao parque de campismo no final do dia deparam-se com algo assustador, um cheiro nauseabundo e uma neblina pairava no ar. Algo n\u00e3o estava bem com o compostor dos Farrobinhas. Para resolver a situa\u00e7\u00e3o tiveram que chamar o FAGARBOT.<\/p>\n<p>Ap\u00f3s tudo resolvido, voltaram \u00e0s suas tentas, durante a noite os Farrobinhas e todos os campistas deparam-se com uma visita surpresa que lhes vai mostrar a import\u00e2ncia do respeito pela natureza.<\/p>\n<p>Neste desafio ambiental, os Farrobinhas v\u00e3o mostrar-nos como \u00e9 importante o reencontro com a natureza e o respeito pelos nossos ecossistemas.[\/vc_column_text][vc_row_inner][vc_column_inner width=&#8221;1\/4&#8243;][vc_btn title=&#8221;IN\u00cdCIO&#8221; style=&#8221;outline-custom&#8221; outline_custom_color=&#8221;#000000&#8243; outline_custom_hover_background=&#8221;#000000&#8243; outline_custom_hover_text=&#8221;#ffffff&#8221; shape=&#8221;square&#8221; align=&#8221;center&#8221; button_block=&#8221;true&#8221; link=&#8221;url:https%3A%2F%2Ffarrobinhas.cm-faro.pt%2F|title:In%C3%ADcio||&#8221;][\/vc_column_inner][vc_column_inner width=&#8221;1\/4&#8243;][vc_btn title=&#8221;VER LIVRO&#8221; style=&#8221;outline-custom&#8221; outline_custom_color=&#8221;#000000&#8243; outline_custom_hover_background=&#8221;#000000&#8243; outline_custom_hover_text=&#8221;#ffffff&#8221; shape=&#8221;square&#8221; align=&#8221;center&#8221; button_block=&#8221;true&#8221; link=&#8221;url:https%3A%2F%2Ffarrobinhas.cm-faro.pt%2Fciclo-das-cascas%2F%23livro|||&#8221;][\/vc_column_inner][vc_column_inner width=&#8221;1\/2&#8243;][vc_btn title=&#8221;DESCARREGAR LIVRO&#8221; style=&#8221;outline-custom&#8221; outline_custom_color=&#8221;#000000&#8243; outline_custom_hover_background=&#8221;#000000&#8243; outline_custom_hover_text=&#8221;#ffffff&#8221; shape=&#8221;square&#8221; align=&#8221;center&#8221; button_block=&#8221;true&#8221; link=&#8221;url:https%3A%2F%2Ffarrobinhas.cm-faro.pt%2Fwp-content%2Fuploads%2F2022%2F05%2F13_CiclodasCascas_DescarregarLivro.pdf|||&#8221;][\/vc_column_inner][\/vc_row_inner][\/vc_column][\/vc_row][\/vc_section][vc_section disable_element=&#8221;yes&#8221; el_id=&#8221;temporario&#8221;][vc_row full_width=&#8221;stretch_row&#8221;][vc_column width=&#8221;1\/6&#8243;][\/vc_column][vc_column width=&#8221;4\/6&#8243;][vc_single_image image=&#8221;1459&#8243; img_size=&#8221;large&#8221;][\/vc_column][vc_column width=&#8221;1\/6&#8243;][\/vc_column][\/vc_row][vc_row full_width=&#8221;stretch_row&#8221;][vc_column width=&#8221;1\/6&#8243;][\/vc_column][vc_column width=&#8221;4\/6&#8243;][vc_row_inner][vc_column_inner width=&#8221;1\/4&#8243;][vc_btn title=&#8221;IN\u00cdCIO&#8221; style=&#8221;outline-custom&#8221; outline_custom_color=&#8221;#000000&#8243; outline_custom_hover_background=&#8221;#000000&#8243; outline_custom_hover_text=&#8221;#ffffff&#8221; shape=&#8221;square&#8221; align=&#8221;center&#8221; button_block=&#8221;true&#8221; link=&#8221;url:https%3A%2F%2Ffarrobinhas.cm-faro.pt%2F|title:In%C3%ADcio||&#8221;][\/vc_column_inner][vc_column_inner width=&#8221;1\/4&#8243;][vc_btn title=&#8221;VER LIVRO&#8221; style=&#8221;outline-custom&#8221; outline_custom_color=&#8221;#000000&#8243; outline_custom_hover_background=&#8221;#000000&#8243; outline_custom_hover_text=&#8221;#ffffff&#8221; shape=&#8221;square&#8221; align=&#8221;center&#8221; button_block=&#8221;true&#8221; link=&#8221;url:https%3A%2F%2Ffarrobinhas.cm-faro.pt%2Fciclo-das-cascas%2F%23livro|||&#8221;][\/vc_column_inner][vc_column_inner width=&#8221;1\/2&#8243;][vc_btn title=&#8221;DESCARREGAR LIVRO&#8221; style=&#8221;outline-custom&#8221; outline_custom_color=&#8221;#000000&#8243; outline_custom_hover_background=&#8221;#000000&#8243; outline_custom_hover_text=&#8221;#ffffff&#8221; shape=&#8221;square&#8221; align=&#8221;center&#8221; button_block=&#8221;true&#8221; link=&#8221;url:https%3A%2F%2Ffarrobinhas.cm-faro.pt%2Fwp-content%2Fuploads%2F2022%2F05%2F13_CiclodasCascas_DescarregarLivro.pdf|||&#8221;][\/vc_column_inner][\/vc_row_inner][\/vc_column][vc_column width=&#8221;1\/6&#8243;][\/vc_column][\/vc_row][vc_row full_width=&#8221;stretch_row&#8221;][vc_column][vc_empty_space height=&#8221;20px&#8221;][\/vc_column][\/vc_row][\/vc_section][vc_section el_id=&#8221;livro&#8221;][vc_row][vc_column][vc_empty_space height=&#8221;40px&#8221;][vc_column_text css=&#8221;.vc_custom_1652091109763{padding-top: 0px !important;padding-right: 0px !important;padding-bottom: 0px !important;padding-left: 0px !important;}&#8221;]<div class=\"_df_book df-lite\" id=\"df_1469\"  _slug=\"ciclo-das-cascas\" data-title=\"ciclo-das-cascas\" wpoptions=\"true\" thumbtype=\"\" ><\/div><script class=\"df-shortcode-script\" nowprocket type=\"application\/javascript\">window.option_df_1469 = {\"outline\":[],\"backgroundColor\":\"#ffffff\",\"hard\":\"cover\",\"autoEnableOutline\":\"false\",\"autoEnableThumbnail\":\"false\",\"overwritePDFOutline\":\"false\",\"enableDownload\":\"false\",\"direction\":\"1\",\"pageSize\":\"0\",\"pageMode\":\"0\",\"controlsPosition\":\"hide\",\"soundEnable\":\"false\",\"autoPlay\":\"false\",\"autoPlayStart\":\"false\",\"source\":\"https:\\\/\\\/farrobinhas.cm-faro.pt\\\/wp-content\\\/uploads\\\/2022\\\/05\\\/13_CiclodasCascas_VerLivro.pdf\",\"wpOptions\":\"true\"}; if(window.DFLIP && window.DFLIP.parseBooks){window.DFLIP.parseBooks();}<\/script>[\/vc_column_text][\/vc_column][\/vc_row][\/vc_section][vc_section full_width=&#8221;stretch_row&#8221; disable_element=&#8221;yes&#8221; el_id=&#8221;aventuras&#8221;][vc_row][vc_column][vc_empty_space height=&#8221;40px&#8221;][vc_custom_heading text=&#8221;As Aventuras&#8221; font_container=&#8221;tag:h1|text_align:center&#8221; google_fonts=&#8221;font_family:Boogaloo%3Aregular|font_style:400%20regular%3A400%3Anormal&#8221;][\/vc_column][\/vc_row][vc_row][vc_column][vc_column_text][evc_image_gallery type=&#8221;carousel&#8221; image_behavior=&#8221;overlay&#8221; number_of_visible_items=&#8221;5&#8243; carousel_autoplay=&#8221;no&#8221; image_size=&#8221;large&#8221; custom_links=&#8221;https:\/\/farrobinhas.cm-faro.pt\/uma-aventura-de-natal\/, https:\/\/farrobinhas.cm-faro.pt\/uma-grande-caofusao\/, https:\/\/farrobinhas.cm-faro.pt\/os-segredos-da-aldeia-de-estoi\/, https:\/\/farrobinhas.cm-faro.pt\/o-enigma-do-gnomo\/, https:\/\/farrobinhas.cm-faro.pt\/a-descoberta-da-agua\/, https:\/\/farrobinhas.cm-faro.pt\/era-uma-vez-a-origem\/, https:\/\/farrobinhas.cm-faro.pt\/a-grande-missao\/, https:\/\/farrobinhas.cm-faro.pt\/campeoes-intergalaticos\/, https:\/\/farrobinhas.cm-faro.pt\/uma-aventura-em-casa\/, https:\/\/farrobinhas.cm-faro.pt\/perdidos-no-oeste\/, https:\/\/farrobinhas.cm-faro.pt\/desafio-virtual\/, https:\/\/farrobinhas.cm-faro.pt\/um-presente-especial\/, https:\/\/farrobinhas.cm-faro.pt\/ciclo-das-cascas\/, https:\/\/farrobinhas.cm-faro.pt\/zooniverso\/, https:\/\/farrobinhas.cm-faro.pt\/o-talisma-misterioso\/, https:\/\/farrobinhas.cm-faro.pt\/operacao-resgate-do-pai-natal&#8221; images=&#8221;925,926,927,928,929,930,931,932,987,1159,1372,1389,1459,1573,1640,1747&#8243;][vc_empty_space height=&#8221;30px&#8221;][\/vc_column_text][\/vc_column][\/vc_row][\/vc_section]<\/p>\n<\/div>","protected":false},"excerpt":{"rendered":"<p>[vc_section full_width=&#8221;stretch_row&#8221;][vc_row full_width=&#8221;stretch_row&#8221;][vc_column][vc_custom_heading text=&#8221;Ciclo das Cascas&#8221; font_container=&#8221;tag:h1|text_align:center&#8221; google_fonts=&#8221;font_family:Boogaloo%3Aregular|font_style:400%20regular%3A400%3Anormal&#8221;][vc_column_text css=&#8221;&#8221;] 2022 [\/vc_column_text][\/vc_column][\/vc_row][vc_row full_width=&#8221;stretch_row&#8221; el_id=&#8221;computer + mobile&#8221;][vc_column width=&#8221;1\/2&#8243; offset=&#8221;vc_hidden-md vc_hidden-sm&#8221;][vc_single_image image=&#8221;1459&#8243; img_size=&#8221;large&#8221;][\/vc_column][vc_column width=&#8221;1\/2&#8243; offset=&#8221;vc_hidden-md vc_hidden-sm&#8221;][vc_column_text]Neste ano os Farrobinhas t\u00eam um novo desafio proposto pela sua professora, e est\u00e3o super curiosos para saber o que ser\u00e1. Na aula a professora apresenta o desafio \u201cCiclo das Cascas\u201d em que ter\u00e3o que construir um compostor super original, para transformar os biorres\u00edduos em fertilizante natural. Mas antes de iniciarem o desafio, tiveram a oportunidade de realizar uma visita de estudo ao aterro sanit\u00e1rio, que para seu grande desalento perceberam que a quantidade de res\u00edduos produzidos era imensa. Rapidamente com o seu esp\u00edrito de equipa colocaram m\u00e3os \u00e0 obra e tal como n\u00e3o poderia faltar o Eug\u00e9nio com os olhos a brilhar come\u00e7ou logo a magicar algo super tecnol\u00f3gico para incluir no compostor. Terminados os projetos, a professora revelou o local onde seriam apresentados e experimentados os compostores, que para euforia total de todos os alunos seria no parque de campismo da Praia de Faro. Ent\u00e3o aos Farrobinhas e os seus colegas junta-se a prima Mena com o Farroba para passarem todo o fim de semana no parque de campismo da Praia de Faro. Assim que chegam&#8230;<\/p>\n","protected":false},"author":1,"featured_media":0,"parent":0,"menu_order":0,"comment_status":"closed","ping_status":"closed","template":"","meta":{"footnotes":""},"_links":{"self":[{"href":"https:\/\/farrobinhas.cm-faro.pt\/index.php\/wp-json\/wp\/v2\/pages\/1448"}],"collection":[{"href":"https:\/\/farrobinhas.cm-faro.pt\/index.php\/wp-json\/wp\/v2\/pages"}],"about":[{"href":"https:\/\/farrobinhas.cm-faro.pt\/index.php\/wp-json\/wp\/v2\/types\/page"}],"author":[{"embeddable":true,"href":"https:\/\/farrobinhas.cm-faro.pt\/index.php\/wp-json\/wp\/v2\/users\/1"}],"replies":[{"embeddable":true,"href":"https:\/\/farrobinhas.cm-faro.pt\/index.php\/wp-json\/wp\/v2\/comments?post=1448"}],"version-history":[{"count":26,"href":"https:\/\/farrobinhas.cm-faro.pt\/index.php\/wp-json\/wp\/v2\/pages\/1448\/revisions"}],"predecessor-version":[{"id":1936,"href":"https:\/\/farrobinhas.cm-faro.pt\/index.php\/wp-json\/wp\/v2\/pages\/1448\/revisions\/1936"}],"wp:attachment":[{"href":"https:\/\/farrobinhas.cm-faro.pt\/index.php\/wp-json\/wp\/v2\/media?parent=1448"}],"curies":[{"name":"wp","href":"https:\/\/api.w.org\/{rel}","templated":true}]}}