{"id":1361,"date":"2021-12-15T10:00:59","date_gmt":"2021-12-15T10:00:59","guid":{"rendered":"http:\/\/farrobinhas.cm-faro.pt\/index.php\/?page_id=1361"},"modified":"2024-05-02T09:06:43","modified_gmt":"2024-05-02T09:06:43","slug":"um-presente-especial","status":"publish","type":"page","link":"https:\/\/farrobinhas.cm-faro.pt\/index.php\/um-presente-especial\/","title":{"rendered":"Um Presente Especial"},"content":{"rendered":"<div class=\"wpb-content-wrapper\"><p>[vc_section full_width=&#8221;stretch_row&#8221;][vc_row full_width=&#8221;stretch_row&#8221;][vc_column][vc_custom_heading text=&#8221;Um Presente Especial&#8221; font_container=&#8221;tag:h1|text_align:center&#8221; google_fonts=&#8221;font_family:Boogaloo%3Aregular|font_style:400%20regular%3A400%3Anormal&#8221;][vc_column_text css=&#8221;&#8221;]<\/p>\n<p style=\"text-align: center;\"><strong>2021<\/strong><\/p>\n<p>[\/vc_column_text][\/vc_column][\/vc_row][\/vc_section][vc_section el_id=&#8221;resumo&#8221;][vc_row full_width=&#8221;stretch_row&#8221; el_id=&#8221;computer + mobile&#8221;][vc_column width=&#8221;1\/2&#8243; offset=&#8221;vc_hidden-md vc_hidden-sm&#8221;][vc_single_image image=&#8221;1389&#8243; img_size=&#8221;large&#8221;][\/vc_column][vc_column width=&#8221;1\/2&#8243; offset=&#8221;vc_hidden-md vc_hidden-sm&#8221;][vc_column_text]Os Farrobinhas preparavam os enfeites de Natal, quando escutam um enorme barulho e clar\u00e3o vindo da rua! Correm em dire\u00e7\u00e3o \u00e0 janela e observam um rasto de luminosidade, que clareia o c\u00e9u de Faro. O que seria? Uma estrela cadente? Um meteorito? Correndo em busca da resposta, saem pelas ruas da cidade. Junto ao coreto, o Farroba ladra, ao ver uma luz cintilante. \u00c9 um carro, que, de repente se abre! O Farroba corre e salta para o colo do condutor, o Dr. E, que, assustado, mostra conhecer o grupo de amigos, espantados e incr\u00e9dulos. Pede para ir \u00e0 oficina de Eug\u00e9nio, para concertar a m\u00e1quina do tempo. Ali, enquanto repara a viatura com a ajuda de todos, revela que vem de 2027. Tem a miss\u00e3o complicada de ir buscar o Carlos Porf\u00edrio ao ano de 1967, para a inaugura\u00e7\u00e3o de um evento important\u00edssimo: a Faro Capital Europeia da Cultura, que \u00e9 no dia seguinte. Com a m\u00e1quina do tempo j\u00e1 arranjada, convida os Farrobinhas a partirem. E l\u00e1 v\u00e3o! Ao chegarem a 1967, conhecem o fundador do Museu Regional do Algarve, que estava precisamente nesse espa\u00e7o, que \u00e9 como se fosse um grande livro de mem\u00f3rias, no qual se guardam fotografias e objetos antigos, pinturas, uma t\u00edpica casa algarvia e at\u00e9 mesmo um barco de pesca. Nele se preserva uma parte importante da mem\u00f3ria do Algarve e, claro, de Faro. Carlos Porf\u00edrio diz-lhes que s\u00f3 \u00e9 poss\u00edvel preservar o passado, quando se acredita no futuro e que o Museu foi criado para as gera\u00e7\u00f5es vindoiras, jovens como os Farrobinhas. Todos juntos viajam para 2027 e chegam no dia de inaugura\u00e7\u00e3o de Faro, Capital Europeia da Cultura, encontrando exposi\u00e7\u00f5es, teatro, m\u00fasica, dan\u00e7a, cinema, arte e espet\u00e1culos por toda a cidade e os farenses a divertirem-se na rua, em grande felicidade. O Dr. E apresenta-os a um grupo muito curioso e todos riem, ao descobrirem-se a si mesmos, os Farrobinhas de 2027, como se olhassem para um espelho do futuro. No coreto d\u00e3o as boas-vindas a Faro, Capital Europeia da Cultura e festejam este marco da hist\u00f3ria da cidade e da regi\u00e3o. Depois, regressam a 2021.<\/p>\n<p>Esta nova aventura faz-nos pensar na riqueza da hist\u00f3ria e da cultura de Faro e do Algarve, uma riqueza e uma mem\u00f3ria que devem ser preservadas para as gera\u00e7\u00f5es mais jovens \u2013 como fez Carlos Porf\u00edrio, ao criar o Museu Regional do Algarve -, porque a verdadeira magia de qualquer viagem \u00e9 sabermos que vivemos rodeados de conhecimento! O mais importante \u00e9, mesmo, fazer do nosso presente, que \u00e9 especial, um futuro para nos lembrarmos![\/vc_column_text][vc_row_inner][vc_column_inner width=&#8221;1\/4&#8243;][vc_btn title=&#8221;IN\u00cdCIO&#8221; style=&#8221;outline-custom&#8221; outline_custom_color=&#8221;#000000&#8243; outline_custom_hover_background=&#8221;#000000&#8243; outline_custom_hover_text=&#8221;#ffffff&#8221; shape=&#8221;square&#8221; align=&#8221;center&#8221; button_block=&#8221;true&#8221; link=&#8221;url:https%3A%2F%2Ffarrobinhas.cm-faro.pt%2F|title:In%C3%ADcio||&#8221;][\/vc_column_inner][vc_column_inner width=&#8221;1\/4&#8243;][vc_btn title=&#8221;VER LIVRO&#8221; style=&#8221;outline-custom&#8221; outline_custom_color=&#8221;#000000&#8243; outline_custom_hover_background=&#8221;#000000&#8243; outline_custom_hover_text=&#8221;#ffffff&#8221; shape=&#8221;square&#8221; align=&#8221;center&#8221; button_block=&#8221;true&#8221; link=&#8221;url:https%3A%2F%2Ffarrobinhas.cm-faro.pt%2Fum-presente-especial%2F%23livro|||&#8221;][\/vc_column_inner][vc_column_inner width=&#8221;1\/2&#8243;][vc_btn title=&#8221;DESCARREGAR LIVRO&#8221; style=&#8221;outline-custom&#8221; outline_custom_color=&#8221;#000000&#8243; outline_custom_hover_background=&#8221;#000000&#8243; outline_custom_hover_text=&#8221;#ffffff&#8221; shape=&#8221;square&#8221; align=&#8221;center&#8221; button_block=&#8221;true&#8221; link=&#8221;url:https%3A%2F%2Ffarrobinhas.cm-faro.pt%2Fwp-content%2Fuploads%2F2021%2F12%2F12_UmPresenteEspecial_DescarregarLivro.pdf|||&#8221;][\/vc_column_inner][\/vc_row_inner][\/vc_column][\/vc_row][vc_row full_width=&#8221;stretch_row&#8221; el_id=&#8221;pc&#8221;][vc_column width=&#8221;1\/2&#8243; offset=&#8221;vc_hidden-lg vc_hidden-sm vc_hidden-xs&#8221;][vc_single_image image=&#8221;1389&#8243; img_size=&#8221;large&#8221;][\/vc_column][vc_column width=&#8221;1\/2&#8243; offset=&#8221;vc_hidden-lg vc_hidden-sm vc_hidden-xs&#8221;][vc_column_text css=&#8221;.vc_custom_1653381686600{margin-bottom: 0px !important;}&#8221;]Os Farrobinhas preparavam os enfeites de Natal, quando escutam um enorme barulho e clar\u00e3o vindo da rua! Correm em dire\u00e7\u00e3o \u00e0 janela e observam um rasto de luminosidade, que clareia o c\u00e9u de Faro. O que seria? Uma estrela cadente? Um meteorito? Correndo em busca da resposta, saem pelas ruas da cidade. Junto ao coreto, o Farroba ladra, ao ver uma luz cintilante. \u00c9 um carro, que, de repente se abre! O Farroba corre e salta para o colo do condutor, o Dr. E, que, assustado, mostra conhecer o grupo de amigos, espantados e incr\u00e9dulos. Pede para ir \u00e0 oficina de Eug\u00e9nio, para concertar a m\u00e1quina do tempo. Ali, enquanto repara a viatura com a ajuda de todos, revela que vem de 2027. Tem a miss\u00e3o complicada de ir buscar o Carlos Porf\u00edrio ao ano de 1967, para a inaugura\u00e7\u00e3o de um evento important\u00edssimo: a Faro Capital Europeia da Cultura, que \u00e9 no dia seguinte. Com a m\u00e1quina do tempo j\u00e1 arranjada, convida os Farrobinhas a partirem. E l\u00e1 v\u00e3o! Ao chegarem a 1967, conhecem o fundador do Museu Regional do Algarve, que estava precisamente nesse espa\u00e7o, que \u00e9 como se fosse um grande livro de mem\u00f3rias, no qual se guardam fotografias e objetos antigos, pinturas, uma t\u00edpica[\/vc_column_text][\/vc_column][vc_column offset=&#8221;vc_hidden-lg vc_hidden-sm vc_hidden-xs&#8221;][vc_column_text css=&#8221;.vc_custom_1653381699382{margin-top: 0px !important;}&#8221;]casa algarvia e at\u00e9 mesmo um barco de pesca. Nele se preserva uma parte importante da mem\u00f3ria do Algarve e, claro, de Faro. Carlos Porf\u00edrio diz-lhes que s\u00f3 \u00e9 poss\u00edvel preservar o passado, quando se acredita no futuro e que o Museu foi criado para as gera\u00e7\u00f5es vindoiras, jovens como os Farrobinhas. Todos juntos viajam para 2027 e chegam no dia de inaugura\u00e7\u00e3o de Faro, Capital Europeia da Cultura, encontrando exposi\u00e7\u00f5es, teatro, m\u00fasica, dan\u00e7a, cinema, arte e espet\u00e1culos por toda a cidade e os farenses a divertirem-se na rua, em grande felicidade. O Dr. E apresenta-os a um grupo muito curioso e todos riem, ao descobrirem-se a si mesmos, os Farrobinhas de 2027, como se olhassem para um espelho do futuro. No coreto d\u00e3o as boas-vindas a Faro, Capital Europeia da Cultura e festejam este marco da hist\u00f3ria da cidade e da regi\u00e3o. Depois, regressam a 2021.<\/p>\n<p>Esta nova aventura faz-nos pensar na riqueza da hist\u00f3ria e da cultura de Faro e do Algarve, uma riqueza e uma mem\u00f3ria que devem ser preservadas para as gera\u00e7\u00f5es mais jovens \u2013 como fez Carlos Porf\u00edrio, ao criar o Museu Regional do Algarve -, porque a verdadeira magia de qualquer viagem \u00e9 sabermos que vivemos rodeados de conhecimento! O mais importante \u00e9, mesmo, fazer do nosso presente, que \u00e9 especial, um futuro para nos lembrarmos![\/vc_column_text][vc_row_inner][vc_column_inner width=&#8221;1\/4&#8243;][vc_btn title=&#8221;IN\u00cdCIO&#8221; style=&#8221;outline-custom&#8221; outline_custom_color=&#8221;#000000&#8243; outline_custom_hover_background=&#8221;#000000&#8243; outline_custom_hover_text=&#8221;#ffffff&#8221; shape=&#8221;square&#8221; align=&#8221;center&#8221; button_block=&#8221;true&#8221; link=&#8221;url:https%3A%2F%2Ffarrobinhas.cm-faro.pt%2F|title:In%C3%ADcio||&#8221;][\/vc_column_inner][vc_column_inner width=&#8221;1\/4&#8243;][vc_btn title=&#8221;VER LIVRO&#8221; style=&#8221;outline-custom&#8221; outline_custom_color=&#8221;#000000&#8243; outline_custom_hover_background=&#8221;#000000&#8243; outline_custom_hover_text=&#8221;#ffffff&#8221; shape=&#8221;square&#8221; align=&#8221;center&#8221; button_block=&#8221;true&#8221; link=&#8221;url:https%3A%2F%2Ffarrobinhas.cm-faro.pt%2Fum-presente-especial%2F%23livro|||&#8221;][\/vc_column_inner][vc_column_inner width=&#8221;1\/2&#8243;][vc_btn title=&#8221;DESCARREGAR LIVRO&#8221; style=&#8221;outline-custom&#8221; outline_custom_color=&#8221;#000000&#8243; outline_custom_hover_background=&#8221;#000000&#8243; outline_custom_hover_text=&#8221;#ffffff&#8221; shape=&#8221;square&#8221; align=&#8221;center&#8221; button_block=&#8221;true&#8221; link=&#8221;url:https%3A%2F%2Ffarrobinhas.cm-faro.pt%2Fwp-content%2Fuploads%2F2021%2F12%2F12_UmPresenteEspecial_DescarregarLivro.pdf|||&#8221;][\/vc_column_inner][\/vc_row_inner][\/vc_column][\/vc_row][vc_row full_width=&#8221;stretch_row&#8221; el_id=&#8221;tablet&#8221;][vc_column offset=&#8221;vc_hidden-lg vc_hidden-md vc_hidden-xs&#8221;][vc_row_inner][vc_column_inner width=&#8221;1\/6&#8243;][\/vc_column_inner][vc_column_inner width=&#8221;4\/6&#8243;][vc_single_image image=&#8221;1389&#8243; img_size=&#8221;large&#8221;][\/vc_column_inner][vc_column_inner width=&#8221;1\/6&#8243;][\/vc_column_inner][\/vc_row_inner][vc_column_text]Os Farrobinhas preparavam os enfeites de Natal, quando escutam um enorme barulho e clar\u00e3o vindo da rua! Correm em dire\u00e7\u00e3o \u00e0 janela e observam um rasto de luminosidade, que clareia o c\u00e9u de Faro. O que seria? Uma estrela cadente? Um meteorito? Correndo em busca da resposta, saem pelas ruas da cidade. Junto ao coreto, o Farroba ladra, ao ver uma luz cintilante. \u00c9 um carro, que, de repente se abre! O Farroba corre e salta para o colo do condutor, o Dr. E, que, assustado, mostra conhecer o grupo de amigos, espantados e incr\u00e9dulos. Pede para ir \u00e0 oficina de Eug\u00e9nio, para concertar a m\u00e1quina do tempo. Ali, enquanto repara a viatura com a ajuda de todos, revela que vem de 2027. Tem a miss\u00e3o complicada de ir buscar o Carlos Porf\u00edrio ao ano de 1967, para a inaugura\u00e7\u00e3o de um evento important\u00edssimo: a Faro Capital Europeia da Cultura, que \u00e9 no dia seguinte. Com a m\u00e1quina do tempo j\u00e1 arranjada, convida os Farrobinhas a partirem. E l\u00e1 v\u00e3o! Ao chegarem a 1967, conhecem o fundador do Museu Regional do Algarve, que estava precisamente nesse espa\u00e7o, que \u00e9 como se fosse um grande livro de mem\u00f3rias, no qual se guardam fotografias e objetos antigos, pinturas, uma t\u00edpica casa algarvia e at\u00e9 mesmo um barco de pesca. Nele se preserva uma parte importante da mem\u00f3ria do Algarve e, claro, de Faro. Carlos Porf\u00edrio diz-lhes que s\u00f3 \u00e9 poss\u00edvel preservar o passado, quando se acredita no futuro e que o Museu foi criado para as gera\u00e7\u00f5es vindoiras, jovens como os Farrobinhas. Todos juntos viajam para 2027 e chegam no dia de inaugura\u00e7\u00e3o de Faro, Capital Europeia da Cultura, encontrando exposi\u00e7\u00f5es, teatro, m\u00fasica, dan\u00e7a, cinema, arte e espet\u00e1culos por toda a cidade e os farenses a divertirem-se na rua, em grande felicidade. O Dr. E apresenta-os a um grupo muito curioso e todos riem, ao descobrirem-se a si mesmos, os Farrobinhas de 2027, como se olhassem para um espelho do futuro. No coreto d\u00e3o as boas-vindas a Faro, Capital Europeia da Cultura e festejam este marco da hist\u00f3ria da cidade e da regi\u00e3o. Depois, regressam a 2021.<\/p>\n<p>Esta nova aventura faz-nos pensar na riqueza da hist\u00f3ria e da cultura de Faro e do Algarve, uma riqueza e uma mem\u00f3ria que devem ser preservadas para as gera\u00e7\u00f5es mais jovens \u2013 como fez Carlos Porf\u00edrio, ao criar o Museu Regional do Algarve -, porque a verdadeira magia de qualquer viagem \u00e9 sabermos que vivemos rodeados de conhecimento! O mais importante \u00e9, mesmo, fazer do nosso presente, que \u00e9 especial, um futuro para nos lembrarmos![\/vc_column_text][vc_row_inner][vc_column_inner width=&#8221;1\/4&#8243;][vc_btn title=&#8221;IN\u00cdCIO&#8221; style=&#8221;outline-custom&#8221; outline_custom_color=&#8221;#000000&#8243; outline_custom_hover_background=&#8221;#000000&#8243; outline_custom_hover_text=&#8221;#ffffff&#8221; shape=&#8221;square&#8221; align=&#8221;center&#8221; button_block=&#8221;true&#8221; link=&#8221;url:https%3A%2F%2Ffarrobinhas.cm-faro.pt%2F|title:In%C3%ADcio||&#8221;][\/vc_column_inner][vc_column_inner width=&#8221;1\/4&#8243;][vc_btn title=&#8221;VER LIVRO&#8221; style=&#8221;outline-custom&#8221; outline_custom_color=&#8221;#000000&#8243; outline_custom_hover_background=&#8221;#000000&#8243; outline_custom_hover_text=&#8221;#ffffff&#8221; shape=&#8221;square&#8221; align=&#8221;center&#8221; button_block=&#8221;true&#8221; link=&#8221;url:https%3A%2F%2Ffarrobinhas.cm-faro.pt%2Fum-presente-especial%2F%23livro|||&#8221;][\/vc_column_inner][vc_column_inner width=&#8221;1\/2&#8243;][vc_btn title=&#8221;DESCARREGAR LIVRO&#8221; style=&#8221;outline-custom&#8221; outline_custom_color=&#8221;#000000&#8243; outline_custom_hover_background=&#8221;#000000&#8243; outline_custom_hover_text=&#8221;#ffffff&#8221; shape=&#8221;square&#8221; align=&#8221;center&#8221; button_block=&#8221;true&#8221; link=&#8221;url:https%3A%2F%2Ffarrobinhas.cm-faro.pt%2Fwp-content%2Fuploads%2F2021%2F12%2F12_UmPresenteEspecial_DescarregarLivro.pdf|||&#8221;][\/vc_column_inner][\/vc_row_inner][\/vc_column][\/vc_row][vc_row full_width=&#8221;stretch_row&#8221;][vc_column][vc_empty_space height=&#8221;20px&#8221;][\/vc_column][\/vc_row][\/vc_section][vc_section disable_element=&#8221;yes&#8221; el_id=&#8221;temporario&#8221;][vc_row full_width=&#8221;stretch_row&#8221;][vc_column width=&#8221;1\/6&#8243;][\/vc_column][vc_column width=&#8221;4\/6&#8243;][vc_single_image image=&#8221;1389&#8243; img_size=&#8221;large&#8221;][\/vc_column][vc_column width=&#8221;1\/6&#8243;][\/vc_column][\/vc_row][vc_row full_width=&#8221;stretch_row&#8221;][vc_column width=&#8221;1\/6&#8243;][\/vc_column][vc_column width=&#8221;4\/6&#8243;][vc_row_inner][vc_column_inner width=&#8221;1\/4&#8243;][vc_btn title=&#8221;IN\u00cdCIO&#8221; style=&#8221;outline-custom&#8221; outline_custom_color=&#8221;#000000&#8243; outline_custom_hover_background=&#8221;#000000&#8243; outline_custom_hover_text=&#8221;#ffffff&#8221; shape=&#8221;square&#8221; align=&#8221;center&#8221; button_block=&#8221;true&#8221; link=&#8221;url:https%3A%2F%2Ffarrobinhas.cm-faro.pt%2F|title:In%C3%ADcio||&#8221;][\/vc_column_inner][vc_column_inner width=&#8221;1\/4&#8243;][vc_btn title=&#8221;VER LIVRO&#8221; style=&#8221;outline-custom&#8221; outline_custom_color=&#8221;#000000&#8243; outline_custom_hover_background=&#8221;#000000&#8243; outline_custom_hover_text=&#8221;#ffffff&#8221; shape=&#8221;square&#8221; align=&#8221;center&#8221; button_block=&#8221;true&#8221; link=&#8221;url:https%3A%2F%2Ffarrobinhas.cm-faro.pt%2Fum-presente-especial%2F%23livro|||&#8221;][\/vc_column_inner][vc_column_inner width=&#8221;1\/2&#8243;][vc_btn title=&#8221;DESCARREGAR LIVRO&#8221; style=&#8221;outline-custom&#8221; outline_custom_color=&#8221;#000000&#8243; outline_custom_hover_background=&#8221;#000000&#8243; outline_custom_hover_text=&#8221;#ffffff&#8221; shape=&#8221;square&#8221; align=&#8221;center&#8221; button_block=&#8221;true&#8221; link=&#8221;url:https%3A%2F%2Ffarrobinhas.cm-faro.pt%2Fwp-content%2Fuploads%2F2021%2F12%2F12_UmPresenteEspecial_DescarregarLivro.pdf|||&#8221;][\/vc_column_inner][\/vc_row_inner][\/vc_column][vc_column width=&#8221;1\/6&#8243;][\/vc_column][\/vc_row][vc_row full_width=&#8221;stretch_row&#8221;][vc_column][vc_empty_space height=&#8221;20px&#8221;][\/vc_column][\/vc_row][\/vc_section][vc_section el_id=&#8221;livro&#8221;][vc_row][vc_column][vc_empty_space height=&#8221;40px&#8221;][vc_column_text css=&#8221;.vc_custom_1639737807812{padding-top: 0px !important;padding-right: 0px !important;padding-bottom: 0px !important;padding-left: 0px !important;}&#8221;]<div class=\"_df_book df-lite\" id=\"df_1362\"  _slug=\"um-presente-especial\" data-title=\"um-presente-especial\" wpoptions=\"true\" thumbtype=\"\" ><\/div><script class=\"df-shortcode-script\" nowprocket type=\"application\/javascript\">window.option_df_1362 = {\"outline\":[],\"backgroundColor\":\"#ffffff\",\"hard\":\"cover\",\"autoEnableOutline\":\"false\",\"autoEnableThumbnail\":\"false\",\"overwritePDFOutline\":\"false\",\"enableDownload\":\"false\",\"direction\":\"1\",\"pageSize\":\"0\",\"pageMode\":\"0\",\"controlsPosition\":\"hide\",\"soundEnable\":\"false\",\"autoPlay\":\"false\",\"autoPlayStart\":\"false\",\"source\":\"https:\\\/\\\/farrobinhas.cm-faro.pt\\\/wp-content\\\/uploads\\\/2021\\\/12\\\/12_UmPresenteEspecial_VerLivro.pdf\",\"wpOptions\":\"true\"}; if(window.DFLIP && window.DFLIP.parseBooks){window.DFLIP.parseBooks();}<\/script>[\/vc_column_text][\/vc_column][\/vc_row][\/vc_section][vc_section full_width=&#8221;stretch_row&#8221; disable_element=&#8221;yes&#8221; el_id=&#8221;aventuras&#8221;][vc_row][vc_column][vc_empty_space height=&#8221;40px&#8221;][vc_custom_heading text=&#8221;As Aventuras&#8221; font_container=&#8221;tag:h1|text_align:center&#8221; google_fonts=&#8221;font_family:Boogaloo%3Aregular|font_style:400%20regular%3A400%3Anormal&#8221;][\/vc_column][\/vc_row][vc_row][vc_column][vc_column_text][evc_image_gallery type=&#8221;carousel&#8221; image_behavior=&#8221;overlay&#8221; number_of_visible_items=&#8221;5&#8243; carousel_autoplay=&#8221;no&#8221; image_size=&#8221;large&#8221; custom_links=&#8221;https:\/\/farrobinhas.cm-faro.pt\/uma-aventura-de-natal\/, https:\/\/farrobinhas.cm-faro.pt\/uma-grande-caofusao\/, https:\/\/farrobinhas.cm-faro.pt\/os-segredos-da-aldeia-de-estoi\/, https:\/\/farrobinhas.cm-faro.pt\/o-enigma-do-gnomo\/, https:\/\/farrobinhas.cm-faro.pt\/a-descoberta-da-agua\/, https:\/\/farrobinhas.cm-faro.pt\/era-uma-vez-a-origem\/, https:\/\/farrobinhas.cm-faro.pt\/a-grande-missao\/, https:\/\/farrobinhas.cm-faro.pt\/campeoes-intergalaticos\/, https:\/\/farrobinhas.cm-faro.pt\/uma-aventura-em-casa\/, https:\/\/farrobinhas.cm-faro.pt\/perdidos-no-oeste\/, https:\/\/farrobinhas.cm-faro.pt\/desafio-virtual\/, https:\/\/farrobinhas.cm-faro.pt\/um-presente-especial\/, https:\/\/farrobinhas.cm-faro.pt\/ciclo-das-cascas\/, https:\/\/farrobinhas.cm-faro.pt\/zooniverso\/, https:\/\/farrobinhas.cm-faro.pt\/o-talisma-misterioso\/, https:\/\/farrobinhas.cm-faro.pt\/operacao-resgate-do-pai-natal&#8221; images=&#8221;925,926,927,928,929,930,931,932,987,1159,1372,1389,1459,1573,1640,1747&#8243;][vc_empty_space height=&#8221;30px&#8221;][\/vc_column_text][\/vc_column][\/vc_row][\/vc_section]<\/p>\n<\/div>","protected":false},"excerpt":{"rendered":"<p>[vc_section full_width=&#8221;stretch_row&#8221;][vc_row full_width=&#8221;stretch_row&#8221;][vc_column][vc_custom_heading text=&#8221;Um Presente Especial&#8221; font_container=&#8221;tag:h1|text_align:center&#8221; google_fonts=&#8221;font_family:Boogaloo%3Aregular|font_style:400%20regular%3A400%3Anormal&#8221;][vc_column_text css=&#8221;&#8221;] 2021 [\/vc_column_text][\/vc_column][\/vc_row][\/vc_section][vc_section el_id=&#8221;resumo&#8221;][vc_row full_width=&#8221;stretch_row&#8221; el_id=&#8221;computer + mobile&#8221;][vc_column width=&#8221;1\/2&#8243; offset=&#8221;vc_hidden-md vc_hidden-sm&#8221;][vc_single_image image=&#8221;1389&#8243; img_size=&#8221;large&#8221;][\/vc_column][vc_column width=&#8221;1\/2&#8243; offset=&#8221;vc_hidden-md vc_hidden-sm&#8221;][vc_column_text]Os Farrobinhas preparavam os enfeites de Natal, quando escutam um enorme barulho e clar\u00e3o vindo da rua! Correm em dire\u00e7\u00e3o \u00e0 janela e observam um rasto de luminosidade, que clareia o c\u00e9u de Faro. O que seria? Uma estrela cadente? Um meteorito? Correndo em busca da resposta, saem pelas ruas da cidade. Junto ao coreto, o Farroba ladra, ao ver uma luz cintilante. \u00c9 um carro, que, de repente se abre! O Farroba corre e salta para o colo do condutor, o Dr. E, que, assustado, mostra conhecer o grupo de amigos, espantados e incr\u00e9dulos. Pede para ir \u00e0 oficina de Eug\u00e9nio, para concertar a m\u00e1quina do tempo. Ali, enquanto repara a viatura com a ajuda de todos, revela que vem de 2027. Tem a miss\u00e3o complicada de ir buscar o Carlos Porf\u00edrio ao ano de 1967, para a inaugura\u00e7\u00e3o de um evento important\u00edssimo: a Faro Capital Europeia da Cultura, que \u00e9 no dia seguinte. Com a m\u00e1quina do tempo j\u00e1 arranjada, convida os Farrobinhas a partirem. E l\u00e1 v\u00e3o! Ao chegarem a 1967, conhecem o fundador&#8230;<\/p>\n","protected":false},"author":1,"featured_media":0,"parent":0,"menu_order":0,"comment_status":"closed","ping_status":"closed","template":"","meta":{"footnotes":""},"_links":{"self":[{"href":"https:\/\/farrobinhas.cm-faro.pt\/index.php\/wp-json\/wp\/v2\/pages\/1361"}],"collection":[{"href":"https:\/\/farrobinhas.cm-faro.pt\/index.php\/wp-json\/wp\/v2\/pages"}],"about":[{"href":"https:\/\/farrobinhas.cm-faro.pt\/index.php\/wp-json\/wp\/v2\/types\/page"}],"author":[{"embeddable":true,"href":"https:\/\/farrobinhas.cm-faro.pt\/index.php\/wp-json\/wp\/v2\/users\/1"}],"replies":[{"embeddable":true,"href":"https:\/\/farrobinhas.cm-faro.pt\/index.php\/wp-json\/wp\/v2\/comments?post=1361"}],"version-history":[{"count":20,"href":"https:\/\/farrobinhas.cm-faro.pt\/index.php\/wp-json\/wp\/v2\/pages\/1361\/revisions"}],"predecessor-version":[{"id":1945,"href":"https:\/\/farrobinhas.cm-faro.pt\/index.php\/wp-json\/wp\/v2\/pages\/1361\/revisions\/1945"}],"wp:attachment":[{"href":"https:\/\/farrobinhas.cm-faro.pt\/index.php\/wp-json\/wp\/v2\/media?parent=1361"}],"curies":[{"name":"wp","href":"https:\/\/api.w.org\/{rel}","templated":true}]}}