{"id":1243,"date":"2021-11-01T10:00:58","date_gmt":"2021-11-01T10:00:58","guid":{"rendered":"http:\/\/farrobinhas.cm-faro.pt\/index.php\/?page_id=1243"},"modified":"2024-05-02T09:03:52","modified_gmt":"2024-05-02T09:03:52","slug":"desafio-virtual","status":"publish","type":"page","link":"https:\/\/farrobinhas.cm-faro.pt\/index.php\/desafio-virtual\/","title":{"rendered":"Desafio Virtual"},"content":{"rendered":"<div class=\"wpb-content-wrapper\"><p>[vc_section full_width=&#8221;stretch_row&#8221;][vc_row full_width=&#8221;stretch_row&#8221;][vc_column][vc_custom_heading text=&#8221;Desafio Virtual&#8221; font_container=&#8221;tag:h1|text_align:center&#8221; google_fonts=&#8221;font_family:Boogaloo%3Aregular|font_style:400%20regular%3A400%3Anormal&#8221;][vc_column_text css=&#8221;&#8221;]<\/p>\n<p style=\"text-align: center;\"><strong>2021<\/strong><\/p>\n<p>[\/vc_column_text][\/vc_column][\/vc_row][vc_row full_width=&#8221;stretch_row&#8221; el_id=&#8221;computer + mobile&#8221;][vc_column width=&#8221;1\/2&#8243; offset=&#8221;vc_hidden-md vc_hidden-sm&#8221;][vc_single_image image=&#8221;1372&#8243; img_size=&#8221;large&#8221;][\/vc_column][vc_column width=&#8221;1\/2&#8243; offset=&#8221;vc_hidden-md vc_hidden-sm&#8221;][vc_column_text]No regresso \u00e0s aulas os Farrobinhas est\u00e3o super entusiasmados pelo reencontro com os colegas e professores. H\u00e1 imensas novidades para contar ap\u00f3s os longos meses de f\u00e9rias. Eug\u00e9nio, como sempre \u00e9 o mais entusiasmado, n\u00e3o fosse mais uma vez, ter uma nova inven\u00e7\u00e3o para mostrar.<\/p>\n<p>J\u00e1 na sala de aula Eug\u00e9nio desvenda a sua inven\u00e7\u00e3o. Desta vez criou um jogo super desafiante, com direito a uma hero\u00edna e um terr\u00edvel monstro para derrotar.<\/p>\n<p>Instala-se a euforia em torno do jogo de Eug\u00e9nio, e entre uma disputa pelo comando do jogo, a consola cai no ch\u00e3o e todos os presentes na sala entram dentro do jogo.<\/p>\n<p>Ohhhh\u2026 Nada a fazer, agora resta apenas aos Farrobinhas jogarem o jogo que Eug\u00e9nio criou e derrotarem a monstro \u2013 Lixurbano. Come\u00e7a assim mais uma nova aventura destes pequenos grandes her\u00f3is.<\/p>\n<p>J\u00e1 habituados a trabalhar em equipa os Farrobinhas juntam-se \u00e0 hero\u00edna Babel e para conseguirem ativar os robots que os ir\u00e3o ajudar na limpeza da cidade, encaminhando todos os res\u00edduos espalhados pelas ruas para a reciclagem. \u00c9 uma corrida contra o tempo, t\u00eam que apanhar todo o lixo antes do Lixurbano evitando que ele se torne cada vez maior e fa\u00e7a mais estragos pela cidade. Apesar dos seus esfor\u00e7os, o Lixurbano continua a crescer e os Farrobinhas t\u00eam que ativar mais refor\u00e7os atrav\u00e9s do site da FAGAR. \u00c9 ent\u00e3o que surgem os ve\u00edculos de repara\u00e7\u00e3o e limpeza da FAGAR. Eug\u00e9nio e Babel tentam distrair o Lixurbano antes que ele chegue \u00e0 Ria Formosa, mas a dada altura ficam encurralados\u2026 \u00c9 ent\u00e3o que o Eug\u00e9nio, mais uma vez, tem uma ideia brilhante, juntar todos os esfor\u00e7os num novo super-her\u00f3i, e assim cria um comando para unir os ve\u00edculos da FAGAR, criando um Fagarbot que ir\u00e1 certamente derrotar o Lixurbano.<\/p>\n<p>Neste desafio ambiental, os Farrobinhas transportam-nos entre a fantasia e a realidade, despertando e valorizando a consci\u00eancia ambiental para a necessidade urgente de preserva\u00e7\u00e3o dos nossos ecossistemas, com especial enfoque na nossa Ria Formosa.[\/vc_column_text][vc_row_inner][vc_column_inner width=&#8221;1\/4&#8243;][vc_btn title=&#8221;IN\u00cdCIO&#8221; style=&#8221;outline-custom&#8221; outline_custom_color=&#8221;#000000&#8243; outline_custom_hover_background=&#8221;#000000&#8243; outline_custom_hover_text=&#8221;#ffffff&#8221; shape=&#8221;square&#8221; align=&#8221;center&#8221; button_block=&#8221;true&#8221; link=&#8221;url:https%3A%2F%2Ffarrobinhas.cm-faro.pt%2F|title:In%C3%ADcio||&#8221;][\/vc_column_inner][vc_column_inner width=&#8221;1\/4&#8243;][vc_btn title=&#8221;VER LIVRO&#8221; style=&#8221;outline-custom&#8221; outline_custom_color=&#8221;#000000&#8243; outline_custom_hover_background=&#8221;#000000&#8243; outline_custom_hover_text=&#8221;#ffffff&#8221; shape=&#8221;square&#8221; align=&#8221;center&#8221; button_block=&#8221;true&#8221; link=&#8221;url:https%3A%2F%2Ffarrobinhas.cm-faro.pt%2Fdesafio-virtual%2F%23livro|||&#8221;][\/vc_column_inner][vc_column_inner width=&#8221;1\/2&#8243;][vc_btn title=&#8221;DESCARREGAR LIVRO&#8221; style=&#8221;outline-custom&#8221; outline_custom_color=&#8221;#000000&#8243; outline_custom_hover_background=&#8221;#000000&#8243; outline_custom_hover_text=&#8221;#ffffff&#8221; shape=&#8221;square&#8221; align=&#8221;center&#8221; button_block=&#8221;true&#8221; link=&#8221;url:https%3A%2F%2Ffarrobinhas.cm-faro.pt%2Fwp-content%2Fuploads%2F2021%2F09%2F11_DesafioVirtual_VerLivro.pdf|||&#8221;][\/vc_column_inner][\/vc_row_inner][\/vc_column][\/vc_row][vc_row full_width=&#8221;stretch_row&#8221; el_id=&#8221;pc&#8221;][vc_column width=&#8221;1\/2&#8243; offset=&#8221;vc_hidden-lg vc_hidden-sm vc_hidden-xs&#8221;][vc_single_image image=&#8221;1372&#8243; img_size=&#8221;large&#8221;][\/vc_column][vc_column width=&#8221;1\/2&#8243; offset=&#8221;vc_hidden-lg vc_hidden-sm vc_hidden-xs&#8221;][vc_column_text css=&#8221;.vc_custom_1638569320664{margin-bottom: 0px !important;}&#8221;]No regresso \u00e0s aulas os Farrobinhas est\u00e3o super entusiasmados pelo reencontro com os colegas e professores. H\u00e1 imensas novidades para contar ap\u00f3s os longos meses de f\u00e9rias. Eug\u00e9nio, como sempre \u00e9 o mais entusiasmado, n\u00e3o fosse mais uma vez, ter uma nova inven\u00e7\u00e3o para mostrar.<\/p>\n<p>J\u00e1 na sala de aula Eug\u00e9nio desvenda a sua inven\u00e7\u00e3o. Desta vez criou um jogo super desafiante, com direito a uma hero\u00edna e um terr\u00edvel monstro para derrotar.<\/p>\n<p>Instala-se a euforia em torno do jogo de Eug\u00e9nio, e entre uma disputa pelo comando do jogo, a consola cai no ch\u00e3o e todos os presentes na sala entram dentro do jogo.<\/p>\n<p>Ohhhh\u2026 Nada a fazer, agora resta apenas aos Farrobinhas jogarem o jogo que Eug\u00e9nio criou e derrotarem a monstro \u2013 Lixurbano. Come\u00e7a assim mais uma nova aventura destes pequenos grandes her\u00f3is.[\/vc_column_text][\/vc_column][vc_column offset=&#8221;vc_hidden-lg vc_hidden-sm vc_hidden-xs&#8221;][vc_column_text css=&#8221;.vc_custom_1638569333414{margin-top: 0px !important;}&#8221;]J\u00e1 habituados a trabalhar em equipa os Farrobinhas juntam-se \u00e0 hero\u00edna Babel e para conseguirem ativar os robots que os ir\u00e3o ajudar na limpeza da cidade, encaminhando todos os res\u00edduos espalhados pelas ruas para a reciclagem. \u00c9 uma corrida contra o tempo, t\u00eam que apanhar todo o lixo antes do Lixurbano evitando que ele se torne cada vez maior e fa\u00e7a mais estragos pela cidade. Apesar dos seus esfor\u00e7os, o Lixurbano continua a crescer e os Farrobinhas t\u00eam que ativar mais refor\u00e7os atrav\u00e9s do site da FAGAR. \u00c9 ent\u00e3o que surgem os ve\u00edculos de repara\u00e7\u00e3o e limpeza da FAGAR. Eug\u00e9nio e Babel tentam distrair o Lixurbano antes que ele chegue \u00e0 Ria Formosa, mas a dada altura ficam encurralados\u2026 \u00c9 ent\u00e3o que o Eug\u00e9nio, mais uma vez, tem uma ideia brilhante, juntar todos os esfor\u00e7os num novo super-her\u00f3i, e assim cria um comando para unir os ve\u00edculos da FAGAR, criando um Fagarbot que ir\u00e1 certamente derrotar o Lixurbano.<\/p>\n<p>Neste desafio ambiental, os Farrobinhas transportam-nos entre a fantasia e a realidade, despertando e valorizando a consci\u00eancia ambiental para a necessidade urgente de preserva\u00e7\u00e3o dos nossos ecossistemas, com especial enfoque na nossa Ria Formosa.[\/vc_column_text][vc_row_inner][vc_column_inner width=&#8221;1\/4&#8243;][vc_btn title=&#8221;IN\u00cdCIO&#8221; style=&#8221;outline-custom&#8221; outline_custom_color=&#8221;#000000&#8243; outline_custom_hover_background=&#8221;#000000&#8243; outline_custom_hover_text=&#8221;#ffffff&#8221; shape=&#8221;square&#8221; align=&#8221;center&#8221; button_block=&#8221;true&#8221; link=&#8221;url:https%3A%2F%2Ffarrobinhas.cm-faro.pt%2F|title:In%C3%ADcio||&#8221;][\/vc_column_inner][vc_column_inner width=&#8221;1\/4&#8243;][vc_btn title=&#8221;VER LIVRO&#8221; style=&#8221;outline-custom&#8221; outline_custom_color=&#8221;#000000&#8243; outline_custom_hover_background=&#8221;#000000&#8243; outline_custom_hover_text=&#8221;#ffffff&#8221; shape=&#8221;square&#8221; align=&#8221;center&#8221; button_block=&#8221;true&#8221; link=&#8221;url:https%3A%2F%2Ffarrobinhas.cm-faro.pt%2Fdesafio-virtual%2F%23livro|||&#8221;][\/vc_column_inner][vc_column_inner width=&#8221;1\/2&#8243;][vc_btn title=&#8221;DESCARREGAR LIVRO&#8221; style=&#8221;outline-custom&#8221; outline_custom_color=&#8221;#000000&#8243; outline_custom_hover_background=&#8221;#000000&#8243; outline_custom_hover_text=&#8221;#ffffff&#8221; shape=&#8221;square&#8221; align=&#8221;center&#8221; button_block=&#8221;true&#8221; link=&#8221;url:https%3A%2F%2Ffarrobinhas.cm-faro.pt%2Fwp-content%2Fuploads%2F2021%2F09%2F11_DesafioVirtual_VerLivro.pdf|||&#8221;][\/vc_column_inner][\/vc_row_inner][\/vc_column][\/vc_row][vc_row full_width=&#8221;stretch_row&#8221; el_id=&#8221;tablet&#8221;][vc_column offset=&#8221;vc_hidden-lg vc_hidden-md vc_hidden-xs&#8221;][vc_row_inner][vc_column_inner width=&#8221;1\/6&#8243;][\/vc_column_inner][vc_column_inner width=&#8221;4\/6&#8243;][vc_single_image image=&#8221;1372&#8243; img_size=&#8221;large&#8221;][\/vc_column_inner][vc_column_inner width=&#8221;1\/6&#8243;][\/vc_column_inner][\/vc_row_inner][vc_column_text]No regresso \u00e0s aulas os Farrobinhas est\u00e3o super entusiasmados pelo reencontro com os colegas e professores. H\u00e1 imensas novidades para contar ap\u00f3s os longos meses de f\u00e9rias. Eug\u00e9nio, como sempre \u00e9 o mais entusiasmado, n\u00e3o fosse mais uma vez, ter uma nova inven\u00e7\u00e3o para mostrar.<\/p>\n<p>J\u00e1 na sala de aula Eug\u00e9nio desvenda a sua inven\u00e7\u00e3o. Desta vez criou um jogo super desafiante, com direito a uma hero\u00edna e um terr\u00edvel monstro para derrotar.<\/p>\n<p>Instala-se a euforia em torno do jogo de Eug\u00e9nio, e entre uma disputa pelo comando do jogo, a consola cai no ch\u00e3o e todos os presentes na sala entram dentro do jogo.<\/p>\n<p>Ohhhh\u2026 Nada a fazer, agora resta apenas aos Farrobinhas jogarem o jogo que Eug\u00e9nio criou e derrotarem a monstro \u2013 Lixurbano. Come\u00e7a assim mais uma nova aventura destes pequenos grandes her\u00f3is.<\/p>\n<p>J\u00e1 habituados a trabalhar em equipa os Farrobinhas juntam-se \u00e0 hero\u00edna Babel e para conseguirem ativar os robots que os ir\u00e3o ajudar na limpeza da cidade, encaminhando todos os res\u00edduos espalhados pelas ruas para a reciclagem. \u00c9 uma corrida contra o tempo, t\u00eam que apanhar todo o lixo antes do Lixurbano evitando que ele se torne cada vez maior e fa\u00e7a mais estragos pela cidade. Apesar dos seus esfor\u00e7os, o Lixurbano continua a crescer e os Farrobinhas t\u00eam que ativar mais refor\u00e7os atrav\u00e9s do site da FAGAR. \u00c9 ent\u00e3o que surgem os ve\u00edculos de repara\u00e7\u00e3o e limpeza da FAGAR. Eug\u00e9nio e Babel tentam distrair o Lixurbano antes que ele chegue \u00e0 Ria Formosa, mas a dada altura ficam encurralados\u2026 \u00c9 ent\u00e3o que o Eug\u00e9nio, mais uma vez, tem uma ideia brilhante, juntar todos os esfor\u00e7os num novo super-her\u00f3i, e assim cria um comando para unir os ve\u00edculos da FAGAR, criando um Fagarbot que ir\u00e1 certamente derrotar o Lixurbano.<\/p>\n<p>Neste desafio ambiental, os Farrobinhas transportam-nos entre a fantasia e a realidade, despertando e valorizando a consci\u00eancia ambiental para a necessidade urgente de preserva\u00e7\u00e3o dos nossos ecossistemas, com especial enfoque na nossa Ria Formosa.[\/vc_column_text][vc_row_inner][vc_column_inner width=&#8221;1\/4&#8243;][vc_btn title=&#8221;IN\u00cdCIO&#8221; style=&#8221;outline-custom&#8221; outline_custom_color=&#8221;#000000&#8243; outline_custom_hover_background=&#8221;#000000&#8243; outline_custom_hover_text=&#8221;#ffffff&#8221; shape=&#8221;square&#8221; align=&#8221;center&#8221; button_block=&#8221;true&#8221; link=&#8221;url:https%3A%2F%2Ffarrobinhas.cm-faro.pt%2F|title:In%C3%ADcio||&#8221;][\/vc_column_inner][vc_column_inner width=&#8221;1\/4&#8243;][vc_btn title=&#8221;VER LIVRO&#8221; style=&#8221;outline-custom&#8221; outline_custom_color=&#8221;#000000&#8243; outline_custom_hover_background=&#8221;#000000&#8243; outline_custom_hover_text=&#8221;#ffffff&#8221; shape=&#8221;square&#8221; align=&#8221;center&#8221; button_block=&#8221;true&#8221; link=&#8221;url:https%3A%2F%2Ffarrobinhas.cm-faro.pt%2Fdesafio-virtual%2F%23livro|||&#8221;][\/vc_column_inner][vc_column_inner width=&#8221;1\/2&#8243;][vc_btn title=&#8221;DESCARREGAR LIVRO&#8221; style=&#8221;outline-custom&#8221; outline_custom_color=&#8221;#000000&#8243; outline_custom_hover_background=&#8221;#000000&#8243; outline_custom_hover_text=&#8221;#ffffff&#8221; shape=&#8221;square&#8221; align=&#8221;center&#8221; button_block=&#8221;true&#8221; link=&#8221;url:https%3A%2F%2Ffarrobinhas.cm-faro.pt%2Fwp-content%2Fuploads%2F2021%2F09%2F11_DesafioVirtual_VerLivro.pdf|||&#8221;][\/vc_column_inner][\/vc_row_inner][\/vc_column][\/vc_row][vc_row full_width=&#8221;stretch_row&#8221;][vc_column][vc_empty_space height=&#8221;20px&#8221;][\/vc_column][\/vc_row][\/vc_section][vc_section el_id=&#8221;livro&#8221;][vc_row full_width=&#8221;stretch_row&#8221;][vc_column][vc_empty_space height=&#8221;40px&#8221;][vc_column_text]<div class=\"_df_book df-lite\" id=\"df_1265\"  _slug=\"desafio-virtual\" data-title=\"desafio-virtual\" wpoptions=\"true\" thumbtype=\"\" ><\/div><script class=\"df-shortcode-script\" nowprocket type=\"application\/javascript\">window.option_df_1265 = {\"outline\":[],\"backgroundColor\":\"#ffffff\",\"hard\":\"cover\",\"autoEnableOutline\":\"false\",\"autoEnableThumbnail\":\"false\",\"overwritePDFOutline\":\"false\",\"enableDownload\":\"false\",\"direction\":\"1\",\"pageSize\":\"0\",\"pageMode\":\"0\",\"controlsPosition\":\"hide\",\"soundEnable\":\"false\",\"autoPlay\":\"false\",\"autoPlayStart\":\"false\",\"source\":\"https:\\\/\\\/farrobinhas.cm-faro.pt\\\/wp-content\\\/uploads\\\/2021\\\/09\\\/11_DesafioVirtual_VerLivro.pdf\",\"wpOptions\":\"true\"}; if(window.DFLIP && window.DFLIP.parseBooks){window.DFLIP.parseBooks();}<\/script>[\/vc_column_text][\/vc_column][\/vc_row][\/vc_section][vc_section full_width=&#8221;stretch_row&#8221; disable_element=&#8221;yes&#8221; el_id=&#8221;aventuras&#8221;][vc_row][vc_column][vc_empty_space height=&#8221;40px&#8221;][vc_custom_heading text=&#8221;As Aventuras&#8221; font_container=&#8221;tag:h1|text_align:center&#8221; google_fonts=&#8221;font_family:Boogaloo%3Aregular|font_style:400%20regular%3A400%3Anormal&#8221;][\/vc_column][\/vc_row][vc_row][vc_column][vc_column_text][evc_image_gallery type=&#8221;carousel&#8221; image_behavior=&#8221;overlay&#8221; number_of_visible_items=&#8221;5&#8243; carousel_autoplay=&#8221;no&#8221; image_size=&#8221;large&#8221; custom_links=&#8221;https:\/\/farrobinhas.cm-faro.pt\/uma-aventura-de-natal\/, https:\/\/farrobinhas.cm-faro.pt\/uma-grande-caofusao\/, https:\/\/farrobinhas.cm-faro.pt\/os-segredos-da-aldeia-de-estoi\/, https:\/\/farrobinhas.cm-faro.pt\/o-enigma-do-gnomo\/, https:\/\/farrobinhas.cm-faro.pt\/a-descoberta-da-agua\/, https:\/\/farrobinhas.cm-faro.pt\/era-uma-vez-a-origem\/, https:\/\/farrobinhas.cm-faro.pt\/a-grande-missao\/, https:\/\/farrobinhas.cm-faro.pt\/campeoes-intergalaticos\/, https:\/\/farrobinhas.cm-faro.pt\/uma-aventura-em-casa\/, https:\/\/farrobinhas.cm-faro.pt\/perdidos-no-oeste\/, https:\/\/farrobinhas.cm-faro.pt\/desafio-virtual\/, https:\/\/farrobinhas.cm-faro.pt\/um-presente-especial\/, https:\/\/farrobinhas.cm-faro.pt\/ciclo-das-cascas\/, https:\/\/farrobinhas.cm-faro.pt\/zooniverso\/, https:\/\/farrobinhas.cm-faro.pt\/o-talisma-misterioso\/, https:\/\/farrobinhas.cm-faro.pt\/operacao-resgate-do-pai-natal&#8221; images=&#8221;925,926,927,928,929,930,931,932,987,1159,1372,1389,1459,1573,1640,1747&#8243;][vc_empty_space height=&#8221;30px&#8221;][\/vc_column_text][\/vc_column][\/vc_row][\/vc_section]<\/p>\n<\/div>","protected":false},"excerpt":{"rendered":"<p>[vc_section full_width=&#8221;stretch_row&#8221;][vc_row full_width=&#8221;stretch_row&#8221;][vc_column][vc_custom_heading text=&#8221;Desafio Virtual&#8221; font_container=&#8221;tag:h1|text_align:center&#8221; google_fonts=&#8221;font_family:Boogaloo%3Aregular|font_style:400%20regular%3A400%3Anormal&#8221;][vc_column_text css=&#8221;&#8221;] 2021 [\/vc_column_text][\/vc_column][\/vc_row][vc_row full_width=&#8221;stretch_row&#8221; el_id=&#8221;computer + mobile&#8221;][vc_column width=&#8221;1\/2&#8243; offset=&#8221;vc_hidden-md vc_hidden-sm&#8221;][vc_single_image image=&#8221;1372&#8243; img_size=&#8221;large&#8221;][\/vc_column][vc_column width=&#8221;1\/2&#8243; offset=&#8221;vc_hidden-md vc_hidden-sm&#8221;][vc_column_text]No regresso \u00e0s aulas os Farrobinhas est\u00e3o super entusiasmados pelo reencontro com os colegas e professores. H\u00e1 imensas novidades para contar ap\u00f3s os longos meses de f\u00e9rias. Eug\u00e9nio, como sempre \u00e9 o mais entusiasmado, n\u00e3o fosse mais uma vez, ter uma nova inven\u00e7\u00e3o para mostrar. J\u00e1 na sala de aula Eug\u00e9nio desvenda a sua inven\u00e7\u00e3o. Desta vez criou um jogo super desafiante, com direito a uma hero\u00edna e um terr\u00edvel monstro para derrotar. Instala-se a euforia em torno do jogo de Eug\u00e9nio, e entre uma disputa pelo comando do jogo, a consola cai no ch\u00e3o e todos os presentes na sala entram dentro do jogo. Ohhhh\u2026 Nada a fazer, agora resta apenas aos Farrobinhas jogarem o jogo que Eug\u00e9nio criou e derrotarem a monstro \u2013 Lixurbano. Come\u00e7a assim mais uma nova aventura destes pequenos grandes her\u00f3is. J\u00e1 habituados a trabalhar em equipa os Farrobinhas juntam-se \u00e0 hero\u00edna Babel e para conseguirem ativar os robots que os ir\u00e3o ajudar na limpeza da cidade, encaminhando todos os res\u00edduos espalhados pelas ruas para a reciclagem. \u00c9 uma corrida contra o tempo, t\u00eam&#8230;<\/p>\n","protected":false},"author":1,"featured_media":0,"parent":0,"menu_order":0,"comment_status":"closed","ping_status":"closed","template":"","meta":{"footnotes":""},"_links":{"self":[{"href":"https:\/\/farrobinhas.cm-faro.pt\/index.php\/wp-json\/wp\/v2\/pages\/1243"}],"collection":[{"href":"https:\/\/farrobinhas.cm-faro.pt\/index.php\/wp-json\/wp\/v2\/pages"}],"about":[{"href":"https:\/\/farrobinhas.cm-faro.pt\/index.php\/wp-json\/wp\/v2\/types\/page"}],"author":[{"embeddable":true,"href":"https:\/\/farrobinhas.cm-faro.pt\/index.php\/wp-json\/wp\/v2\/users\/1"}],"replies":[{"embeddable":true,"href":"https:\/\/farrobinhas.cm-faro.pt\/index.php\/wp-json\/wp\/v2\/comments?post=1243"}],"version-history":[{"count":26,"href":"https:\/\/farrobinhas.cm-faro.pt\/index.php\/wp-json\/wp\/v2\/pages\/1243\/revisions"}],"predecessor-version":[{"id":1938,"href":"https:\/\/farrobinhas.cm-faro.pt\/index.php\/wp-json\/wp\/v2\/pages\/1243\/revisions\/1938"}],"wp:attachment":[{"href":"https:\/\/farrobinhas.cm-faro.pt\/index.php\/wp-json\/wp\/v2\/media?parent=1243"}],"curies":[{"name":"wp","href":"https:\/\/api.w.org\/{rel}","templated":true}]}}